{"id":1015,"date":"2024-10-24T10:52:09","date_gmt":"2024-10-24T10:52:09","guid":{"rendered":"https:\/\/labubuveikals.lv\/?page_id=1015"},"modified":"2025-07-11T14:11:18","modified_gmt":"2025-07-11T14:11:18","slug":"uzsakymas","status":"publish","type":"page","link":"https:\/\/labubuveikals.lv\/lt\/uzsakymas\/","title":{"rendered":"U\u017esakymas"},"content":{"rendered":"\t\t<div data-elementor-type=\"wp-page\" data-elementor-id=\"1015\" class=\"elementor elementor-1015\" data-elementor-post-type=\"page\">\n\t\t\t\t<div class=\"e-con-top elementor-element elementor-element-2cf8296 e-con-full e-flex e-con e-parent\" data-id=\"2cf8296\" data-element_type=\"container\" data-settings=\"{&quot;background_background&quot;:&quot;classic&quot;}\">\n\t\t\t\t<div class=\"elementor-element elementor-element-17cc672 elementor-widget elementor-widget-reycore-breadcrumbs\" data-id=\"17cc672\" data-element_type=\"widget\" data-widget_type=\"reycore-breadcrumbs.default\">\n\t\t\t\t<div class=\"elementor-widget-container\">\n\t\t\t\t\t\n\t\t<div class=\"rey-element reyEl-breadcrumbs\">\n\n\t\t\t<nav class=\"rey-breadcrumbs\"><div class=\"rey-breadcrumbs-item\">Home<\/div><\/nav>\t\t<\/div>\n\t\t<!-- .reyEl-breadcrumbs -->\n\t\t\t\t\t\t<\/div>\n\t\t\t\t<\/div>\n\t\t\t\t<\/div>\n\t\t<div class=\"e-con-top elementor-element elementor-element-73afa6c e-con-full e-flex e-con e-parent\" data-id=\"73afa6c\" data-element_type=\"container\" data-settings=\"{&quot;background_background&quot;:&quot;classic&quot;}\">\n\t\t<div class=\"elementor-element elementor-element-0aadf9f e-con-full e-flex e-con e-child\" data-id=\"0aadf9f\" data-element_type=\"container\">\n\t\t\t\t<div class=\"elementor-element elementor-element-e3a067d reyEl-menu--vertical reyEl-menu--cols-1 elementor-widget elementor-widget-reycore-menu\" data-id=\"e3a067d\" data-element_type=\"widget\" data-widget_type=\"reycore-menu.default\">\n\t\t\t\t<div class=\"elementor-widget-container\">\n\t\t\t\t\t\n\t\t<div class=\"rey-element reyEl-menu --css-cols\">\n\t\t\t<div class=\"reyEl-menuTitle reyEl-menuTitle--\"><span>Pagalba<\/span><\/div><div class=\"reyEl-menu-navWrapper\"><ul id=\"menu-customer-service\" class=\"reyEl-menu-nav rey-navEl --menuHover-ulr\"><li id=\"menu-item-3449\" class=\"menu-item menu-item-type-post_type menu-item-object-page menu-item-3449 o-id-1097\"><a href=\"https:\/\/labubuveikals.lv\/lt\/klientu-aptarnavimas\/\"><span>Klient\u0173 aptarnavimas<\/span><\/a><\/li>\n<li id=\"menu-item-3453\" class=\"menu-item menu-item-type-post_type menu-item-object-page menu-item-3453 o-id-1047\"><a href=\"https:\/\/labubuveikals.lv\/lt\/pristatymas\/\"><span>Pristatymas<\/span><\/a><\/li>\n<li id=\"menu-item-3430\" class=\"menu-item menu-item-type-post_type menu-item-object-page menu-item-3430 o-id-1015\"><a href=\"https:\/\/labubuveikals.lv\/lt\/uzsakymas\/\"><span>U\u017esakymas<\/span><\/a><\/li>\n<li id=\"menu-item-3454\" class=\"menu-item menu-item-type-post_type menu-item-object-page menu-item-3454 o-id-1029\"><a href=\"https:\/\/labubuveikals.lv\/lt\/apmokejimas-33\/\"><span>Apmok\u0117jimas<\/span><\/a><\/li>\n<li id=\"menu-item-3451\" class=\"menu-item menu-item-type-post_type menu-item-object-page menu-item-3451 o-id-1065\"><a href=\"https:\/\/labubuveikals.lv\/lt\/grazinimas\/\"><span>Gr\u0105\u017einimas<\/span><\/a><\/li>\n<li id=\"menu-item-3450\" class=\"menu-item menu-item-type-post_type menu-item-object-page menu-item-3450 o-id-1070\"><a href=\"https:\/\/labubuveikals.lv\/lt\/kontaktai\/\"><span>Kontaktai<\/span><\/a><\/li>\n<\/ul><\/div>\t\t<\/div>\n\t\t\t\t\t\t<\/div>\n\t\t\t\t<\/div>\n\t\t\t\t<\/div>\n\t\t<div class=\"elementor-element elementor-element-7f76420 e-con-full e-flex e-con e-child\" data-id=\"7f76420\" data-element_type=\"container\">\n\t\t\t\t<div class=\"elementor-element elementor-element-261b386 elementor-widget elementor-widget-heading\" data-id=\"261b386\" data-element_type=\"widget\" data-widget_type=\"heading.default\">\n\t\t\t\t\t<h1 class=\"elementor-heading-title elementor-size-default\">U\u017esakymas<\/h1>\t\t\t\t<\/div>\n\t\t\t\t<div class=\"elementor-element elementor-element-337872d elementor-widget elementor-widget-text-editor\" data-id=\"337872d\" data-element_type=\"widget\" data-widget_type=\"text-editor.default\">\n\t\t\t\t\t\t\t\t\t<p><span style=\"font-weight: 400;\">Pagalba pateikiant u\u017esakym\u0105.<\/span><\/p>\t\t\t\t\t\t\t\t<\/div>\n\t\t\t\t<div class=\"elementor-element elementor-element-2fde6df elementor-widget elementor-widget-heading\" data-id=\"2fde6df\" data-element_type=\"widget\" data-widget_type=\"heading.default\">\n\t\t\t\t\t<div class=\"elementor-heading-title elementor-size-default\">Da\u017eniausiai u\u017eduodami klausimai<\/div>\t\t\t\t<\/div>\n\t\t\t\t<div class=\"elementor-element elementor-element-75c959f elementor-widget elementor-widget-text-editor\" data-id=\"75c959f\" data-element_type=\"widget\" data-widget_type=\"text-editor.default\">\n\t\t\t\t\t\t\t\t\t<ol><li>Raskite norim\u0105 prek\u0119.<\/li><li>\u012ed\u0117kite prek\u0119 \u012f pirkini\u0173 krep\u0161el\u012f paspaud\u0119 ant pirkini\u0173 krep\u0161elio migtuko.<\/li><li>Preki\u0173 krep\u0161elyje rasite specialius pasi\u016blymus, kuriuos gal\u0117site prid\u0117ti prie savo u\u017esakymo.<\/li><li>U\u017epild\u0119 pirkini\u0173 krep\u0161el\u012f spauskite \u201eApmok\u0117jimas\u201c.<br \/>Nurodykite, savo duomenys ir kur tur\u0117tume pristatyti u\u017esakym\u0105.<\/li><li>Pasirinkite \u201eVenipak ar kit\u0105\u201c pristatymo kurjer\u012f.<\/li><li>Pasirinkite pageidaujam\u0105 apmok\u0117jimo b\u016bd\u0105 ir spustel\u0117kite apmok\u0117ti.<\/li><li>Atlik\u0119 mok\u0117jim\u0105 Paysera mok\u0117jim\u0173 sistemoje, gr\u012f\u0161ite \u012f svetain\u0119.<\/li><li>Sveikiname \u012fsigijus pirkin\u012f!<\/li><\/ol>\t\t\t\t\t\t\t\t<\/div>\n\t\t\t\t<div class=\"elementor-element elementor-element-cc0088c elementor-widget elementor-widget-n-accordion\" data-id=\"cc0088c\" data-element_type=\"widget\" data-settings=\"{&quot;default_state&quot;:&quot;expanded&quot;,&quot;max_items_expended&quot;:&quot;one&quot;,&quot;n_accordion_animation_duration&quot;:{&quot;unit&quot;:&quot;ms&quot;,&quot;size&quot;:400,&quot;sizes&quot;:[]}}\" data-widget_type=\"nested-accordion.default\">\n\t\t\t\t\t\t\t<div class=\"e-n-accordion\" aria-label=\"Accordion. Open links with Enter or Space, close with Escape, and navigate with Arrow Keys\">\n\t\t\t\t\t\t<details id=\"e-n-accordion-item-2130\" class=\"e-n-accordion-item\" open>\n\t\t\t\t<summary class=\"e-n-accordion-item-title\" data-accordion-index=\"1\" tabindex=\"0\" aria-expanded=\"true\" aria-controls=\"e-n-accordion-item-2130\" >\n\t\t\t\t\t<span class='e-n-accordion-item-title-header'><div class=\"e-n-accordion-item-title-text\"> Ar man reikalinga prek\u0117 yra sand\u0117lyje? <\/div><\/span>\n\t\t\t\t\t\t\t<span class='e-n-accordion-item-title-icon'>\n\t\t\t<span class='e-opened' ><i aria-hidden=\"true\" class=\"fas fa-minus\"><\/i><\/span>\n\t\t\t<span class='e-closed'><i aria-hidden=\"true\" class=\"fas fa-plus\"><\/i><\/span>\n\t\t<\/span>\n\n\t\t\t\t\t\t<\/summary>\n\t\t\t\t<div role=\"region region\" aria-labelledby=\"e-n-accordion-item-2130 e-n-accordion-item-2130\" class=\"e-con-top elementor-element elementor-element-73d4c47 e-con-full e-flex e-con e-child\" data-id=\"73d4c47\" data-element_type=\"container\">\n\t\t<div role=\"region region\" aria-labelledby=\"e-n-accordion-item-2130 e-n-accordion-item-2130\" class=\"elementor-element elementor-element-968cc11 e-flex e-con-boxed e-con e-child\" data-id=\"968cc11\" data-element_type=\"container\">\n\t\t\t\t\t<div class=\"e-con-inner\">\n\t\t\t\t<div class=\"elementor-element elementor-element-b585876 elementor-widget elementor-widget-text-editor\" data-id=\"b585876\" data-element_type=\"widget\" data-widget_type=\"text-editor.default\">\n\t\t\t\t\t\t\t\t\t<p>Paspaud\u0119 ant norimo produkto gal\u0117site matyti, ar prek\u0117 yra sand\u0117lyje. Jei taip \u2013 j\u0105 gal\u0117site prid\u0117ti \u012f krep\u0161el\u012f ir t\u0119sti atsiskaitym\u0105.<\/p>\t\t\t\t\t\t\t\t<\/div>\n\t\t\t\t\t<\/div>\n\t\t\t\t<\/div>\n\t\t\t\t<\/div>\n\t\t\t\t\t<\/details>\n\t\t\t\t\t\t<details id=\"e-n-accordion-item-2131\" class=\"e-n-accordion-item\" >\n\t\t\t\t<summary class=\"e-n-accordion-item-title\" data-accordion-index=\"2\" tabindex=\"-1\" aria-expanded=\"false\" aria-controls=\"e-n-accordion-item-2131\" >\n\t\t\t\t\t<span class='e-n-accordion-item-title-header'><div class=\"e-n-accordion-item-title-text\"> Ar galiu pakeisti arba at\u0161aukti savo u\u017esakym\u0105? <\/div><\/span>\n\t\t\t\t\t\t\t<span class='e-n-accordion-item-title-icon'>\n\t\t\t<span class='e-opened' ><i aria-hidden=\"true\" class=\"fas fa-minus\"><\/i><\/span>\n\t\t\t<span class='e-closed'><i aria-hidden=\"true\" class=\"fas fa-plus\"><\/i><\/span>\n\t\t<\/span>\n\n\t\t\t\t\t\t<\/summary>\n\t\t\t\t<div role=\"region region\" aria-labelledby=\"e-n-accordion-item-2131 e-n-accordion-item-2131\" class=\"e-con-top elementor-element elementor-element-3117e60 e-con-full e-flex e-con e-child\" data-id=\"3117e60\" data-element_type=\"container\">\n\t\t<div role=\"region region\" aria-labelledby=\"e-n-accordion-item-2131 e-n-accordion-item-2131\" class=\"elementor-element elementor-element-991111f e-flex e-con-boxed e-con e-child\" data-id=\"991111f\" data-element_type=\"container\">\n\t\t\t\t\t<div class=\"e-con-inner\">\n\t\t\t\t<div class=\"elementor-element elementor-element-ad7ab00 elementor-widget elementor-widget-text-editor\" data-id=\"ad7ab00\" data-element_type=\"widget\" data-widget_type=\"text-editor.default\">\n\t\t\t\t\t\t\t\t\t<p>Taip, galite pakeisti arba at\u0161aukti u\u017esakym\u0105, kol jis dar nebuvo i\u0161si\u0173stas. Susisiekite su m\u016bs\u0173 specialistais ir pateikite pra\u0161ym\u0105 d\u0117l u\u017esakymo keitimo arba at\u0161aukimo.<\/p>\t\t\t\t\t\t\t\t<\/div>\n\t\t\t\t\t<\/div>\n\t\t\t\t<\/div>\n\t\t\t\t<\/div>\n\t\t\t\t\t<\/details>\n\t\t\t\t\t\t<details id=\"e-n-accordion-item-2132\" class=\"e-n-accordion-item\" >\n\t\t\t\t<summary class=\"e-n-accordion-item-title\" data-accordion-index=\"3\" tabindex=\"-1\" aria-expanded=\"false\" aria-controls=\"e-n-accordion-item-2132\" >\n\t\t\t\t\t<span class='e-n-accordion-item-title-header'><div class=\"e-n-accordion-item-title-text\"> K\u0105 daryti, jei u\u017esakyme tr\u016bksta preki\u0173? <\/div><\/span>\n\t\t\t\t\t\t\t<span class='e-n-accordion-item-title-icon'>\n\t\t\t<span class='e-opened' ><i aria-hidden=\"true\" class=\"fas fa-minus\"><\/i><\/span>\n\t\t\t<span class='e-closed'><i aria-hidden=\"true\" class=\"fas fa-plus\"><\/i><\/span>\n\t\t<\/span>\n\n\t\t\t\t\t\t<\/summary>\n\t\t\t\t<div role=\"region region\" aria-labelledby=\"e-n-accordion-item-2132 e-n-accordion-item-2132\" class=\"e-con-top elementor-element elementor-element-14603cf e-con-full e-flex e-con e-child\" data-id=\"14603cf\" data-element_type=\"container\">\n\t\t<div role=\"region region\" aria-labelledby=\"e-n-accordion-item-2132 e-n-accordion-item-2132\" class=\"elementor-element elementor-element-457bbfd e-flex e-con-boxed e-con e-child\" data-id=\"457bbfd\" data-element_type=\"container\">\n\t\t\t\t\t<div class=\"e-con-inner\">\n\t\t\t\t<div class=\"elementor-element elementor-element-bbb801d elementor-widget elementor-widget-text-editor\" data-id=\"bbb801d\" data-element_type=\"widget\" data-widget_type=\"text-editor.default\">\n\t\t\t\t\t\t\t\t\t<p>Jei J\u016bs\u0173 u\u017esakyme tr\u016bksta preki\u0173, pra\u0161ome susisiekti su m\u016bs\u0173 klient\u0173 aptarnavimo centru. M\u016bs\u0173 specialistai pad\u0117s kuo grei\u010diau i\u0161spr\u0119sti problem\u0105. B\u016btinai nufotografuokite u\u017esakym\u0105 ir atsi\u0173skite nuotraukas mums.<\/p>\t\t\t\t\t\t\t\t<\/div>\n\t\t\t\t\t<\/div>\n\t\t\t\t<\/div>\n\t\t\t\t<\/div>\n\t\t\t\t\t<\/details>\n\t\t\t\t\t<\/div>\n\t\t\t\t\t\t<\/div>\n\t\t\t\t<div class=\"elementor-element elementor-element-c4b0a08 elementor-widget elementor-widget-spacer\" data-id=\"c4b0a08\" data-element_type=\"widget\" data-widget_type=\"spacer.default\">\n\t\t\t\t\t\t\t<div class=\"elementor-spacer\">\n\t\t\t<div class=\"elementor-spacer-inner\"><\/div>\n\t\t<\/div>\n\t\t\t\t\t\t<\/div>\n\t\t\t\t<\/div>\n\t\t\t\t<\/div>\n\t\t<div class=\"e-con-top elementor-element elementor-element-df25bfc e-flex e-con-boxed e-con e-parent\" data-id=\"df25bfc\" data-element_type=\"container\" data-settings=\"{&quot;background_background&quot;:&quot;classic&quot;}\">\n\t\t\t\t\t<div class=\"e-con-inner\">\n\t\t\t\t<div class=\"elementor-element elementor-element-2069288 elementor-widget elementor-widget-reycore-global-section\" data-id=\"2069288\" data-element_type=\"widget\" data-widget_type=\"reycore-global-section.default\">\n\t\t\t\t<div class=\"elementor-widget-container\">\n\t\t\t\t\t\t\t<div class=\"rey-element reyEl-gs\">\n\t\t\t\t\t<div data-elementor-type=\"wp-post\" data-elementor-id=\"1036\" class=\"elementor elementor-1036\" data-elementor-post-type=\"rey-global-sections\" data-elementor-gstype=\"generic\" data-page-el-selector=\"body.elementor-page-1036\" data-disable-padding=\"\">\n\t\t\t\t<div class=\"e-con-top elementor-element elementor-element-4f19e7d e-flex e-con-boxed e-con e-parent\" data-id=\"4f19e7d\" data-element_type=\"container\">\n\t\t\t\t\t<div class=\"e-con-inner\">\n\t\t\t\t<div class=\"elementor-element elementor-element-6701e89 elementor-widget elementor-widget-heading\" data-id=\"6701e89\" data-element_type=\"widget\" data-widget_type=\"heading.default\">\n\t\t\t\t\t<div class=\"elementor-heading-title elementor-size-default\">Kontaktai\n\n\n\n\n\n\n\n\n<\/div>\t\t\t\t<\/div>\n\t\t\t\t<div class=\"elementor-element elementor-element-d58e778 elementor-widget elementor-widget-text-editor\" data-id=\"d58e778\" data-element_type=\"widget\" data-widget_type=\"text-editor.default\">\n\t\t\t\t\t\t\t\t\t<p>M\u016bs\u0173 klient\u0173 aptarnavimas dirba darbo dienomis nuo <strong>8:00<\/strong> iki <strong>17:00<\/strong> val<\/p>\t\t\t\t\t\t\t\t<\/div>\n\t\t\t\t\t<\/div>\n\t\t\t\t<\/div>\n\t\t<div class=\"e-con-top elementor-element elementor-element-466203a e-grid e-con-full e-con e-child\" data-id=\"466203a\" data-element_type=\"container\">\n\t\t\t\t<div class=\"elementor-element elementor-element-76d8e7d dce_masking-none elementor-position-top elementor-widget elementor-widget-image-box\" data-id=\"76d8e7d\" data-element_type=\"widget\" data-widget_type=\"image-box.default\">\n\t\t\t\t\t<div class=\"elementor-image-box-wrapper\"><figure class=\"elementor-image-box-img\"><a href=\"http:\/\/m.me\/61578023804817\" tabindex=\"-1\"><img decoding=\"async\" width=\"150\" height=\"150\" src=\"https:\/\/labubuveikals.lv\/wp-content\/uploads\/2024\/10\/messanger-150x150.webp\" class=\"attachment-thumbnail size-thumbnail wp-image-5220\" alt=\"\" srcset=\"https:\/\/labubuveikals.lv\/wp-content\/uploads\/2024\/10\/messanger-150x150.webp 150w, https:\/\/labubuveikals.lv\/wp-content\/uploads\/2024\/10\/messanger-100x100.webp 100w, https:\/\/labubuveikals.lv\/wp-content\/uploads\/2024\/10\/messanger.webp 205w\" sizes=\"(max-width: 150px) 100vw, 150px\" \/><\/a><\/figure><div class=\"elementor-image-box-content\"><h6 class=\"elementor-image-box-title\"><a href=\"http:\/\/m.me\/61578023804817\">Messenger<\/a><\/h6><p class=\"elementor-image-box-description\">(09:00 - 17:00)<\/p><\/div><\/div>\t\t\t\t<\/div>\n\t\t\t\t<div class=\"elementor-element elementor-element-fd025f9 dce_masking-none elementor-position-top elementor-widget elementor-widget-image-box\" data-id=\"fd025f9\" data-element_type=\"widget\" data-widget_type=\"image-box.default\">\n\t\t\t\t\t<div class=\"elementor-image-box-wrapper\"><figure class=\"elementor-image-box-img\"><a href=\"http:\/\/wa.me\/37064208510\" tabindex=\"-1\"><img decoding=\"async\" width=\"150\" height=\"150\" src=\"https:\/\/labubuveikals.lv\/wp-content\/uploads\/2024\/10\/whatsapp-150x150.webp\" class=\"attachment-thumbnail size-thumbnail wp-image-5221\" alt=\"\" srcset=\"https:\/\/labubuveikals.lv\/wp-content\/uploads\/2024\/10\/whatsapp-150x150.webp 150w, https:\/\/labubuveikals.lv\/wp-content\/uploads\/2024\/10\/whatsapp-100x100.webp 100w, https:\/\/labubuveikals.lv\/wp-content\/uploads\/2024\/10\/whatsapp.webp 205w\" sizes=\"(max-width: 150px) 100vw, 150px\" \/><\/a><\/figure><div class=\"elementor-image-box-content\"><h6 class=\"elementor-image-box-title\"><a href=\"http:\/\/wa.me\/37064208510\">Whatsapp<\/a><\/h6><p class=\"elementor-image-box-description\">(09:00 - 17:00)<\/p><\/div><\/div>\t\t\t\t<\/div>\n\t\t\t\t<div class=\"elementor-element elementor-element-0fe719f dce_masking-none elementor-position-top elementor-widget elementor-widget-image-box\" data-id=\"0fe719f\" data-element_type=\"widget\" data-widget_type=\"image-box.default\">\n\t\t\t\t\t<div class=\"elementor-image-box-wrapper\"><figure class=\"elementor-image-box-img\"><a href=\"mailto:info@labubuveikals.lv\" tabindex=\"-1\"><img decoding=\"async\" width=\"150\" height=\"150\" src=\"https:\/\/labubuveikals.lv\/wp-content\/uploads\/2024\/10\/email-150x150.webp\" class=\"attachment-thumbnail size-thumbnail wp-image-5222\" alt=\"\" srcset=\"https:\/\/labubuveikals.lv\/wp-content\/uploads\/2024\/10\/email-150x150.webp 150w, https:\/\/labubuveikals.lv\/wp-content\/uploads\/2024\/10\/email-100x100.webp 100w, https:\/\/labubuveikals.lv\/wp-content\/uploads\/2024\/10\/email.webp 205w\" sizes=\"(max-width: 150px) 100vw, 150px\" \/><\/a><\/figure><div class=\"elementor-image-box-content\"><h6 class=\"elementor-image-box-title\"><a href=\"mailto:info@labubuveikals.lv\">info@labubuveikals.lv<\/a><\/h6><p class=\"elementor-image-box-description\">(09:00 - 17:00)<\/p><\/div><\/div>\t\t\t\t<\/div>\n\t\t\t\t<\/div>\n\t\t\t\t<\/div>\n\t\t\t\t<\/div>\n\t\t<!-- .reyEl-gs -->\n\t\t\t\t\t\t<\/div>\n\t\t\t\t<\/div>\n\t\t\t\t\t<\/div>\n\t\t\t\t<\/div>\n\t\t\t\t<\/div>\n\t\t","protected":false},"excerpt":{"rendered":"<p>Home Pagalba Klient\u0173 aptarnavimas Pristatymas U\u017esakymas Apmok\u0117jimas Gr\u0105\u017einimas Kontaktai U\u017esakymas Pagalba pateikiant u\u017esakym\u0105. Da\u017eniausiai u\u017eduodami klausimai Raskite norim\u0105 prek\u0119. \u012ed\u0117kite prek\u0119 \u012f pirkini\u0173 krep\u0161el\u012f paspaud\u0119 ant pirkini\u0173 krep\u0161elio migtuko. Preki\u0173 krep\u0161elyje rasite specialius pasi\u016blymus, kuriuos gal\u0117site prid\u0117ti prie savo u\u017esakymo. U\u017epild\u0119 pirkini\u0173 krep\u0161el\u012f spauskite \u201eApmok\u0117jimas\u201c.Nurodykite, savo duomenys ir kur tur\u0117tume pristatyti u\u017esakym\u0105. Pasirinkite \u201eVenipak ar [&hellip;]<\/p>\n","protected":false},"author":1,"featured_media":0,"parent":0,"menu_order":0,"comment_status":"closed","ping_status":"closed","template":"elementor_theme","meta":{"_acf_changed":false,"footnotes":""},"class_list":["post-1015","page","type-page","status-publish","hentry"],"acf":[],"_links":{"self":[{"href":"https:\/\/labubuveikals.lv\/lt\/wp-json\/wp\/v2\/pages\/1015","targetHints":{"allow":["GET"]}}],"collection":[{"href":"https:\/\/labubuveikals.lv\/lt\/wp-json\/wp\/v2\/pages"}],"about":[{"href":"https:\/\/labubuveikals.lv\/lt\/wp-json\/wp\/v2\/types\/page"}],"author":[{"embeddable":true,"href":"https:\/\/labubuveikals.lv\/lt\/wp-json\/wp\/v2\/users\/1"}],"replies":[{"embeddable":true,"href":"https:\/\/labubuveikals.lv\/lt\/wp-json\/wp\/v2\/comments?post=1015"}],"version-history":[{"count":0,"href":"https:\/\/labubuveikals.lv\/lt\/wp-json\/wp\/v2\/pages\/1015\/revisions"}],"wp:attachment":[{"href":"https:\/\/labubuveikals.lv\/lt\/wp-json\/wp\/v2\/media?parent=1015"}],"curies":[{"name":"wp","href":"https:\/\/api.w.org\/{rel}","templated":true}]}}