{"id":1070,"date":"2024-10-24T13:20:06","date_gmt":"2024-10-24T13:20:06","guid":{"rendered":"https:\/\/labubuveikals.lv\/?page_id=1070"},"modified":"2025-07-25T11:43:34","modified_gmt":"2025-07-25T11:43:34","slug":"kontaktai","status":"publish","type":"page","link":"https:\/\/labubuveikals.lv\/lt\/kontaktai\/","title":{"rendered":"Kontaktai"},"content":{"rendered":"\t\t<div data-elementor-type=\"wp-page\" data-elementor-id=\"1070\" class=\"elementor elementor-1070\" data-elementor-post-type=\"page\">\n\t\t\t\t<div class=\"e-con-top elementor-element elementor-element-bc4f497 e-con-full e-flex e-con e-parent\" data-id=\"bc4f497\" data-element_type=\"container\" data-settings=\"{&quot;background_background&quot;:&quot;classic&quot;}\">\n\t\t\t\t<div class=\"elementor-element elementor-element-63176cc elementor-widget elementor-widget-reycore-breadcrumbs\" data-id=\"63176cc\" data-element_type=\"widget\" data-widget_type=\"reycore-breadcrumbs.default\">\n\t\t\t\t<div class=\"elementor-widget-container\">\n\t\t\t\t\t\n\t\t<div class=\"rey-element reyEl-breadcrumbs\">\n\n\t\t\t<nav class=\"rey-breadcrumbs\"><div class=\"rey-breadcrumbs-item\">Home<\/div><\/nav>\t\t<\/div>\n\t\t<!-- .reyEl-breadcrumbs -->\n\t\t\t\t\t\t<\/div>\n\t\t\t\t<\/div>\n\t\t\t\t<\/div>\n\t\t<div class=\"e-con-top elementor-element elementor-element-65e5edc e-con-full e-flex e-con e-parent\" data-id=\"65e5edc\" data-element_type=\"container\" data-settings=\"{&quot;background_background&quot;:&quot;classic&quot;}\">\n\t\t<div class=\"elementor-element elementor-element-5266d70 e-con-full e-flex e-con e-child\" data-id=\"5266d70\" data-element_type=\"container\">\n\t\t\t\t<div class=\"elementor-element elementor-element-d74dad5 elementor-widget elementor-widget-heading\" data-id=\"d74dad5\" data-element_type=\"widget\" data-widget_type=\"heading.default\">\n\t\t\t\t\t<h1 class=\"elementor-heading-title elementor-size-default\">Susisiekite su mumis<\/h1>\t\t\t\t<\/div>\n\t\t\t\t<div class=\"elementor-element elementor-element-35c8876 elementor-widget elementor-widget-text-editor\" data-id=\"35c8876\" data-element_type=\"widget\" data-widget_type=\"text-editor.default\">\n\t\t\t\t\t\t\t\t\t<p>Mes pasiruo\u0161\u0119 jums pad\u0117ti!\u00a0<\/p>\t\t\t\t\t\t\t\t<\/div>\n\t\t<div class=\"elementor-element elementor-element-4dc60d5 e-grid e-con-full e-con e-child\" data-id=\"4dc60d5\" data-element_type=\"container\">\n\t\t\t\t<div class=\"elementor-element elementor-element-59df16d dce_masking-none elementor-position-top elementor-widget elementor-widget-image-box\" data-id=\"59df16d\" data-element_type=\"widget\" data-widget_type=\"image-box.default\">\n\t\t\t\t\t<div class=\"elementor-image-box-wrapper\"><figure class=\"elementor-image-box-img\"><a href=\"https:\/\/labubuveikals.lv\/klientu-aptarnavimas\/\" tabindex=\"-1\"><img decoding=\"async\" src=\"https:\/\/labubuveikals.lv\/wp-content\/uploads\/elementor\/thumbs\/pagalba-monstriukas1-r8qtxlh9jm3q7b99spqhf6zlv1kduxgonjfkvxoc9c.png\" title=\"pagalba-monstriukas1\" alt=\"pagalba monstriukas1\" loading=\"lazy\" \/><\/a><\/figure><div class=\"elementor-image-box-content\"><h6 class=\"elementor-image-box-title\"><a href=\"https:\/\/labubuveikals.lv\/klientu-aptarnavimas\/\">Pagalba<\/a><\/h6><\/div><\/div>\t\t\t\t<\/div>\n\t\t\t\t<div class=\"elementor-element elementor-element-8d3561e dce_masking-none elementor-position-top elementor-widget elementor-widget-image-box\" data-id=\"8d3561e\" data-element_type=\"widget\" data-widget_type=\"image-box.default\">\n\t\t\t\t\t<div class=\"elementor-image-box-wrapper\"><figure class=\"elementor-image-box-img\"><a href=\"https:\/\/labubuveikals.lv\/apmokejimas\/\" tabindex=\"-1\"><img decoding=\"async\" src=\"https:\/\/labubuveikals.lv\/wp-content\/uploads\/elementor\/thumbs\/apmokejimas-monstriukas-r8qu3ohns0fjcgf59uek25q09tkwoem55nfppenlzk.png\" title=\"apmokejimas-monstriukas\" alt=\"apmokejimas monstriukas\" loading=\"lazy\" \/><\/a><\/figure><div class=\"elementor-image-box-content\"><h6 class=\"elementor-image-box-title\"><a href=\"https:\/\/labubuveikals.lv\/apmokejimas\/\">Apmok\u0117jimas<\/a><\/h6><\/div><\/div>\t\t\t\t<\/div>\n\t\t\t\t<div class=\"elementor-element elementor-element-d8f2409 dce_masking-none elementor-position-top elementor-widget elementor-widget-image-box\" data-id=\"d8f2409\" data-element_type=\"widget\" data-widget_type=\"image-box.default\">\n\t\t\t\t\t<div class=\"elementor-image-box-wrapper\"><figure class=\"elementor-image-box-img\"><a href=\"https:\/\/labubuveikals.lv\/pristatymas\/\" tabindex=\"-1\"><img decoding=\"async\" src=\"https:\/\/labubuveikals.lv\/wp-content\/uploads\/elementor\/thumbs\/pristatymas-monstriukas-r8qu8tnv6dh0vmy68kg27cztaq87ss19j3yd8x11xs.png\" title=\"pristatymas-monstriukas\" alt=\"pristatymas monstriukas\" loading=\"lazy\" \/><\/a><\/figure><div class=\"elementor-image-box-content\"><h6 class=\"elementor-image-box-title\"><a href=\"https:\/\/labubuveikals.lv\/pristatymas\/\">Pristatymas<\/a><\/h6><\/div><\/div>\t\t\t\t<\/div>\n\t\t\t\t<div class=\"elementor-element elementor-element-04c97fa dce_masking-none elementor-position-top elementor-widget elementor-widget-image-box\" data-id=\"04c97fa\" data-element_type=\"widget\" data-widget_type=\"image-box.default\">\n\t\t\t\t\t<div class=\"elementor-image-box-wrapper\"><figure class=\"elementor-image-box-img\"><a href=\"https:\/\/labubuveikals.lv\/grazinimas\/\" tabindex=\"-1\"><img decoding=\"async\" src=\"https:\/\/labubuveikals.lv\/wp-content\/uploads\/elementor\/thumbs\/grazinimas-monstriukas-r8qugi0eznzbozsrevwdkf9by0e4nsicl3r4c9nb4g.png\" title=\"grazinimas-monstriukas\" alt=\"grazinimas monstriukas\" loading=\"lazy\" \/><\/a><\/figure><div class=\"elementor-image-box-content\"><h6 class=\"elementor-image-box-title\"><a href=\"https:\/\/labubuveikals.lv\/grazinimas\/\">Gr\u0105\u017einimas<\/a><\/h6><\/div><\/div>\t\t\t\t<\/div>\n\t\t\t\t<\/div>\n\t\t\t\t<div class=\"elementor-element elementor-element-6507150 elementor-widget elementor-widget-heading\" data-id=\"6507150\" data-element_type=\"widget\" data-widget_type=\"heading.default\">\n\t\t\t\t\t<div class=\"elementor-heading-title elementor-size-default\">Da\u017eniausiai u\u017eduodami klausimai<\/div>\t\t\t\t<\/div>\n\t\t<div class=\"elementor-element elementor-element-bcf8d96 e-con-full e-flex e-con e-child\" data-id=\"bcf8d96\" data-element_type=\"container\" data-settings=\"{&quot;background_background&quot;:&quot;classic&quot;}\">\n\t\t\t\t<div class=\"elementor-element elementor-element-f60d6d4 elementor-widget elementor-widget-n-accordion\" data-id=\"f60d6d4\" data-element_type=\"widget\" data-settings=\"{&quot;default_state&quot;:&quot;all_collapsed&quot;,&quot;max_items_expended&quot;:&quot;one&quot;,&quot;n_accordion_animation_duration&quot;:{&quot;unit&quot;:&quot;ms&quot;,&quot;size&quot;:400,&quot;sizes&quot;:[]}}\" data-widget_type=\"nested-accordion.default\">\n\t\t\t\t\t\t\t<div class=\"e-n-accordion\" aria-label=\"Accordion. Open links with Enter or Space, close with Escape, and navigate with Arrow Keys\">\n\t\t\t\t\t\t<details id=\"e-n-accordion-item-2580\" class=\"e-n-accordion-item\" >\n\t\t\t\t<summary class=\"e-n-accordion-item-title\" data-accordion-index=\"1\" tabindex=\"0\" aria-expanded=\"false\" aria-controls=\"e-n-accordion-item-2580\" >\n\t\t\t\t\t<span class='e-n-accordion-item-title-header'><div class=\"e-n-accordion-item-title-text\"> Kada bus pristatytas mano u\u017esakymas? <\/div><\/span>\n\t\t\t\t\t\t\t<span class='e-n-accordion-item-title-icon'>\n\t\t\t<span class='e-opened' ><i aria-hidden=\"true\" class=\"fas fa-minus\"><\/i><\/span>\n\t\t\t<span class='e-closed'><i aria-hidden=\"true\" class=\"fas fa-plus\"><\/i><\/span>\n\t\t<\/span>\n\n\t\t\t\t\t\t<\/summary>\n\t\t\t\t<div role=\"region region\" aria-labelledby=\"e-n-accordion-item-2580 e-n-accordion-item-2580\" class=\"e-con-top elementor-element elementor-element-6d53fbf e-con-full e-flex e-con e-child\" data-id=\"6d53fbf\" data-element_type=\"container\">\n\t\t<div role=\"region region\" aria-labelledby=\"e-n-accordion-item-2580 e-n-accordion-item-2580\" class=\"elementor-element elementor-element-aa43786 e-flex e-con-boxed e-con e-child\" data-id=\"aa43786\" data-element_type=\"container\">\n\t\t\t\t\t<div class=\"e-con-inner\">\n\t\t\t\t<div class=\"elementor-element elementor-element-62cba94 elementor-widget elementor-widget-text-editor\" data-id=\"62cba94\" data-element_type=\"widget\" data-widget_type=\"text-editor.default\">\n\t\t\t\t\t\t\t\t\t<p>J\u016bs\u0173 u\u017esakymas bus pristatytas per 2\u20135 darbo dienas per \u201eVenipak arba LP express\u201c kurjeri\u0173 tarnyb\u0105. Da\u017eniausiai pristatymas vykdomas darbo valandomis.<\/p>\t\t\t\t\t\t\t\t<\/div>\n\t\t\t\t\t<\/div>\n\t\t\t\t<\/div>\n\t\t\t\t<\/div>\n\t\t\t\t\t<\/details>\n\t\t\t\t\t\t<details id=\"e-n-accordion-item-2581\" class=\"e-n-accordion-item\" >\n\t\t\t\t<summary class=\"e-n-accordion-item-title\" data-accordion-index=\"2\" tabindex=\"-1\" aria-expanded=\"false\" aria-controls=\"e-n-accordion-item-2581\" >\n\t\t\t\t\t<span class='e-n-accordion-item-title-header'><div class=\"e-n-accordion-item-title-text\"> Kaip susikurti paskyr\u0105? <\/div><\/span>\n\t\t\t\t\t\t\t<span class='e-n-accordion-item-title-icon'>\n\t\t\t<span class='e-opened' ><i aria-hidden=\"true\" class=\"fas fa-minus\"><\/i><\/span>\n\t\t\t<span class='e-closed'><i aria-hidden=\"true\" class=\"fas fa-plus\"><\/i><\/span>\n\t\t<\/span>\n\n\t\t\t\t\t\t<\/summary>\n\t\t\t\t<div role=\"region region\" aria-labelledby=\"e-n-accordion-item-2581 e-n-accordion-item-2581\" class=\"e-con-top elementor-element elementor-element-4244f71 e-con-full e-flex e-con e-child\" data-id=\"4244f71\" data-element_type=\"container\">\n\t\t<div role=\"region region\" aria-labelledby=\"e-n-accordion-item-2581 e-n-accordion-item-2581\" class=\"elementor-element elementor-element-fdced9b e-flex e-con-boxed e-con e-child\" data-id=\"fdced9b\" data-element_type=\"container\">\n\t\t\t\t\t<div class=\"e-con-inner\">\n\t\t\t\t<div class=\"elementor-element elementor-element-cd2feae elementor-widget elementor-widget-text-editor\" data-id=\"cd2feae\" data-element_type=\"widget\" data-widget_type=\"text-editor.default\">\n\t\t\t\t\t\t\t\t\t<p>Jei norite susikurti paskyr\u0105, eikite \u012f puslapio vir\u0161uje de\u0161in\u0117je esant\u012f skyri\u0173 \u201ePrisijungti\u201c ir spustel\u0117kite \u201eSukurti paskyr\u0105\u201c. Tuomet u\u017epildykite reikiam\u0105 informacij\u0105 ir paspauskite \u201eSukurti paskyr\u0105<\/p>\t\t\t\t\t\t\t\t<\/div>\n\t\t\t\t\t<\/div>\n\t\t\t\t<\/div>\n\t\t\t\t<\/div>\n\t\t\t\t\t<\/details>\n\t\t\t\t\t\t<details id=\"e-n-accordion-item-2582\" class=\"e-n-accordion-item\" >\n\t\t\t\t<summary class=\"e-n-accordion-item-title\" data-accordion-index=\"3\" tabindex=\"-1\" aria-expanded=\"false\" aria-controls=\"e-n-accordion-item-2582\" >\n\t\t\t\t\t<span class='e-n-accordion-item-title-header'><div class=\"e-n-accordion-item-title-text\"> \u012emon\u0117s rekvizitai <\/div><\/span>\n\t\t\t\t\t\t\t<span class='e-n-accordion-item-title-icon'>\n\t\t\t<span class='e-opened' ><i aria-hidden=\"true\" class=\"fas fa-minus\"><\/i><\/span>\n\t\t\t<span class='e-closed'><i aria-hidden=\"true\" class=\"fas fa-plus\"><\/i><\/span>\n\t\t<\/span>\n\n\t\t\t\t\t\t<\/summary>\n\t\t\t\t<div role=\"region region\" aria-labelledby=\"e-n-accordion-item-2582 e-n-accordion-item-2582\" class=\"e-con-top elementor-element elementor-element-84f792f e-con-full e-flex e-con e-child\" data-id=\"84f792f\" data-element_type=\"container\">\n\t\t<div role=\"region region\" aria-labelledby=\"e-n-accordion-item-2582 e-n-accordion-item-2582\" class=\"elementor-element elementor-element-cf38efd e-flex e-con-boxed e-con e-child\" data-id=\"cf38efd\" data-element_type=\"container\">\n\t\t\t\t\t<div class=\"e-con-inner\">\n\t\t\t\t<div class=\"elementor-element elementor-element-ea62514 elementor-widget elementor-widget-text-editor\" data-id=\"ea62514\" data-element_type=\"widget\" data-widget_type=\"text-editor.default\">\n\t\t\t\t\t\t\t\t\t<p>Digital Family MB, \u012f.k &#8211; 307239479<\/p><p>Sidaroni\u0173 g. 29-3, LT-06234 Vilnius<\/p><p><a href=\"tel:+37064208510\"><span class=\"elementor-icon-list-text\">\u00a0+37064208510<\/span><\/a><\/p><p>info@labubuveikals.lv<\/p>\t\t\t\t\t\t\t\t<\/div>\n\t\t\t\t\t<\/div>\n\t\t\t\t<\/div>\n\t\t\t\t<\/div>\n\t\t\t\t\t<\/details>\n\t\t\t\t\t<\/div>\n\t\t\t\t\t<script type=\"application\/ld+json\">{\"@context\":\"https:\\\/\\\/schema.org\",\"@type\":\"FAQPage\",\"mainEntity\":[{\"@type\":\"Question\",\"name\":\"Kada bus pristatytas mano u\\u017esakymas?\",\"acceptedAnswer\":{\"@type\":\"Answer\",\"text\":\"J\\u016bs\\u0173 u\\u017esakymas bus pristatytas per 2\\u20135 darbo dienas per \\u201eVenipak arba LP express\\u201c kurjeri\\u0173 tarnyb\\u0105. Da\\u017eniausiai pristatymas vykdomas darbo valandomis.\"}},{\"@type\":\"Question\",\"name\":\"Kaip susikurti paskyr\\u0105?\",\"acceptedAnswer\":{\"@type\":\"Answer\",\"text\":\"Jei norite susikurti paskyr\\u0105, eikite \\u012f puslapio vir\\u0161uje de\\u0161in\\u0117je esant\\u012f skyri\\u0173 \\u201ePrisijungti\\u201c ir spustel\\u0117kite \\u201eSukurti paskyr\\u0105\\u201c. Tuomet u\\u017epildykite reikiam\\u0105 informacij\\u0105 ir paspauskite \\u201eSukurti paskyr\\u0105\"}},{\"@type\":\"Question\",\"name\":\"\\u012emon\\u0117s rekvizitai\",\"acceptedAnswer\":{\"@type\":\"Answer\",\"text\":\"Digital Family MB, \\u012f.k &#8211; 307239479Sidaroni\\u0173 g. 29-3, LT-06234 Vilnius\\u00a0+37064208510info@labubuveikals.lv\"}}]}<\/script>\n\t\t\t\t\t\t\t<\/div>\n\t\t\t\t<div class=\"elementor-element elementor-element-864b067 elementor-widget elementor-widget-n-accordion\" data-id=\"864b067\" data-element_type=\"widget\" data-settings=\"{&quot;default_state&quot;:&quot;all_collapsed&quot;,&quot;max_items_expended&quot;:&quot;one&quot;,&quot;n_accordion_animation_duration&quot;:{&quot;unit&quot;:&quot;ms&quot;,&quot;size&quot;:400,&quot;sizes&quot;:[]}}\" data-widget_type=\"nested-accordion.default\">\n\t\t\t\t\t\t\t<div class=\"e-n-accordion\" aria-label=\"Accordion. Open links with Enter or Space, close with Escape, and navigate with Arrow Keys\">\n\t\t\t\t\t\t<details id=\"e-n-accordion-item-1400\" class=\"e-n-accordion-item\" >\n\t\t\t\t<summary class=\"e-n-accordion-item-title\" data-accordion-index=\"1\" tabindex=\"0\" aria-expanded=\"false\" aria-controls=\"e-n-accordion-item-1400\" >\n\t\t\t\t\t<span class='e-n-accordion-item-title-header'><div class=\"e-n-accordion-item-title-text\"> Kaip galiu atsiskaityti u\u017e prekes? <\/div><\/span>\n\t\t\t\t\t\t\t<span class='e-n-accordion-item-title-icon'>\n\t\t\t<span class='e-opened' ><i aria-hidden=\"true\" class=\"fas fa-minus\"><\/i><\/span>\n\t\t\t<span class='e-closed'><i aria-hidden=\"true\" class=\"fas fa-plus\"><\/i><\/span>\n\t\t<\/span>\n\n\t\t\t\t\t\t<\/summary>\n\t\t\t\t<div role=\"region region\" aria-labelledby=\"e-n-accordion-item-1400 e-n-accordion-item-1400\" class=\"e-con-top elementor-element elementor-element-a7ad3db e-con-full e-flex e-con e-child\" data-id=\"a7ad3db\" data-element_type=\"container\">\n\t\t<div role=\"region region\" aria-labelledby=\"e-n-accordion-item-1400 e-n-accordion-item-1400\" class=\"elementor-element elementor-element-ddbc4bf e-flex e-con-boxed e-con e-child\" data-id=\"ddbc4bf\" data-element_type=\"container\">\n\t\t\t\t\t<div class=\"e-con-inner\">\n\t\t\t\t<div class=\"elementor-element elementor-element-b6e59f9 elementor-widget elementor-widget-text-editor\" data-id=\"b6e59f9\" data-element_type=\"widget\" data-widget_type=\"text-editor.default\">\n\t\t\t\t\t\t\t\t\t<p>\u017demiau rasite m\u016bs\u0173 si\u016blom\u0173 mok\u0117jimo paslaug\u0173 teik\u0117j\u0173 s\u0105ra\u0161\u0105.<\/p><ul><li>Paysera (per Paysera gal\u0117site atsiskaityti visais Lietuvoje veikian\u010diais bankais)<\/li><li>Visa<\/li><li>Mastercard<\/li><li>Apple pay<\/li><li>Google pay<\/li><\/ul>\t\t\t\t\t\t\t\t<\/div>\n\t\t\t\t\t<\/div>\n\t\t\t\t<\/div>\n\t\t\t\t<\/div>\n\t\t\t\t\t<\/details>\n\t\t\t\t\t\t<details id=\"e-n-accordion-item-1401\" class=\"e-n-accordion-item\" >\n\t\t\t\t<summary class=\"e-n-accordion-item-title\" data-accordion-index=\"2\" tabindex=\"-1\" aria-expanded=\"false\" aria-controls=\"e-n-accordion-item-1401\" >\n\t\t\t\t\t<span class='e-n-accordion-item-title-header'><div class=\"e-n-accordion-item-title-text\"> Kaip u\u017eregistruoti gr\u0105\u017einim\u0105? <\/div><\/span>\n\t\t\t\t\t\t\t<span class='e-n-accordion-item-title-icon'>\n\t\t\t<span class='e-opened' ><i aria-hidden=\"true\" class=\"fas fa-minus\"><\/i><\/span>\n\t\t\t<span class='e-closed'><i aria-hidden=\"true\" class=\"fas fa-plus\"><\/i><\/span>\n\t\t<\/span>\n\n\t\t\t\t\t\t<\/summary>\n\t\t\t\t<div role=\"region region\" aria-labelledby=\"e-n-accordion-item-1401 e-n-accordion-item-1401\" class=\"e-con-top elementor-element elementor-element-61eede1 e-con-full e-flex e-con e-child\" data-id=\"61eede1\" data-element_type=\"container\">\n\t\t<div role=\"region region\" aria-labelledby=\"e-n-accordion-item-1401 e-n-accordion-item-1401\" class=\"elementor-element elementor-element-9fc79e9 e-flex e-con-boxed e-con e-child\" data-id=\"9fc79e9\" data-element_type=\"container\">\n\t\t\t\t\t<div class=\"e-con-inner\">\n\t\t\t\t<div class=\"elementor-element elementor-element-851c2af elementor-widget elementor-widget-text-editor\" data-id=\"851c2af\" data-element_type=\"widget\" data-widget_type=\"text-editor.default\">\n\t\t\t\t\t\t\t\t\t<p>Gr\u0105\u017einim\u0105 galite u\u017eregistruoti per 14 dien\u0173 nuo pirkimo, naudodami m\u016bs\u0173 internetin\u0119 gr\u0105\u017einimo form\u0105, d\u0117l formos kreiptis \u012f m\u016bs\u0173 konsultantus.<\/p><p>Pastaba! Nesi\u0173skite gr\u0105\u017einimo m\u016bs\u0173 biuro adresu, o vadovaukit\u0117s el. lai\u0161ke pateiktomis instrukcijomis, kad \u012fsitikintum\u0117te, jog j\u016bs\u0173 gr\u0105\u017einimas tinkamai atvyks \u012f m\u016bs\u0173 sand\u0117l\u012f ir taip bus i\u0161vengta papildom\u0173 i\u0161laid\u0173.<\/p>\t\t\t\t\t\t\t\t<\/div>\n\t\t\t\t\t<\/div>\n\t\t\t\t<\/div>\n\t\t\t\t<\/div>\n\t\t\t\t\t<\/details>\n\t\t\t\t\t<\/div>\n\t\t\t\t\t<script type=\"application\/ld+json\">{\"@context\":\"https:\\\/\\\/schema.org\",\"@type\":\"FAQPage\",\"mainEntity\":[{\"@type\":\"Question\",\"name\":\"Kaip galiu atsiskaityti u\\u017e prekes?\",\"acceptedAnswer\":{\"@type\":\"Answer\",\"text\":\"\\u017demiau rasite m\\u016bs\\u0173 si\\u016blom\\u0173 mok\\u0117jimo paslaug\\u0173 teik\\u0117j\\u0173 s\\u0105ra\\u0161\\u0105.Paysera (per Paysera gal\\u0117site atsiskaityti visais Lietuvoje veikian\\u010diais bankais)VisaMastercardApple payGoogle pay\"}},{\"@type\":\"Question\",\"name\":\"Kaip u\\u017eregistruoti gr\\u0105\\u017einim\\u0105?\",\"acceptedAnswer\":{\"@type\":\"Answer\",\"text\":\"Gr\\u0105\\u017einim\\u0105 galite u\\u017eregistruoti per 14 dien\\u0173 nuo pirkimo, naudodami m\\u016bs\\u0173 internetin\\u0119 gr\\u0105\\u017einimo form\\u0105, d\\u0117l formos kreiptis \\u012f m\\u016bs\\u0173 konsultantus.Pastaba! Nesi\\u0173skite gr\\u0105\\u017einimo m\\u016bs\\u0173 biuro adresu, o vadovaukit\\u0117s el. lai\\u0161ke pateiktomis instrukcijomis, kad \\u012fsitikintum\\u0117te, jog j\\u016bs\\u0173 gr\\u0105\\u017einimas tinkamai atvyks \\u012f m\\u016bs\\u0173 sand\\u0117l\\u012f ir taip bus i\\u0161vengta papildom\\u0173 i\\u0161laid\\u0173.\"}}]}<\/script>\n\t\t\t\t\t\t\t<\/div>\n\t\t\t\t<\/div>\n\t\t\t\t<div class=\"elementor-element elementor-element-06eda3d elementor-widget elementor-widget-spacer\" data-id=\"06eda3d\" data-element_type=\"widget\" data-widget_type=\"spacer.default\">\n\t\t\t\t\t\t\t<div class=\"elementor-spacer\">\n\t\t\t<div class=\"elementor-spacer-inner\"><\/div>\n\t\t<\/div>\n\t\t\t\t\t\t<\/div>\n\t\t\t\t<div class=\"elementor-element elementor-element-fdbec0a elementor-widget elementor-widget-reycore-global-section\" data-id=\"fdbec0a\" data-element_type=\"widget\" data-widget_type=\"reycore-global-section.default\">\n\t\t\t\t<div class=\"elementor-widget-container\">\n\t\t\t\t\t\t\t<div class=\"rey-element reyEl-gs\">\n\t\t\t\t\t<div data-elementor-type=\"wp-post\" data-elementor-id=\"1036\" class=\"elementor elementor-1036\" data-elementor-post-type=\"rey-global-sections\" data-elementor-gstype=\"generic\" data-page-el-selector=\"body.elementor-page-1036\" data-disable-padding=\"\">\n\t\t\t\t<div class=\"e-con-top elementor-element elementor-element-4f19e7d e-flex e-con-boxed e-con e-parent\" data-id=\"4f19e7d\" data-element_type=\"container\">\n\t\t\t\t\t<div class=\"e-con-inner\">\n\t\t\t\t<div class=\"elementor-element elementor-element-6701e89 elementor-widget elementor-widget-heading\" data-id=\"6701e89\" data-element_type=\"widget\" data-widget_type=\"heading.default\">\n\t\t\t\t\t<div class=\"elementor-heading-title elementor-size-default\">Kontaktai\n\n\n\n\n\n\n\n\n<\/div>\t\t\t\t<\/div>\n\t\t\t\t<div class=\"elementor-element elementor-element-d58e778 elementor-widget elementor-widget-text-editor\" data-id=\"d58e778\" data-element_type=\"widget\" data-widget_type=\"text-editor.default\">\n\t\t\t\t\t\t\t\t\t<p>M\u016bs\u0173 klient\u0173 aptarnavimas dirba darbo dienomis nuo <strong>8:00<\/strong> iki <strong>17:00<\/strong> val<\/p>\t\t\t\t\t\t\t\t<\/div>\n\t\t\t\t\t<\/div>\n\t\t\t\t<\/div>\n\t\t<div class=\"e-con-top elementor-element elementor-element-466203a e-grid e-con-full e-con e-child\" data-id=\"466203a\" data-element_type=\"container\">\n\t\t\t\t<div class=\"elementor-element elementor-element-76d8e7d dce_masking-none elementor-position-top elementor-widget elementor-widget-image-box\" data-id=\"76d8e7d\" data-element_type=\"widget\" data-widget_type=\"image-box.default\">\n\t\t\t\t\t<div class=\"elementor-image-box-wrapper\"><figure class=\"elementor-image-box-img\"><a href=\"http:\/\/m.me\/61578023804817\" tabindex=\"-1\"><img decoding=\"async\" width=\"150\" height=\"150\" src=\"https:\/\/labubuveikals.lv\/wp-content\/uploads\/2024\/10\/messanger-150x150.webp\" class=\"attachment-thumbnail size-thumbnail wp-image-5220\" alt=\"\" srcset=\"https:\/\/labubuveikals.lv\/wp-content\/uploads\/2024\/10\/messanger-150x150.webp 150w, https:\/\/labubuveikals.lv\/wp-content\/uploads\/2024\/10\/messanger-100x100.webp 100w, https:\/\/labubuveikals.lv\/wp-content\/uploads\/2024\/10\/messanger.webp 205w\" sizes=\"(max-width: 150px) 100vw, 150px\" \/><\/a><\/figure><div class=\"elementor-image-box-content\"><h6 class=\"elementor-image-box-title\"><a href=\"http:\/\/m.me\/61578023804817\">Messenger<\/a><\/h6><p class=\"elementor-image-box-description\">(09:00 - 17:00)<\/p><\/div><\/div>\t\t\t\t<\/div>\n\t\t\t\t<div class=\"elementor-element elementor-element-fd025f9 dce_masking-none elementor-position-top elementor-widget elementor-widget-image-box\" data-id=\"fd025f9\" data-element_type=\"widget\" data-widget_type=\"image-box.default\">\n\t\t\t\t\t<div class=\"elementor-image-box-wrapper\"><figure class=\"elementor-image-box-img\"><a href=\"http:\/\/wa.me\/37064208510\" tabindex=\"-1\"><img decoding=\"async\" width=\"150\" height=\"150\" src=\"https:\/\/labubuveikals.lv\/wp-content\/uploads\/2024\/10\/whatsapp-150x150.webp\" class=\"attachment-thumbnail size-thumbnail wp-image-5221\" alt=\"\" srcset=\"https:\/\/labubuveikals.lv\/wp-content\/uploads\/2024\/10\/whatsapp-150x150.webp 150w, https:\/\/labubuveikals.lv\/wp-content\/uploads\/2024\/10\/whatsapp-100x100.webp 100w, https:\/\/labubuveikals.lv\/wp-content\/uploads\/2024\/10\/whatsapp.webp 205w\" sizes=\"(max-width: 150px) 100vw, 150px\" \/><\/a><\/figure><div class=\"elementor-image-box-content\"><h6 class=\"elementor-image-box-title\"><a href=\"http:\/\/wa.me\/37064208510\">Whatsapp<\/a><\/h6><p class=\"elementor-image-box-description\">(09:00 - 17:00)<\/p><\/div><\/div>\t\t\t\t<\/div>\n\t\t\t\t<div class=\"elementor-element elementor-element-0fe719f dce_masking-none elementor-position-top elementor-widget elementor-widget-image-box\" data-id=\"0fe719f\" data-element_type=\"widget\" data-widget_type=\"image-box.default\">\n\t\t\t\t\t<div class=\"elementor-image-box-wrapper\"><figure class=\"elementor-image-box-img\"><a href=\"mailto:info@labubuveikals.lv\" tabindex=\"-1\"><img decoding=\"async\" width=\"150\" height=\"150\" src=\"https:\/\/labubuveikals.lv\/wp-content\/uploads\/2024\/10\/email-150x150.webp\" class=\"attachment-thumbnail size-thumbnail wp-image-5222\" alt=\"\" srcset=\"https:\/\/labubuveikals.lv\/wp-content\/uploads\/2024\/10\/email-150x150.webp 150w, https:\/\/labubuveikals.lv\/wp-content\/uploads\/2024\/10\/email-100x100.webp 100w, https:\/\/labubuveikals.lv\/wp-content\/uploads\/2024\/10\/email.webp 205w\" sizes=\"(max-width: 150px) 100vw, 150px\" \/><\/a><\/figure><div class=\"elementor-image-box-content\"><h6 class=\"elementor-image-box-title\"><a href=\"mailto:info@labubuveikals.lv\">info@labubuveikals.lv<\/a><\/h6><p class=\"elementor-image-box-description\">(09:00 - 17:00)<\/p><\/div><\/div>\t\t\t\t<\/div>\n\t\t\t\t<\/div>\n\t\t\t\t<\/div>\n\t\t\t\t<\/div>\n\t\t<!-- .reyEl-gs -->\n\t\t\t\t\t\t<\/div>\n\t\t\t\t<\/div>\n\t\t\t\t<\/div>\n\t\t\t\t<\/div>\n\t\t\t\t<\/div>\n\t\t","protected":false},"excerpt":{"rendered":"<p>Home Susisiekite su mumis Mes pasiruo\u0161\u0119 jums pad\u0117ti!\u00a0 Pagalba Apmok\u0117jimas Pristatymas Gr\u0105\u017einimas Da\u017eniausiai u\u017eduodami klausimai Kada bus pristatytas mano u\u017esakymas? J\u016bs\u0173 u\u017esakymas bus pristatytas per 2\u20135 darbo dienas per \u201eVenipak arba LP express\u201c kurjeri\u0173 tarnyb\u0105. Da\u017eniausiai pristatymas vykdomas darbo valandomis. Kaip susikurti paskyr\u0105? Jei norite susikurti paskyr\u0105, eikite \u012f puslapio vir\u0161uje de\u0161in\u0117je esant\u012f skyri\u0173 \u201ePrisijungti\u201c [&hellip;]<\/p>\n","protected":false},"author":1,"featured_media":0,"parent":0,"menu_order":0,"comment_status":"closed","ping_status":"closed","template":"","meta":{"_acf_changed":false,"footnotes":""},"class_list":["post-1070","page","type-page","status-publish","hentry"],"acf":[],"_links":{"self":[{"href":"https:\/\/labubuveikals.lv\/lt\/wp-json\/wp\/v2\/pages\/1070","targetHints":{"allow":["GET"]}}],"collection":[{"href":"https:\/\/labubuveikals.lv\/lt\/wp-json\/wp\/v2\/pages"}],"about":[{"href":"https:\/\/labubuveikals.lv\/lt\/wp-json\/wp\/v2\/types\/page"}],"author":[{"embeddable":true,"href":"https:\/\/labubuveikals.lv\/lt\/wp-json\/wp\/v2\/users\/1"}],"replies":[{"embeddable":true,"href":"https:\/\/labubuveikals.lv\/lt\/wp-json\/wp\/v2\/comments?post=1070"}],"version-history":[{"count":30,"href":"https:\/\/labubuveikals.lv\/lt\/wp-json\/wp\/v2\/pages\/1070\/revisions"}],"predecessor-version":[{"id":6698,"href":"https:\/\/labubuveikals.lv\/lt\/wp-json\/wp\/v2\/pages\/1070\/revisions\/6698"}],"wp:attachment":[{"href":"https:\/\/labubuveikals.lv\/lt\/wp-json\/wp\/v2\/media?parent=1070"}],"curies":[{"name":"wp","href":"https:\/\/api.w.org\/{rel}","templated":true}]}}