{"id":3,"date":"2024-10-16T17:23:18","date_gmt":"2024-10-16T17:23:18","guid":{"rendered":"http:\/\/braendekob.dk\/?page_id=3"},"modified":"2025-07-25T10:27:40","modified_gmt":"2025-07-25T10:27:40","slug":"privatumo-politika","status":"publish","type":"page","link":"https:\/\/labubuveikals.lv\/lt\/privatumo-politika\/","title":{"rendered":"Privatumo politika"},"content":{"rendered":"\t\t<div data-elementor-type=\"wp-page\" data-elementor-id=\"3\" class=\"elementor elementor-3\" data-elementor-post-type=\"page\">\n\t\t\t\t<div class=\"e-con-top elementor-element elementor-element-2169427b e-flex e-con-boxed e-con e-parent\" data-id=\"2169427b\" data-element_type=\"container\">\n\t\t\t\t\t<div class=\"e-con-inner\">\n\t\t\t\t<div class=\"elementor-element elementor-element-60452b21 elementor-widget elementor-widget-text-editor\" data-id=\"60452b21\" data-element_type=\"widget\" data-widget_type=\"text-editor.default\">\n\t\t\t\t\t\t\t\t\t<h1 data-start=\"107\" data-end=\"129\"><span style=\"font-size: 24pt;\">Privatumo politika<\/span><\/h1><p class=\"\" data-start=\"131\" data-end=\"253\">Svetain\u0117 <strong data-start=\"140\" data-end=\"174\"><a class=\"\" href=\"https:\/\/labubuveikals.lv\" target=\"_new\" rel=\"noopener\" data-start=\"142\" data-end=\"172\">https:\/\/labubuveikals.lv<\/a><\/strong> priklauso Digital Family MB, kuri yra atsakinga u\u017e j\u016bs\u0173 asmens duomen\u0173 tvarkym\u0105.<\/p><p class=\"\" data-start=\"255\" data-end=\"529\">Mes pareng\u0117me \u0161i\u0105 privatumo politik\u0105, kad paai\u0161kintume, kaip tvarkome j\u016bs\u0173 duomenis, surinktus apsilankius <strong data-start=\"362\" data-end=\"396\"><a class=\"\" href=\"https:\/\/labubuveikals.lv\" target=\"_new\" rel=\"noopener\" data-start=\"364\" data-end=\"394\">https:\/\/labubuveikals.lv<\/a><\/strong>, ir kod\u0117l b\u016btina rinkti tam tikrus asmens duomenis. Pra\u0161ome atid\u017eiai perskaityti \u0161i\u0105 privatumo politik\u0105 prie\u0161 naudodamiesi svetaine.<\/p><p class=\"\" data-start=\"531\" data-end=\"628\">Mes r\u016bpinam\u0117s j\u016bs\u0173 asmens duomenimis ir \u012fsipareigojame u\u017etikrinti j\u0173 konfidencialum\u0105 bei saugum\u0105.<\/p><hr class=\"\" data-start=\"630\" data-end=\"633\" \/><h3 class=\"\" data-start=\"635\" data-end=\"670\">Kokius asmens duomenis renkame:<\/h3><p class=\"\" data-start=\"672\" data-end=\"1068\">Apsilank\u0119 <strong data-start=\"682\" data-end=\"716\"><a class=\"\" href=\"https:\/\/labubuveikals.lv\" target=\"_new\" rel=\"noopener\" data-start=\"684\" data-end=\"714\">https:\/\/labubuveikals.lv<\/a><\/strong>, automati\u0161kai renkame tam tikr\u0105 informacij\u0105 apie j\u016bs\u0173 \u012frengin\u012f \u2013 tai apima nar\u0161ykl\u0117s tip\u0105, IP adres\u0105, laiko juost\u0105 ir kai kuriuos slapukus. Taip pat renkame informacij\u0105 apie j\u016bs\u0173 nar\u0161ym\u0105 svetain\u0117je: per\u017ei\u016br\u0117tus puslapius ar produktus, \u0161altin\u012f, per kur\u012f patekote \u012f svetain\u0119, bei j\u016bs\u0173 veiksmus puslapyje. \u0160iuos duomenis vadiname \u201e\u012erenginio informacija\u201c.<\/p><p class=\"\" data-start=\"1070\" data-end=\"1269\">Taip pat galime rinkti j\u016bs\u0173 pateiktus duomenis, tokius kaip vardas, pavard\u0117, adresas, mok\u0117jimo informacija ir kt., kai registruojat\u0117s ar pateikiate u\u017esakym\u0105 \u2013 kad gal\u0117tume tinkamai \u012fvykdyti paslaug\u0105.<\/p><hr class=\"\" data-start=\"1271\" data-end=\"1274\" \/><h3 class=\"\" data-start=\"1276\" data-end=\"1309\">Kod\u0117l tvarkome j\u016bs\u0173 duomenis?<\/h3><p class=\"\" data-start=\"1311\" data-end=\"1572\">M\u016bs\u0173 prioritetas \u2013 j\u016bs\u0173 duomen\u0173 saugumas, tod\u0117l renkame tik b\u016btiniausi\u0105 informacij\u0105 svetain\u0117s veikimui u\u017etikrinti. Automati\u0161kai surinkta informacija naudojama tik galimiems pa\u017eeidimams identifikuoti ar statistinei analizei, kuri neatpa\u017e\u012fsta konkre\u010di\u0173 naudotoj\u0173.<\/p><p class=\"\" data-start=\"1574\" data-end=\"1967\">Svetain\u0119 galite nar\u0161yti neatskleisdami savo tapatyb\u0117s. Ta\u010diau jei norite naudotis tam tikromis funkcijomis (pvz., naujienlai\u0161kiu, kontakt\u0173 forma), tur\u0117site pateikti asmeninius duomenis: el. pa\u0161t\u0105, vard\u0105, pavard\u0119, miest\u0105, organizacij\u0105, telefono numer\u012f ir kt. \u0160i\u0173 duomen\u0173 nepateikus, kai kurios funkcijos gali b\u016bti neprieinamos (pvz., negal\u0117site gauti naujienlai\u0161kio ar susisiekti per svetain\u0119).<\/p><p class=\"\" data-start=\"1969\" data-end=\"2083\">Kilus klausimams, kokie duomenys yra b\u016btini, galite susisiekti su mumis el. pa\u0161tu <strong data-start=\"2051\" data-end=\"2082\"><a rel=\"noopener\" data-start=\"2053\" data-end=\"2080\">info@labubuveikals.lv<\/a><\/strong>.<\/p><hr class=\"\" data-start=\"2085\" data-end=\"2088\" \/><h3 class=\"\" data-start=\"2090\" data-end=\"2106\">J\u016bs\u0173 teis\u0117s:<\/h3><p class=\"\" data-start=\"2108\" data-end=\"2166\">Jei esate Europos S\u0105jungos gyventojas, turite \u0161ias teises:<\/p><ul data-start=\"2168\" data-end=\"2466\"><li class=\"\" data-start=\"2168\" data-end=\"2194\"><p class=\"\" data-start=\"2170\" data-end=\"2194\">Teis\u0117 b\u016bti informuotam<\/p><\/li><li class=\"\" data-start=\"2195\" data-end=\"2230\"><p class=\"\" data-start=\"2197\" data-end=\"2230\">Teis\u0117 susipa\u017einti su duomenimis<\/p><\/li><li class=\"\" data-start=\"2231\" data-end=\"2259\"><p class=\"\" data-start=\"2233\" data-end=\"2259\">Teis\u0117 i\u0161taisyti duomenis<\/p><\/li><li class=\"\" data-start=\"2260\" data-end=\"2287\"><p class=\"\" data-start=\"2262\" data-end=\"2287\">Teis\u0117 i\u0161trinti duomenis<\/p><\/li><li class=\"\" data-start=\"2288\" data-end=\"2323\"><p class=\"\" data-start=\"2290\" data-end=\"2323\">Teis\u0117 apriboti duomen\u0173 tvarkym\u0105<\/p><\/li><li class=\"\" data-start=\"2324\" data-end=\"2356\"><p class=\"\" data-start=\"2326\" data-end=\"2356\">Teis\u0117 \u012f duomen\u0173 perkeliamum\u0105<\/p><\/li><li class=\"\" data-start=\"2357\" data-end=\"2396\"><p class=\"\" data-start=\"2359\" data-end=\"2396\">Teis\u0117 nesutikti su duomen\u0173 tvarkymu<\/p><\/li><li class=\"\" data-start=\"2397\" data-end=\"2466\"><p class=\"\" data-start=\"2399\" data-end=\"2466\">Teis\u0117s susijusios su automatiniu sprendim\u0173 pri\u0117mimu ir profiliavimu<\/p><\/li><\/ul><p class=\"\" data-start=\"2468\" data-end=\"2554\">Nor\u0117dami pasinaudoti savo teis\u0117mis, susisiekite su mumis el. pa\u0161tu, nurodytu apa\u010dioje.<\/p><p class=\"\" data-start=\"2556\" data-end=\"2783\">Be to, informuojame, kad j\u016bs\u0173 duomenys gali b\u016bti tvarkomi siekiant \u012fvykdyti sutart\u012f (pvz., kai pateikiate u\u017esakym\u0105) arba remiantis teis\u0117tu interesu. J\u016bs\u0173 duomenys taip pat gali b\u016bti perduoti u\u017e ES rib\u0173, \u012fskaitant Kanad\u0105 ar JAV.<\/p><hr class=\"\" data-start=\"2785\" data-end=\"2788\" \/><h3 class=\"\" data-start=\"2790\" data-end=\"2820\">Nuorodos \u012f kitas svetaines<\/h3><p class=\"\" data-start=\"2822\" data-end=\"3051\">M\u016bs\u0173 svetain\u0117je gali b\u016bti nuorod\u0173 \u012f kitas svetaines, kuri\u0173 mes nekontroliuojame. Mes neatsakome u\u017e tre\u010di\u0173j\u0173 \u0161ali\u0173 privatumo politik\u0105. Raginame i\u0161einant i\u0161 m\u016bs\u0173 svetain\u0117s perskaityti kiekvienos kitos svetain\u0117s privatumo taisykles.<\/p><hr class=\"\" data-start=\"3053\" data-end=\"3056\" \/><h3 class=\"\" data-start=\"3058\" data-end=\"3083\">Informacijos saugumas<\/h3><p class=\"\" data-start=\"3085\" data-end=\"3384\">J\u016bs\u0173 pateikti duomenys saugomi saugioje, kontroliuojamoje aplinkoje, apsaugotoje nuo neleistinos prieigos, naudojimo ar atskleidimo. Taikome administracines, technines ir fizines priemones duomen\u0173 saugumui u\u017etikrinti. Visgi, joks duomen\u0173 perdavimas internetu ar belaid\u017eiu ry\u0161iu n\u0117ra visi\u0161kai saugus.<\/p><hr class=\"\" data-start=\"3386\" data-end=\"3389\" \/><h3 class=\"\" data-start=\"3391\" data-end=\"3416\">Teisinis atskleidimas<\/h3><p class=\"\" data-start=\"3418\" data-end=\"3666\">Mes galime atskleisti j\u016bs\u0173 duomenis, jei tai b\u016btina pagal \u012fstatymus (pvz., teismo \u0161aukimas), ar kai nuo\u0161ird\u017eiai manome, kad tai b\u016btina siekiant apsaugoti m\u016bs\u0173 ar kit\u0173 teises, u\u017ekirsti keli\u0105 suk\u010diavimui ar \u012fvykdyti vald\u017eios institucij\u0173 reikalavimus.<\/p><hr class=\"\" data-start=\"3668\" data-end=\"3671\" \/><h3 class=\"\" data-start=\"3673\" data-end=\"3699\">Kontaktin\u0117 informacija<\/h3><p class=\"\" data-start=\"3701\" data-end=\"3842\">Jei turite klausim\u0173 d\u0117l \u0161ios privatumo politikos ar norite pasinaudoti savo teis\u0117mis, kreipkit\u0117s el. pa\u0161tu:<br data-start=\"3808\" data-end=\"3811\" \/><strong data-start=\"3811\" data-end=\"3842\"><a rel=\"noopener\" data-start=\"3813\" data-end=\"3840\">info@labubuveikals.lv<\/a><\/strong><\/p><hr class=\"\" data-start=\"3668\" data-end=\"3671\" \/><p data-start=\"3673\" data-end=\"3699\"><strong><span style=\"font-size: 18pt;\">Pa\u017eym\u0117dami varnel\u0119 prie\u0161 apmok\u0117jim\u0105 &#8221;<span class=\"woocommerce-terms-and-conditions-checkbox-text\">A\u0161 perskai\u010diau ir sutinku su puslapio\u00a0<a class=\"woocommerce-terms-and-conditions-link\" href=\"https:\/\/labubuveikals.lv\/privatumo-politika\/\" target=\"_blank\" rel=\"noopener\">s\u0105lygomis ir taisykl\u0117mis<\/a><\/span>&#8221;\u00a0 patvirtinate, kad susipa\u017einote ir sutinkate su visomis Monstriukas.lt puslapio taisykl\u0117mis.<\/span><\/strong><\/p>\t\t\t\t\t\t\t\t<\/div>\n\t\t\t\t\t<\/div>\n\t\t\t\t<\/div>\n\t\t\t\t<\/div>\n\t\t","protected":false},"excerpt":{"rendered":"<p>Privatumo politika Svetain\u0117 https:\/\/labubuveikals.lv priklauso Digital Family MB, kuri yra atsakinga u\u017e j\u016bs\u0173 asmens duomen\u0173 tvarkym\u0105. Mes pareng\u0117me \u0161i\u0105 privatumo politik\u0105, kad paai\u0161kintume, kaip tvarkome j\u016bs\u0173 duomenis, surinktus apsilankius https:\/\/labubuveikals.lv, ir kod\u0117l b\u016btina rinkti tam tikrus asmens duomenis. Pra\u0161ome atid\u017eiai perskaityti \u0161i\u0105 privatumo politik\u0105 prie\u0161 naudodamiesi svetaine. Mes r\u016bpinam\u0117s j\u016bs\u0173 asmens duomenimis ir \u012fsipareigojame u\u017etikrinti [&hellip;]<\/p>\n","protected":false},"author":1,"featured_media":0,"parent":0,"menu_order":0,"comment_status":"closed","ping_status":"closed","template":"","meta":{"_acf_changed":false,"footnotes":""},"class_list":["post-3","page","type-page","status-publish","hentry"],"acf":[],"_links":{"self":[{"href":"https:\/\/labubuveikals.lv\/lt\/wp-json\/wp\/v2\/pages\/3","targetHints":{"allow":["GET"]}}],"collection":[{"href":"https:\/\/labubuveikals.lv\/lt\/wp-json\/wp\/v2\/pages"}],"about":[{"href":"https:\/\/labubuveikals.lv\/lt\/wp-json\/wp\/v2\/types\/page"}],"author":[{"embeddable":true,"href":"https:\/\/labubuveikals.lv\/lt\/wp-json\/wp\/v2\/users\/1"}],"replies":[{"embeddable":true,"href":"https:\/\/labubuveikals.lv\/lt\/wp-json\/wp\/v2\/comments?post=3"}],"version-history":[{"count":9,"href":"https:\/\/labubuveikals.lv\/lt\/wp-json\/wp\/v2\/pages\/3\/revisions"}],"predecessor-version":[{"id":6689,"href":"https:\/\/labubuveikals.lv\/lt\/wp-json\/wp\/v2\/pages\/3\/revisions\/6689"}],"wp:attachment":[{"href":"https:\/\/labubuveikals.lv\/lt\/wp-json\/wp\/v2\/media?parent=3"}],"curies":[{"name":"wp","href":"https:\/\/api.w.org\/{rel}","templated":true}]}}