{"id":5568,"date":"2025-07-11T22:33:24","date_gmt":"2025-07-11T22:33:24","guid":{"rendered":"https:\/\/labubuveikals.lv\/?post_type=product&#038;p=5568"},"modified":"2025-07-11T22:37:21","modified_gmt":"2025-07-11T22:37:21","slug":"labubu-catch-me-if-you-like-me-kolekcine-lele-juoda","status":"publish","type":"product","link":"https:\/\/labubuveikals.lv\/lt\/product\/labubu-catch-me-if-you-like-me-kolekcine-lele-juoda\/","title":{"rendered":"Labubu Catch Me if You Like Me Kolekcin\u0117 L\u0117l\u0117 (Juoda)"},"content":{"rendered":"","protected":false},"excerpt":{"rendered":"","protected":false},"featured_media":5570,"comment_status":"closed","ping_status":"closed","template":"","meta":{"_acf_changed":false},"product_cat":[15],"product_tag":[],"class_list":{"0":"post-5568","1":"product","2":"type-product","3":"status-publish","4":"has-post-thumbnail","6":"product_cat-uncategorized","8":"first","9":"instock","10":"shipping-taxable","11":"purchasable","12":"product-type-simple","swatches":"rey-swatches","show_selected":""},"acf":[],"_links":{"self":[{"href":"https:\/\/labubuveikals.lv\/lt\/wp-json\/wp\/v2\/product\/5568","targetHints":{"allow":["GET"]}}],"collection":[{"href":"https:\/\/labubuveikals.lv\/lt\/wp-json\/wp\/v2\/product"}],"about":[{"href":"https:\/\/labubuveikals.lv\/lt\/wp-json\/wp\/v2\/types\/product"}],"replies":[{"embeddable":true,"href":"https:\/\/labubuveikals.lv\/lt\/wp-json\/wp\/v2\/comments?post=5568"}],"version-history":[{"count":1,"href":"https:\/\/labubuveikals.lv\/lt\/wp-json\/wp\/v2\/product\/5568\/revisions"}],"predecessor-version":[{"id":5572,"href":"https:\/\/labubuveikals.lv\/lt\/wp-json\/wp\/v2\/product\/5568\/revisions\/5572"}],"wp:featuredmedia":[{"embeddable":true,"href":"https:\/\/labubuveikals.lv\/lt\/wp-json\/wp\/v2\/media\/5570"}],"wp:attachment":[{"href":"https:\/\/labubuveikals.lv\/lt\/wp-json\/wp\/v2\/media?parent=5568"}],"wp:term":[{"taxonomy":"product_cat","embeddable":true,"href":"https:\/\/labubuveikals.lv\/lt\/wp-json\/wp\/v2\/product_cat?post=5568"},{"taxonomy":"product_tag","embeddable":true,"href":"https:\/\/labubuveikals.lv\/lt\/wp-json\/wp\/v2\/product_tag?post=5568"}],"curies":[{"name":"wp","href":"https:\/\/api.w.org\/{rel}","templated":true}]}}