{"id":5574,"date":"2025-07-11T22:37:33","date_gmt":"2025-07-11T22:37:33","guid":{"rendered":"https:\/\/labubuveikals.lv\/?post_type=product&#038;p=5574"},"modified":"2025-07-11T22:42:11","modified_gmt":"2025-07-11T22:42:11","slug":"labubu-time-to-chill-kolekcine-lele","status":"publish","type":"product","link":"https:\/\/labubuveikals.lv\/lt\/product\/labubu-time-to-chill-kolekcine-lele\/","title":{"rendered":"Labubu Time to Chill Kolekcin\u0117 L\u0117l\u0117"},"content":{"rendered":"","protected":false},"excerpt":{"rendered":"","protected":false},"featured_media":5576,"comment_status":"closed","ping_status":"closed","template":"","meta":{"_acf_changed":false},"product_cat":[15],"product_tag":[],"class_list":{"0":"post-5574","1":"product","2":"type-product","3":"status-publish","4":"has-post-thumbnail","6":"product_cat-uncategorized","8":"first","9":"instock","10":"shipping-taxable","11":"purchasable","12":"product-type-simple","swatches":"rey-swatches","show_selected":""},"acf":[],"_links":{"self":[{"href":"https:\/\/labubuveikals.lv\/lt\/wp-json\/wp\/v2\/product\/5574","targetHints":{"allow":["GET"]}}],"collection":[{"href":"https:\/\/labubuveikals.lv\/lt\/wp-json\/wp\/v2\/product"}],"about":[{"href":"https:\/\/labubuveikals.lv\/lt\/wp-json\/wp\/v2\/types\/product"}],"replies":[{"embeddable":true,"href":"https:\/\/labubuveikals.lv\/lt\/wp-json\/wp\/v2\/comments?post=5574"}],"version-history":[{"count":1,"href":"https:\/\/labubuveikals.lv\/lt\/wp-json\/wp\/v2\/product\/5574\/revisions"}],"predecessor-version":[{"id":5582,"href":"https:\/\/labubuveikals.lv\/lt\/wp-json\/wp\/v2\/product\/5574\/revisions\/5582"}],"wp:featuredmedia":[{"embeddable":true,"href":"https:\/\/labubuveikals.lv\/lt\/wp-json\/wp\/v2\/media\/5576"}],"wp:attachment":[{"href":"https:\/\/labubuveikals.lv\/lt\/wp-json\/wp\/v2\/media?parent=5574"}],"wp:term":[{"taxonomy":"product_cat","embeddable":true,"href":"https:\/\/labubuveikals.lv\/lt\/wp-json\/wp\/v2\/product_cat?post=5574"},{"taxonomy":"product_tag","embeddable":true,"href":"https:\/\/labubuveikals.lv\/lt\/wp-json\/wp\/v2\/product_tag?post=5574"}],"curies":[{"name":"wp","href":"https:\/\/api.w.org\/{rel}","templated":true}]}}