{"id":5595,"date":"2025-07-11T22:46:29","date_gmt":"2025-07-11T22:46:29","guid":{"rendered":"https:\/\/labubuveikals.lv\/?post_type=product&#038;p=5595"},"modified":"2025-07-11T22:50:05","modified_gmt":"2025-07-11T22:50:05","slug":"labubu-fall-in-wild-kolekcine-lele","status":"publish","type":"product","link":"https:\/\/labubuveikals.lv\/lt\/product\/labubu-fall-in-wild-kolekcine-lele\/","title":{"rendered":"Labubu Fall in Wild Kolekcin\u0117 L\u0117l\u0117"},"content":{"rendered":"","protected":false},"excerpt":{"rendered":"","protected":false},"featured_media":5596,"comment_status":"closed","ping_status":"closed","template":"","meta":{"_acf_changed":false},"product_cat":[15],"product_tag":[],"class_list":{"0":"post-5595","1":"product","2":"type-product","3":"status-publish","4":"has-post-thumbnail","6":"product_cat-uncategorized","8":"first","9":"instock","10":"shipping-taxable","11":"purchasable","12":"product-type-simple","swatches":"rey-swatches","show_selected":""},"acf":[],"_links":{"self":[{"href":"https:\/\/labubuveikals.lv\/lt\/wp-json\/wp\/v2\/product\/5595","targetHints":{"allow":["GET"]}}],"collection":[{"href":"https:\/\/labubuveikals.lv\/lt\/wp-json\/wp\/v2\/product"}],"about":[{"href":"https:\/\/labubuveikals.lv\/lt\/wp-json\/wp\/v2\/types\/product"}],"replies":[{"embeddable":true,"href":"https:\/\/labubuveikals.lv\/lt\/wp-json\/wp\/v2\/comments?post=5595"}],"version-history":[{"count":1,"href":"https:\/\/labubuveikals.lv\/lt\/wp-json\/wp\/v2\/product\/5595\/revisions"}],"predecessor-version":[{"id":5605,"href":"https:\/\/labubuveikals.lv\/lt\/wp-json\/wp\/v2\/product\/5595\/revisions\/5605"}],"wp:featuredmedia":[{"embeddable":true,"href":"https:\/\/labubuveikals.lv\/lt\/wp-json\/wp\/v2\/media\/5596"}],"wp:attachment":[{"href":"https:\/\/labubuveikals.lv\/lt\/wp-json\/wp\/v2\/media?parent=5595"}],"wp:term":[{"taxonomy":"product_cat","embeddable":true,"href":"https:\/\/labubuveikals.lv\/lt\/wp-json\/wp\/v2\/product_cat?post=5595"},{"taxonomy":"product_tag","embeddable":true,"href":"https:\/\/labubuveikals.lv\/lt\/wp-json\/wp\/v2\/product_tag?post=5595"}],"curies":[{"name":"wp","href":"https:\/\/api.w.org\/{rel}","templated":true}]}}