{"id":5764,"date":"2025-07-11T23:37:07","date_gmt":"2025-07-11T23:37:07","guid":{"rendered":"https:\/\/labubuveikals.lv\/?post_type=product&#038;p=5764"},"modified":"2025-07-15T18:49:50","modified_gmt":"2025-07-15T18:49:50","slug":"labubu-wacky-mart-figureles-kolekcija-blind-box-1-vnt","status":"publish","type":"product","link":"https:\/\/labubuveikals.lv\/lt\/product\/labubu-wacky-mart-figureles-kolekcija-blind-box-1-vnt\/","title":{"rendered":"Labubu Wacky Mart Fig\u016br\u0117l\u0117s Kolekcija, Blind Box, 1 vnt"},"content":{"rendered":"","protected":false},"excerpt":{"rendered":"","protected":false},"featured_media":5754,"comment_status":"open","ping_status":"closed","template":"","meta":{"_acf_changed":false},"product_cat":[269,279],"product_tag":[],"class_list":{"0":"post-5764","1":"product","2":"type-product","3":"status-publish","4":"has-post-thumbnail","6":"product_cat-labubu-blind-box","7":"product_cat-wacky-mart","9":"first","10":"instock","11":"shipping-taxable","12":"purchasable","13":"product-type-simple","swatches":"rey-swatches","show_selected":""},"acf":[],"_links":{"self":[{"href":"https:\/\/labubuveikals.lv\/lt\/wp-json\/wp\/v2\/product\/5764","targetHints":{"allow":["GET"]}}],"collection":[{"href":"https:\/\/labubuveikals.lv\/lt\/wp-json\/wp\/v2\/product"}],"about":[{"href":"https:\/\/labubuveikals.lv\/lt\/wp-json\/wp\/v2\/types\/product"}],"replies":[{"embeddable":true,"href":"https:\/\/labubuveikals.lv\/lt\/wp-json\/wp\/v2\/comments?post=5764"}],"version-history":[{"count":1,"href":"https:\/\/labubuveikals.lv\/lt\/wp-json\/wp\/v2\/product\/5764\/revisions"}],"predecessor-version":[{"id":5765,"href":"https:\/\/labubuveikals.lv\/lt\/wp-json\/wp\/v2\/product\/5764\/revisions\/5765"}],"wp:featuredmedia":[{"embeddable":true,"href":"https:\/\/labubuveikals.lv\/lt\/wp-json\/wp\/v2\/media\/5754"}],"wp:attachment":[{"href":"https:\/\/labubuveikals.lv\/lt\/wp-json\/wp\/v2\/media?parent=5764"}],"wp:term":[{"taxonomy":"product_cat","embeddable":true,"href":"https:\/\/labubuveikals.lv\/lt\/wp-json\/wp\/v2\/product_cat?post=5764"},{"taxonomy":"product_tag","embeddable":true,"href":"https:\/\/labubuveikals.lv\/lt\/wp-json\/wp\/v2\/product_tag?post=5764"}],"curies":[{"name":"wp","href":"https:\/\/api.w.org\/{rel}","templated":true}]}}