{"id":5957,"date":"2025-07-12T23:27:26","date_gmt":"2025-07-12T23:27:26","guid":{"rendered":"https:\/\/labubuveikals.lv\/?post_type=product&#038;p=5957"},"modified":"2025-07-15T17:21:21","modified_gmt":"2025-07-15T17:21:21","slug":"labubu-coca-cola-surprise-shake-kolekcine-lele-pakabukas","status":"publish","type":"product","link":"https:\/\/labubuveikals.lv\/lt\/product\/labubu-coca-cola-surprise-shake-kolekcine-lele-pakabukas\/","title":{"rendered":"Labubu Coca-Cola Surprise Shake, Kolekcin\u0117 L\u0117l\u0117, Pakabukas"},"content":{"rendered":"","protected":false},"excerpt":{"rendered":"","protected":false},"featured_media":5960,"comment_status":"open","ping_status":"closed","template":"","meta":{"_acf_changed":false},"product_cat":[280],"product_tag":[],"class_list":{"0":"post-5957","1":"product","2":"type-product","3":"status-publish","4":"has-post-thumbnail","6":"product_cat-coca-cola-monsters","8":"first","9":"instock","10":"shipping-taxable","11":"purchasable","12":"product-type-simple","swatches":"rey-swatches","show_selected":""},"acf":[],"_links":{"self":[{"href":"https:\/\/labubuveikals.lv\/lt\/wp-json\/wp\/v2\/product\/5957","targetHints":{"allow":["GET"]}}],"collection":[{"href":"https:\/\/labubuveikals.lv\/lt\/wp-json\/wp\/v2\/product"}],"about":[{"href":"https:\/\/labubuveikals.lv\/lt\/wp-json\/wp\/v2\/types\/product"}],"replies":[{"embeddable":true,"href":"https:\/\/labubuveikals.lv\/lt\/wp-json\/wp\/v2\/comments?post=5957"}],"version-history":[{"count":1,"href":"https:\/\/labubuveikals.lv\/lt\/wp-json\/wp\/v2\/product\/5957\/revisions"}],"predecessor-version":[{"id":5961,"href":"https:\/\/labubuveikals.lv\/lt\/wp-json\/wp\/v2\/product\/5957\/revisions\/5961"}],"wp:featuredmedia":[{"embeddable":true,"href":"https:\/\/labubuveikals.lv\/lt\/wp-json\/wp\/v2\/media\/5960"}],"wp:attachment":[{"href":"https:\/\/labubuveikals.lv\/lt\/wp-json\/wp\/v2\/media?parent=5957"}],"wp:term":[{"taxonomy":"product_cat","embeddable":true,"href":"https:\/\/labubuveikals.lv\/lt\/wp-json\/wp\/v2\/product_cat?post=5957"},{"taxonomy":"product_tag","embeddable":true,"href":"https:\/\/labubuveikals.lv\/lt\/wp-json\/wp\/v2\/product_tag?post=5957"}],"curies":[{"name":"wp","href":"https:\/\/api.w.org\/{rel}","templated":true}]}}