{"id":5984,"date":"2025-07-12T23:54:30","date_gmt":"2025-07-12T23:54:30","guid":{"rendered":"https:\/\/labubuveikals.lv\/?post_type=product&#038;p=5984"},"modified":"2025-08-04T15:00:01","modified_gmt":"2025-08-04T15:00:01","slug":"labubu-have-a-seat-ququ-kolekcine-lele-pakabukas","status":"publish","type":"product","link":"https:\/\/labubuveikals.lv\/lt\/product\/labubu-have-a-seat-ququ-kolekcine-lele-pakabukas\/","title":{"rendered":"Labubu Have a Seat QUQU, Kolekcin\u0117 L\u0117l\u0117, Pakabukas"},"content":{"rendered":"","protected":false},"excerpt":{"rendered":"","protected":false},"featured_media":5985,"comment_status":"open","ping_status":"closed","template":"","meta":{"_acf_changed":false},"product_cat":[272],"product_tag":[],"class_list":{"0":"post-5984","1":"product","2":"type-product","3":"status-publish","4":"has-post-thumbnail","6":"product_cat-have-a-seat","8":"first","9":"instock","10":"shipping-taxable","11":"purchasable","12":"product-type-simple","swatches":"rey-swatches","show_selected":""},"acf":[],"_links":{"self":[{"href":"https:\/\/labubuveikals.lv\/lt\/wp-json\/wp\/v2\/product\/5984","targetHints":{"allow":["GET"]}}],"collection":[{"href":"https:\/\/labubuveikals.lv\/lt\/wp-json\/wp\/v2\/product"}],"about":[{"href":"https:\/\/labubuveikals.lv\/lt\/wp-json\/wp\/v2\/types\/product"}],"replies":[{"embeddable":true,"href":"https:\/\/labubuveikals.lv\/lt\/wp-json\/wp\/v2\/comments?post=5984"}],"version-history":[{"count":2,"href":"https:\/\/labubuveikals.lv\/lt\/wp-json\/wp\/v2\/product\/5984\/revisions"}],"predecessor-version":[{"id":5987,"href":"https:\/\/labubuveikals.lv\/lt\/wp-json\/wp\/v2\/product\/5984\/revisions\/5987"}],"wp:featuredmedia":[{"embeddable":true,"href":"https:\/\/labubuveikals.lv\/lt\/wp-json\/wp\/v2\/media\/5985"}],"wp:attachment":[{"href":"https:\/\/labubuveikals.lv\/lt\/wp-json\/wp\/v2\/media?parent=5984"}],"wp:term":[{"taxonomy":"product_cat","embeddable":true,"href":"https:\/\/labubuveikals.lv\/lt\/wp-json\/wp\/v2\/product_cat?post=5984"},{"taxonomy":"product_tag","embeddable":true,"href":"https:\/\/labubuveikals.lv\/lt\/wp-json\/wp\/v2\/product_tag?post=5984"}],"curies":[{"name":"wp","href":"https:\/\/api.w.org\/{rel}","templated":true}]}}