{"id":6392,"date":"2025-07-19T13:39:53","date_gmt":"2025-07-19T13:39:53","guid":{"rendered":"https:\/\/labubuveikals.lv\/?post_type=product&#038;p=6392"},"modified":"2025-08-07T20:37:38","modified_gmt":"2025-08-07T20:37:38","slug":"labubu-zvaigzdes-apranga","status":"publish","type":"product","link":"https:\/\/labubuveikals.lv\/lt\/product\/labubu-zvaigzdes-apranga\/","title":{"rendered":"Labubu \u017dvaig\u017ed\u0117s apranga 34"},"content":{"rendered":"","protected":false},"excerpt":{"rendered":"","protected":false},"featured_media":6393,"comment_status":"closed","ping_status":"closed","template":"","meta":{"_acf_changed":false},"product_cat":[274],"product_tag":[],"class_list":{"0":"post-6392","1":"product","2":"type-product","3":"status-publish","4":"has-post-thumbnail","6":"product_cat-labubu-rubeliai","8":"first","9":"instock","10":"shipping-taxable","11":"purchasable","12":"product-type-simple","swatches":"rey-swatches","show_selected":""},"acf":[],"_links":{"self":[{"href":"https:\/\/labubuveikals.lv\/lt\/wp-json\/wp\/v2\/product\/6392","targetHints":{"allow":["GET"]}}],"collection":[{"href":"https:\/\/labubuveikals.lv\/lt\/wp-json\/wp\/v2\/product"}],"about":[{"href":"https:\/\/labubuveikals.lv\/lt\/wp-json\/wp\/v2\/types\/product"}],"replies":[{"embeddable":true,"href":"https:\/\/labubuveikals.lv\/lt\/wp-json\/wp\/v2\/comments?post=6392"}],"version-history":[{"count":3,"href":"https:\/\/labubuveikals.lv\/lt\/wp-json\/wp\/v2\/product\/6392\/revisions"}],"predecessor-version":[{"id":6977,"href":"https:\/\/labubuveikals.lv\/lt\/wp-json\/wp\/v2\/product\/6392\/revisions\/6977"}],"wp:featuredmedia":[{"embeddable":true,"href":"https:\/\/labubuveikals.lv\/lt\/wp-json\/wp\/v2\/media\/6393"}],"wp:attachment":[{"href":"https:\/\/labubuveikals.lv\/lt\/wp-json\/wp\/v2\/media?parent=6392"}],"wp:term":[{"taxonomy":"product_cat","embeddable":true,"href":"https:\/\/labubuveikals.lv\/lt\/wp-json\/wp\/v2\/product_cat?post=6392"},{"taxonomy":"product_tag","embeddable":true,"href":"https:\/\/labubuveikals.lv\/lt\/wp-json\/wp\/v2\/product_tag?post=6392"}],"curies":[{"name":"wp","href":"https:\/\/api.w.org\/{rel}","templated":true}]}}