{"id":6540,"date":"2025-07-19T21:17:06","date_gmt":"2025-07-19T21:17:06","guid":{"rendered":"https:\/\/labubuveikals.lv\/?post_type=product&#038;p=6540"},"modified":"2025-08-05T13:23:34","modified_gmt":"2025-08-05T13:23:34","slug":"labubu-permatoma-apsaugine-kuprine-deklas-rozinis","status":"publish","type":"product","link":"https:\/\/labubuveikals.lv\/lt\/product\/labubu-permatoma-apsaugine-kuprine-deklas-rozinis\/","title":{"rendered":"Labubu permatoma apsaugin\u0117 kuprin\u0117 d\u0117klas, Ro\u017einis"},"content":{"rendered":"","protected":false},"excerpt":{"rendered":"","protected":false},"featured_media":6541,"comment_status":"closed","ping_status":"closed","template":"","meta":{"_acf_changed":false},"product_cat":[294,274],"product_tag":[],"class_list":{"0":"post-6540","1":"product","2":"type-product","3":"status-publish","4":"has-post-thumbnail","6":"product_cat-labubu-aksesuarai","7":"product_cat-labubu-rubeliai","9":"first","10":"instock","11":"shipping-taxable","12":"purchasable","13":"product-type-simple","swatches":"rey-swatches","show_selected":""},"acf":[],"_links":{"self":[{"href":"https:\/\/labubuveikals.lv\/lt\/wp-json\/wp\/v2\/product\/6540","targetHints":{"allow":["GET"]}}],"collection":[{"href":"https:\/\/labubuveikals.lv\/lt\/wp-json\/wp\/v2\/product"}],"about":[{"href":"https:\/\/labubuveikals.lv\/lt\/wp-json\/wp\/v2\/types\/product"}],"replies":[{"embeddable":true,"href":"https:\/\/labubuveikals.lv\/lt\/wp-json\/wp\/v2\/comments?post=6540"}],"version-history":[{"count":1,"href":"https:\/\/labubuveikals.lv\/lt\/wp-json\/wp\/v2\/product\/6540\/revisions"}],"predecessor-version":[{"id":6542,"href":"https:\/\/labubuveikals.lv\/lt\/wp-json\/wp\/v2\/product\/6540\/revisions\/6542"}],"wp:featuredmedia":[{"embeddable":true,"href":"https:\/\/labubuveikals.lv\/lt\/wp-json\/wp\/v2\/media\/6541"}],"wp:attachment":[{"href":"https:\/\/labubuveikals.lv\/lt\/wp-json\/wp\/v2\/media?parent=6540"}],"wp:term":[{"taxonomy":"product_cat","embeddable":true,"href":"https:\/\/labubuveikals.lv\/lt\/wp-json\/wp\/v2\/product_cat?post=6540"},{"taxonomy":"product_tag","embeddable":true,"href":"https:\/\/labubuveikals.lv\/lt\/wp-json\/wp\/v2\/product_tag?post=6540"}],"curies":[{"name":"wp","href":"https:\/\/api.w.org\/{rel}","templated":true}]}}