{"id":1015,"date":"2024-10-24T10:52:09","date_gmt":"2024-10-24T10:52:09","guid":{"rendered":"https:\/\/labubuveikals.lv\/?page_id=1015"},"modified":"2025-07-11T14:11:18","modified_gmt":"2025-07-11T14:11:18","slug":"pasutijums","status":"publish","type":"page","link":"https:\/\/labubuveikals.lv\/lv\/pasutijums\/","title":{"rendered":"Pas\u016btiet no"},"content":{"rendered":"<div data-elementor-type=\"wp-page\" data-elementor-id=\"1015\" class=\"elementor elementor-1015\" data-elementor-post-type=\"page\">\n\t\t\t\t<div class=\"e-con-top elementor-element elementor-element-2cf8296 e-con-full e-flex e-con e-parent\" data-id=\"2cf8296\" data-element_type=\"container\" data-settings=\"{&quot;background_background&quot;:&quot;classic&quot;}\">\n\t\t\t\t<div class=\"elementor-element elementor-element-17cc672 elementor-widget elementor-widget-reycore-breadcrumbs\" data-id=\"17cc672\" data-element_type=\"widget\" data-widget_type=\"reycore-breadcrumbs.default\">\n\t\t\t\t<div class=\"elementor-widget-container\">\n\t\t\t\t\t\n\t\t<div class=\"rey-element reyEl-breadcrumbs\">\n\n\t\t\t<nav class=\"rey-breadcrumbs\"><div class=\"rey-breadcrumbs-item\">S\u0101kums<\/div><\/nav>\t\t<\/div>\n\t\t<!-- .reyEl-breadcrumbs -->\n\t\t\t\t\t\t<\/div>\n\t\t\t\t<\/div>\n\t\t\t\t<\/div>\n\t\t<div class=\"e-con-top elementor-element elementor-element-73afa6c e-con-full e-flex e-con e-parent\" data-id=\"73afa6c\" data-element_type=\"container\" data-settings=\"{&quot;background_background&quot;:&quot;classic&quot;}\">\n\t\t<div class=\"elementor-element elementor-element-0aadf9f e-con-full e-flex e-con e-child\" data-id=\"0aadf9f\" data-element_type=\"container\">\n\t\t\t\t<div class=\"elementor-element elementor-element-e3a067d reyEl-menu--vertical reyEl-menu--cols-1 elementor-widget elementor-widget-reycore-menu\" data-id=\"e3a067d\" data-element_type=\"widget\" data-widget_type=\"reycore-menu.default\">\n\t\t\t\t<div class=\"elementor-widget-container\">\n\t\t\t\t\t\n\t\t<div class=\"rey-element reyEl-menu --css-cols\">\n\t\t\t<div class=\"reyEl-menuTitle reyEl-menuTitle--\"><span>Pal\u012bdz\u012bba<\/span><\/div><div class=\"reyEl-menu-navWrapper\"><ul id=\"menu-customer-service\" class=\"reyEl-menu-nav rey-navEl --menuHover-ulr\"><li id=\"menu-item-3449\" class=\"menu-item menu-item-type-post_type menu-item-object-page menu-item-3449 o-id-1097\"><a href=\"https:\/\/labubuveikals.lv\/lv\/klientu-apkalposana\/\"><span>Klientu apkalpo\u0161ana<\/span><\/a><\/li>\n<li id=\"menu-item-3453\" class=\"menu-item menu-item-type-post_type menu-item-object-page menu-item-3453 o-id-1047\"><a href=\"https:\/\/labubuveikals.lv\/lv\/prezentacija\/\"><span>Pieg\u0101de<\/span><\/a><\/li>\n<li id=\"menu-item-3430\" class=\"menu-item menu-item-type-post_type menu-item-object-page menu-item-3430 o-id-1015\"><a href=\"https:\/\/labubuveikals.lv\/lv\/pasutijums\/\"><span>Pas\u016btiet no<\/span><\/a><\/li>\n<li id=\"menu-item-3454\" class=\"menu-item menu-item-type-post_type menu-item-object-page menu-item-3454 o-id-1029\"><a href=\"https:\/\/labubuveikals.lv\/lv\/maksajums-33\/\"><span>Maks\u0101jums<\/span><\/a><\/li>\n<li id=\"menu-item-3451\" class=\"menu-item menu-item-type-post_type menu-item-object-page menu-item-3451 o-id-1065\"><a href=\"https:\/\/labubuveikals.lv\/lv\/atmaksa\/\"><span>Atgrie\u017e<\/span><\/a><\/li>\n<li id=\"menu-item-3450\" class=\"menu-item menu-item-type-post_type menu-item-object-page menu-item-3450 o-id-1070\"><a href=\"https:\/\/labubuveikals.lv\/lv\/sazinieties-ar\/\"><span>Sazinieties ar<\/span><\/a><\/li>\n<\/ul><\/div>\t\t<\/div>\n\t\t\t\t\t\t<\/div>\n\t\t\t\t<\/div>\n\t\t\t\t<\/div>\n\t\t<div class=\"elementor-element elementor-element-7f76420 e-con-full e-flex e-con e-child\" data-id=\"7f76420\" data-element_type=\"container\">\n\t\t\t\t<div class=\"elementor-element elementor-element-261b386 elementor-widget elementor-widget-heading\" data-id=\"261b386\" data-element_type=\"widget\" data-widget_type=\"heading.default\">\n\t\t\t\t\t<h1 class=\"elementor-heading-title elementor-size-default\">Pas\u016btiet no<\/h1>\t\t\t\t<\/div>\n\t\t\t\t<div class=\"elementor-element elementor-element-337872d elementor-widget elementor-widget-text-editor\" data-id=\"337872d\" data-element_type=\"widget\" data-widget_type=\"text-editor.default\">\n\t\t\t\t\t\t\t\t\t<p><span style=\"font-weight: 400;\">Pal\u012bdz\u012bba pas\u016bt\u012bjuma veik\u0161an\u0101.<\/span><\/p>\t\t\t\t\t\t\t\t<\/div>\n\t\t\t\t<div class=\"elementor-element elementor-element-2fde6df elementor-widget elementor-widget-heading\" data-id=\"2fde6df\" data-element_type=\"widget\" data-widget_type=\"heading.default\">\n\t\t\t\t\t<div class=\"elementor-heading-title elementor-size-default\">Bie\u017e\u0101k uzdotie jaut\u0101jumi<\/div>\t\t\t\t<\/div>\n\t\t\t\t<div class=\"elementor-element elementor-element-75c959f elementor-widget elementor-widget-text-editor\" data-id=\"75c959f\" data-element_type=\"widget\" data-widget_type=\"text-editor.default\">\n\t\t\t\t\t\t\t\t\t<ol><li>Atrodiet vajadz\u012bgo produktu.<\/li><li>Pievienojiet preci iepirkumu grozam, noklik\u0161\u0137inot uz iepirkumu groza r\u016bti\u0146as.<\/li><li>Iepirkumu groz\u0101 atrad\u012bsiet \u012bpa\u0161us pied\u0101v\u0101jumus, kurus varat pievienot savam pas\u016bt\u012bjumam.<\/li><li>Kad esat aizpild\u012bjis iepirkumu grozu, noklik\u0161\u0137iniet uz \"Izrakst\u012bties\".<br \/>L\u016bdzu, nor\u0101diet savus datus un vietu, kur mums j\u0101pieg\u0101d\u0101 j\u016bsu pas\u016bt\u012bjums.<\/li><li>Izv\u0113lieties Venipak vai citu pieg\u0101des kurjeru.<\/li><li>Izv\u0113lieties v\u0113lamo maks\u0101juma veidu un noklik\u0161\u0137iniet uz Maks\u0101t.<\/li><li>Kad b\u016bsiet veicis maks\u0101jumu Paysera maks\u0101jumu sist\u0113m\u0101, j\u016bs tiksiet atgriezts t\u012bmek\u013ca vietn\u0113.<\/li><li>Apsveicam ar pirkumu!<\/li><\/ol>\t\t\t\t\t\t\t\t<\/div>\n\t\t\t\t<div class=\"elementor-element elementor-element-cc0088c elementor-widget elementor-widget-n-accordion\" data-id=\"cc0088c\" data-element_type=\"widget\" data-settings=\"{&quot;default_state&quot;:&quot;expanded&quot;,&quot;max_items_expended&quot;:&quot;one&quot;,&quot;n_accordion_animation_duration&quot;:{&quot;unit&quot;:&quot;ms&quot;,&quot;size&quot;:400,&quot;sizes&quot;:[]}}\" data-widget_type=\"nested-accordion.default\">\n\t\t\t\t\t\t\t<div class=\"e-n-accordion\" aria-label=\"Akordeons. Atveriet saites ar Enter vai Space, aizveriet ar Escape un p\u0101rvietojieties ar bulttausti\u0146iem.\">\n\t\t\t\t\t\t<details id=\"e-n-accordion-item-2130\" class=\"e-n-accordion-item\" open>\n\t\t\t\t<summary class=\"e-n-accordion-item-title\" data-accordion-index=\"1\" tabindex=\"0\" aria-expanded=\"true\" aria-controls=\"e-n-accordion-item-2130\" >\n\t\t\t\t\t<span class='e-n-accordion-item-title-header'><div class=\"e-n-accordion-item-title-text\"> Vai man vajadz\u012bgais produkts ir noliktav\u0101? <\/div><\/span>\n\t\t\t\t\t\t\t<span class='e-n-accordion-item-title-icon'>\n\t\t\t<span class='e-opened' ><i aria-hidden=\"true\" class=\"fas fa-minus\"><\/i><\/span>\n\t\t\t<span class='e-closed'><i aria-hidden=\"true\" class=\"fas fa-plus\"><\/i><\/span>\n\t\t<\/span>\n\n\t\t\t\t\t\t<\/summary>\n\t\t\t\t<div role=\"region region\" aria-labelledby=\"e-n-accordion-item-2130 e-n-accordion-item-2130\" class=\"e-con-top elementor-element elementor-element-73d4c47 e-con-full e-flex e-con e-child\" data-id=\"73d4c47\" data-element_type=\"container\">\n\t\t<div role=\"region region\" aria-labelledby=\"e-n-accordion-item-2130 e-n-accordion-item-2130\" class=\"elementor-element elementor-element-968cc11 e-flex e-con-boxed e-con e-child\" data-id=\"968cc11\" data-element_type=\"container\">\n\t\t\t\t\t<div class=\"e-con-inner\">\n\t\t\t\t<div class=\"elementor-element elementor-element-b585876 elementor-widget elementor-widget-text-editor\" data-id=\"b585876\" data-element_type=\"widget\" data-widget_type=\"text-editor.default\">\n\t\t\t\t\t\t\t\t\t<p>Noklik\u0161\u0137inot uz v\u0113lam\u0101 produkta, varat redz\u0113t, vai tas ir noliktav\u0101. Ja ir, varat pievienot to savam grozam un doties pie kases.<\/p>\t\t\t\t\t\t\t\t<\/div>\n\t\t\t\t\t<\/div>\n\t\t\t\t<\/div>\n\t\t\t\t<\/div>\n\t\t\t\t\t<\/details>\n\t\t\t\t\t\t<details id=\"e-n-accordion-item-2131\" class=\"e-n-accordion-item\" >\n\t\t\t\t<summary class=\"e-n-accordion-item-title\" data-accordion-index=\"2\" tabindex=\"-1\" aria-expanded=\"false\" aria-controls=\"e-n-accordion-item-2131\" >\n\t\t\t\t\t<span class='e-n-accordion-item-title-header'><div class=\"e-n-accordion-item-title-text\"> Vai es varu main\u012bt vai atcelt savu pas\u016bt\u012bjumu? <\/div><\/span>\n\t\t\t\t\t\t\t<span class='e-n-accordion-item-title-icon'>\n\t\t\t<span class='e-opened' ><i aria-hidden=\"true\" class=\"fas fa-minus\"><\/i><\/span>\n\t\t\t<span class='e-closed'><i aria-hidden=\"true\" class=\"fas fa-plus\"><\/i><\/span>\n\t\t<\/span>\n\n\t\t\t\t\t\t<\/summary>\n\t\t\t\t<div role=\"region region\" aria-labelledby=\"e-n-accordion-item-2131 e-n-accordion-item-2131\" class=\"e-con-top elementor-element elementor-element-3117e60 e-con-full e-flex e-con e-child\" data-id=\"3117e60\" data-element_type=\"container\">\n\t\t<div role=\"region region\" aria-labelledby=\"e-n-accordion-item-2131 e-n-accordion-item-2131\" class=\"elementor-element elementor-element-991111f e-flex e-con-boxed e-con e-child\" data-id=\"991111f\" data-element_type=\"container\">\n\t\t\t\t\t<div class=\"e-con-inner\">\n\t\t\t\t<div class=\"elementor-element elementor-element-ad7ab00 elementor-widget elementor-widget-text-editor\" data-id=\"ad7ab00\" data-element_type=\"widget\" data-widget_type=\"text-editor.default\">\n\t\t\t\t\t\t\t\t\t<p>J\u0101, j\u016bs varat main\u012bt vai atcelt savu pas\u016bt\u012bjumu, pirms tas ir nos\u016bt\u012bts. L\u016bdzu, sazinieties ar m\u016bsu speci\u0101listiem, lai piepras\u012btu izmai\u0146as vai atcel\u0161anu.<\/p>\t\t\t\t\t\t\t\t<\/div>\n\t\t\t\t\t<\/div>\n\t\t\t\t<\/div>\n\t\t\t\t<\/div>\n\t\t\t\t\t<\/details>\n\t\t\t\t\t\t<details id=\"e-n-accordion-item-2132\" class=\"e-n-accordion-item\" >\n\t\t\t\t<summary class=\"e-n-accordion-item-title\" data-accordion-index=\"3\" tabindex=\"-1\" aria-expanded=\"false\" aria-controls=\"e-n-accordion-item-2132\" >\n\t\t\t\t\t<span class='e-n-accordion-item-title-header'><div class=\"e-n-accordion-item-title-text\"> Ko dar\u012bt, ja man\u0101 pas\u016bt\u012bjum\u0101 tr\u016bkst pre\u010du? <\/div><\/span>\n\t\t\t\t\t\t\t<span class='e-n-accordion-item-title-icon'>\n\t\t\t<span class='e-opened' ><i aria-hidden=\"true\" class=\"fas fa-minus\"><\/i><\/span>\n\t\t\t<span class='e-closed'><i aria-hidden=\"true\" class=\"fas fa-plus\"><\/i><\/span>\n\t\t<\/span>\n\n\t\t\t\t\t\t<\/summary>\n\t\t\t\t<div role=\"region region\" aria-labelledby=\"e-n-accordion-item-2132 e-n-accordion-item-2132\" class=\"e-con-top elementor-element elementor-element-14603cf e-con-full e-flex e-con e-child\" data-id=\"14603cf\" data-element_type=\"container\">\n\t\t<div role=\"region region\" aria-labelledby=\"e-n-accordion-item-2132 e-n-accordion-item-2132\" class=\"elementor-element elementor-element-457bbfd e-flex e-con-boxed e-con e-child\" data-id=\"457bbfd\" data-element_type=\"container\">\n\t\t\t\t\t<div class=\"e-con-inner\">\n\t\t\t\t<div class=\"elementor-element elementor-element-bbb801d elementor-widget elementor-widget-text-editor\" data-id=\"bbb801d\" data-element_type=\"widget\" data-widget_type=\"text-editor.default\">\n\t\t\t\t\t\t\t\t\t<p>Ja j\u016bsu pas\u016bt\u012bjum\u0101 tr\u016bkst pre\u010du, l\u016bdzu, sazinieties ar m\u016bsu Klientu apkalpo\u0161anas centru. M\u016bsu speci\u0101listi pal\u012bdz\u0113s jums atrisin\u0101t probl\u0113mu p\u0113c iesp\u0113jas \u0101tr\u0101k. Noteikti nofotograf\u0113jiet savu pas\u016bt\u012bjumu un nos\u016btiet to mums.<\/p>\t\t\t\t\t\t\t\t<\/div>\n\t\t\t\t\t<\/div>\n\t\t\t\t<\/div>\n\t\t\t\t<\/div>\n\t\t\t\t\t<\/details>\n\t\t\t\t\t<\/div>\n\t\t\t\t\t\t<\/div>\n\t\t\t\t<div class=\"elementor-element elementor-element-c4b0a08 elementor-widget elementor-widget-spacer\" data-id=\"c4b0a08\" data-element_type=\"widget\" data-widget_type=\"spacer.default\">\n\t\t\t\t\t\t\t<div class=\"elementor-spacer\">\n\t\t\t<div class=\"elementor-spacer-inner\"><\/div>\n\t\t<\/div>\n\t\t\t\t\t\t<\/div>\n\t\t\t\t<\/div>\n\t\t\t\t<\/div>\n\t\t<div class=\"e-con-top elementor-element elementor-element-df25bfc e-flex e-con-boxed e-con e-parent\" data-id=\"df25bfc\" data-element_type=\"container\" data-settings=\"{&quot;background_background&quot;:&quot;classic&quot;}\">\n\t\t\t\t\t<div class=\"e-con-inner\">\n\t\t\t\t<div class=\"elementor-element elementor-element-2069288 elementor-widget elementor-widget-reycore-global-section\" data-id=\"2069288\" data-element_type=\"widget\" data-widget_type=\"reycore-global-section.default\">\n\t\t\t\t<div class=\"elementor-widget-container\">\n\t\t\t\t\t\t\t<div class=\"rey-element reyEl-gs\">\n\t\t\t\t\t<div data-elementor-type=\"wp-post\" data-elementor-id=\"1036\" class=\"elementor elementor-1036\" data-elementor-post-type=\"rey-global-sections\" data-elementor-gstype=\"generic\" data-page-el-selector=\"body.elementor-page-1036\" data-disable-padding=\"\">\n\t\t\t\t<div class=\"e-con-top elementor-element elementor-element-4f19e7d e-flex e-con-boxed e-con e-parent\" data-id=\"4f19e7d\" data-element_type=\"container\">\n\t\t\t\t\t<div class=\"e-con-inner\">\n\t\t\t\t<div class=\"elementor-element elementor-element-6701e89 elementor-widget elementor-widget-heading\" data-id=\"6701e89\" data-element_type=\"widget\" data-widget_type=\"heading.default\">\n\t\t\t\t\t<div class=\"elementor-heading-title elementor-size-default\">Sazinieties ar\n\n\n\n\n\n\n\n\n<\/div>\t\t\t\t<\/div>\n\t\t\t\t<div class=\"elementor-element elementor-element-d58e778 elementor-widget elementor-widget-text-editor\" data-id=\"d58e778\" data-element_type=\"widget\" data-widget_type=\"text-editor.default\">\n\t\t\t\t\t\t\t\t\t<p>M\u016bsu klientu apkalpo\u0161anas dienests ir atv\u0113rts darba dien\u0101s no <strong>8:00<\/strong> L\u012bdz <strong>17:00<\/strong> Val<\/p>\t\t\t\t\t\t\t\t<\/div>\n\t\t\t\t\t<\/div>\n\t\t\t\t<\/div>\n\t\t<div class=\"e-con-top elementor-element elementor-element-466203a e-grid e-con-full e-con e-child\" data-id=\"466203a\" data-element_type=\"container\">\n\t\t\t\t<div class=\"elementor-element elementor-element-76d8e7d dce_masking-none elementor-position-top elementor-widget elementor-widget-image-box\" data-id=\"76d8e7d\" data-element_type=\"widget\" data-widget_type=\"image-box.default\">\n\t\t\t\t\t<div class=\"elementor-image-box-wrapper\"><figure class=\"elementor-image-box-img\"><a href=\"http:\/\/m.me\/61578023804817\" tabindex=\"-1\"><img decoding=\"async\" width=\"150\" height=\"150\" src=\"https:\/\/labubuveikals.lv\/wp-content\/uploads\/2024\/10\/messanger-150x150.webp\" class=\"attachment-thumbnail size-thumbnail wp-image-5220\" alt=\"\" srcset=\"https:\/\/labubuveikals.lv\/wp-content\/uploads\/2024\/10\/messanger-150x150.webp 150w, https:\/\/labubuveikals.lv\/wp-content\/uploads\/2024\/10\/messanger-100x100.webp 100w, https:\/\/labubuveikals.lv\/wp-content\/uploads\/2024\/10\/messanger.webp 205w\" sizes=\"(max-width: 150px) 100vw, 150px\" \/><\/a><\/figure><div class=\"elementor-image-box-content\"><h6 class=\"elementor-image-box-title\"><a href=\"http:\/\/m.me\/61578023804817\">Messenger<\/a><\/h6><p class=\"elementor-image-box-description\">(09:00 - 17:00)<\/p><\/div><\/div>\t\t\t\t<\/div>\n\t\t\t\t<div class=\"elementor-element elementor-element-fd025f9 dce_masking-none elementor-position-top elementor-widget elementor-widget-image-box\" data-id=\"fd025f9\" data-element_type=\"widget\" data-widget_type=\"image-box.default\">\n\t\t\t\t\t<div class=\"elementor-image-box-wrapper\"><figure class=\"elementor-image-box-img\"><a href=\"http:\/\/wa.me\/37064208510\" tabindex=\"-1\"><img decoding=\"async\" width=\"150\" height=\"150\" src=\"https:\/\/labubuveikals.lv\/wp-content\/uploads\/2024\/10\/whatsapp-150x150.webp\" class=\"attachment-thumbnail size-thumbnail wp-image-5221\" alt=\"\" srcset=\"https:\/\/labubuveikals.lv\/wp-content\/uploads\/2024\/10\/whatsapp-150x150.webp 150w, https:\/\/labubuveikals.lv\/wp-content\/uploads\/2024\/10\/whatsapp-100x100.webp 100w, https:\/\/labubuveikals.lv\/wp-content\/uploads\/2024\/10\/whatsapp.webp 205w\" sizes=\"(max-width: 150px) 100vw, 150px\" \/><\/a><\/figure><div class=\"elementor-image-box-content\"><h6 class=\"elementor-image-box-title\"><a href=\"http:\/\/wa.me\/37064208510\">Whatsapp<\/a><\/h6><p class=\"elementor-image-box-description\">(09:00 - 17:00)<\/p><\/div><\/div>\t\t\t\t<\/div>\n\t\t\t\t<div class=\"elementor-element elementor-element-0fe719f dce_masking-none elementor-position-top elementor-widget elementor-widget-image-box\" data-id=\"0fe719f\" data-element_type=\"widget\" data-widget_type=\"image-box.default\">\n\t\t\t\t\t<div class=\"elementor-image-box-wrapper\"><figure class=\"elementor-image-box-img\"><a href=\"mailto:info@labubuveikals.lv\" tabindex=\"-1\"><img decoding=\"async\" width=\"150\" height=\"150\" src=\"https:\/\/labubuveikals.lv\/wp-content\/uploads\/2024\/10\/email-150x150.webp\" class=\"attachment-thumbnail size-thumbnail wp-image-5222\" alt=\"\" srcset=\"https:\/\/labubuveikals.lv\/wp-content\/uploads\/2024\/10\/email-150x150.webp 150w, https:\/\/labubuveikals.lv\/wp-content\/uploads\/2024\/10\/email-100x100.webp 100w, https:\/\/labubuveikals.lv\/wp-content\/uploads\/2024\/10\/email.webp 205w\" sizes=\"(max-width: 150px) 100vw, 150px\" \/><\/a><\/figure><div class=\"elementor-image-box-content\"><h6 class=\"elementor-image-box-title\"><a href=\"mailto:info@labubuveikals.lv\">info@labubuveikals.lv<\/a><\/h6><p class=\"elementor-image-box-description\">(09:00 - 17:00)<\/p><\/div><\/div>\t\t\t\t<\/div>\n\t\t\t\t<\/div>\n\t\t\t\t<\/div>\n\t\t\t\t<\/div>\n\t\t<!-- .reyEl-gs -->\n\t\t\t\t\t\t<\/div>\n\t\t\t\t<\/div>\n\t\t\t\t\t<\/div>\n\t\t\t\t<\/div>\n\t\t\t\t<\/div>","protected":false},"excerpt":{"rendered":"<p>Home Pagalba Klient\u0173 aptarnavimas Pristatymas U\u017esakymas Apmok\u0117jimas Gr\u0105\u017einimas Kontaktai U\u017esakymas Pagalba pateikiant u\u017esakym\u0105. Da\u017eniausiai u\u017eduodami klausimai Raskite norim\u0105 prek\u0119. \u012ed\u0117kite prek\u0119 \u012f pirkini\u0173 krep\u0161el\u012f paspaud\u0119 ant pirkini\u0173 krep\u0161elio migtuko. Preki\u0173 krep\u0161elyje rasite specialius pasi\u016blymus, kuriuos gal\u0117site prid\u0117ti prie savo u\u017esakymo. U\u017epild\u0119 pirkini\u0173 krep\u0161el\u012f spauskite \u201eApmok\u0117jimas\u201c.Nurodykite, savo duomenys ir kur tur\u0117tume pristatyti u\u017esakym\u0105. Pasirinkite \u201eVenipak ar [&hellip;]<\/p>","protected":false},"author":1,"featured_media":0,"parent":0,"menu_order":0,"comment_status":"closed","ping_status":"closed","template":"elementor_theme","meta":{"_acf_changed":false,"footnotes":""},"class_list":["post-1015","page","type-page","status-publish","hentry"],"acf":[],"_links":{"self":[{"href":"https:\/\/labubuveikals.lv\/lv\/wp-json\/wp\/v2\/pages\/1015","targetHints":{"allow":["GET"]}}],"collection":[{"href":"https:\/\/labubuveikals.lv\/lv\/wp-json\/wp\/v2\/pages"}],"about":[{"href":"https:\/\/labubuveikals.lv\/lv\/wp-json\/wp\/v2\/types\/page"}],"author":[{"embeddable":true,"href":"https:\/\/labubuveikals.lv\/lv\/wp-json\/wp\/v2\/users\/1"}],"replies":[{"embeddable":true,"href":"https:\/\/labubuveikals.lv\/lv\/wp-json\/wp\/v2\/comments?post=1015"}],"version-history":[{"count":0,"href":"https:\/\/labubuveikals.lv\/lv\/wp-json\/wp\/v2\/pages\/1015\/revisions"}],"wp:attachment":[{"href":"https:\/\/labubuveikals.lv\/lv\/wp-json\/wp\/v2\/media?parent=1015"}],"curies":[{"name":"wp","href":"https:\/\/api.w.org\/{rel}","templated":true}]}}