{"id":1060,"date":"2024-10-24T12:57:34","date_gmt":"2024-10-24T12:57:34","guid":{"rendered":"https:\/\/labubuveikals.lv\/?page_id=1060"},"modified":"2025-07-08T21:18:03","modified_gmt":"2025-07-08T21:18:03","slug":"paskyra","status":"publish","type":"page","link":"https:\/\/labubuveikals.lv\/lv\/paskyra\/","title":{"rendered":"Konts"},"content":{"rendered":"<div data-elementor-type=\"wp-page\" data-elementor-id=\"1060\" class=\"elementor elementor-1060\" data-elementor-post-type=\"page\">\n\t\t\t\t<div class=\"e-con-top elementor-element elementor-element-1be80e8 e-con-full e-flex e-con e-parent\" data-id=\"1be80e8\" data-element_type=\"container\" data-settings=\"{&quot;background_background&quot;:&quot;classic&quot;}\">\n\t\t\t\t<div class=\"elementor-element elementor-element-c856f8c elementor-widget elementor-widget-reycore-breadcrumbs\" data-id=\"c856f8c\" data-element_type=\"widget\" data-widget_type=\"reycore-breadcrumbs.default\">\n\t\t\t\t<div class=\"elementor-widget-container\">\n\t\t\t\t\t\n\t\t<div class=\"rey-element reyEl-breadcrumbs\">\n\n\t\t\t<nav class=\"rey-breadcrumbs\"><div class=\"rey-breadcrumbs-item\">S\u0101kums<\/div><\/nav>\t\t<\/div>\n\t\t<!-- .reyEl-breadcrumbs -->\n\t\t\t\t\t\t<\/div>\n\t\t\t\t<\/div>\n\t\t\t\t<\/div>\n\t\t<div class=\"e-con-top elementor-element elementor-element-1a8d51f e-con-full e-flex e-con e-parent\" data-id=\"1a8d51f\" data-element_type=\"container\" data-settings=\"{&quot;background_background&quot;:&quot;classic&quot;}\">\n\t\t<div class=\"elementor-element elementor-element-0433466 e-con-full e-flex e-con e-child\" data-id=\"0433466\" data-element_type=\"container\">\n\t\t\t\t<div class=\"elementor-element elementor-element-90a6ae7 reyEl-menu--vertical reyEl-menu--cols-1 elementor-widget elementor-widget-reycore-menu\" data-id=\"90a6ae7\" data-element_type=\"widget\" data-widget_type=\"reycore-menu.default\">\n\t\t\t\t<div class=\"elementor-widget-container\">\n\t\t\t\t\t\n\t\t<div class=\"rey-element reyEl-menu --css-cols\">\n\t\t\t<div class=\"reyEl-menuTitle reyEl-menuTitle--\"><span>Pal\u012bdz\u012bba<\/span><\/div><div class=\"reyEl-menu-navWrapper\"><ul id=\"menu-customer-service\" class=\"reyEl-menu-nav rey-navEl --menuHover-ulr\"><li id=\"menu-item-3449\" class=\"menu-item menu-item-type-post_type menu-item-object-page menu-item-3449 o-id-1097\"><a href=\"https:\/\/labubuveikals.lv\/lv\/klientu-apkalposana\/\"><span>Klientu apkalpo\u0161ana<\/span><\/a><\/li>\n<li id=\"menu-item-3453\" class=\"menu-item menu-item-type-post_type menu-item-object-page menu-item-3453 o-id-1047\"><a href=\"https:\/\/labubuveikals.lv\/lv\/prezentacija\/\"><span>Pieg\u0101de<\/span><\/a><\/li>\n<li id=\"menu-item-3430\" class=\"menu-item menu-item-type-post_type menu-item-object-page menu-item-3430 o-id-1015\"><a href=\"https:\/\/labubuveikals.lv\/lv\/pasutijums\/\"><span>Pas\u016btiet no<\/span><\/a><\/li>\n<li id=\"menu-item-3454\" class=\"menu-item menu-item-type-post_type menu-item-object-page menu-item-3454 o-id-1029\"><a href=\"https:\/\/labubuveikals.lv\/lv\/maksajums-33\/\"><span>Maks\u0101jums<\/span><\/a><\/li>\n<li id=\"menu-item-3451\" class=\"menu-item menu-item-type-post_type menu-item-object-page menu-item-3451 o-id-1065\"><a href=\"https:\/\/labubuveikals.lv\/lv\/atmaksa\/\"><span>Atgrie\u017e<\/span><\/a><\/li>\n<li id=\"menu-item-3450\" class=\"menu-item menu-item-type-post_type menu-item-object-page menu-item-3450 o-id-1070\"><a href=\"https:\/\/labubuveikals.lv\/lv\/sazinieties-ar\/\"><span>Sazinieties ar<\/span><\/a><\/li>\n<\/ul><\/div>\t\t<\/div>\n\t\t\t\t\t\t<\/div>\n\t\t\t\t<\/div>\n\t\t\t\t<\/div>\n\t\t<div class=\"elementor-element elementor-element-99afaf5 e-con-full e-flex e-con e-child\" data-id=\"99afaf5\" data-element_type=\"container\">\n\t\t\t\t<div class=\"elementor-element elementor-element-abfb044 elementor-widget elementor-widget-heading\" data-id=\"abfb044\" data-element_type=\"widget\" data-widget_type=\"heading.default\">\n\t\t\t\t\t<h1 class=\"elementor-heading-title elementor-size-default\">Lietot\u0101ja konts<\/h1>\t\t\t\t<\/div>\n\t\t\t\t<div class=\"elementor-element elementor-element-f4b5d98 elementor-widget elementor-widget-text-editor\" data-id=\"f4b5d98\" data-element_type=\"widget\" data-widget_type=\"text-editor.default\">\n\t\t\t\t\t\t\t\t\t<p>\u010cia rasite atsakymus \u012f visus klausimus apie savo paskyr\u0105.<\/p>\t\t\t\t\t\t\t\t<\/div>\n\t\t\t\t<div class=\"elementor-element elementor-element-84c0b3b elementor-widget elementor-widget-heading\" data-id=\"84c0b3b\" data-element_type=\"widget\" data-widget_type=\"heading.default\">\n\t\t\t\t\t<div class=\"elementor-heading-title elementor-size-default\">Bie\u017e\u0101k uzdotie jaut\u0101jumi\n<\/div>\t\t\t\t<\/div>\n\t\t\t\t<div class=\"elementor-element elementor-element-4e74667 elementor-widget elementor-widget-n-accordion\" data-id=\"4e74667\" data-element_type=\"widget\" data-settings=\"{&quot;default_state&quot;:&quot;all_collapsed&quot;,&quot;max_items_expended&quot;:&quot;one&quot;,&quot;n_accordion_animation_duration&quot;:{&quot;unit&quot;:&quot;ms&quot;,&quot;size&quot;:400,&quot;sizes&quot;:[]}}\" data-widget_type=\"nested-accordion.default\">\n\t\t\t\t\t\t\t<div class=\"e-n-accordion\" aria-label=\"Akordeons. Atveriet saites ar Enter vai Space, aizveriet ar Escape un p\u0101rvietojieties ar bulttausti\u0146iem.\">\n\t\t\t\t\t\t<details id=\"e-n-accordion-item-8220\" class=\"e-n-accordion-item\" >\n\t\t\t\t<summary class=\"e-n-accordion-item-title\" data-accordion-index=\"1\" tabindex=\"0\" aria-expanded=\"false\" aria-controls=\"e-n-accordion-item-8220\" >\n\t\t\t\t\t<span class='e-n-accordion-item-title-header'><div class=\"e-n-accordion-item-title-text\"> K\u0101 izveidot kontu? <\/div><\/span>\n\t\t\t\t\t\t\t<span class='e-n-accordion-item-title-icon'>\n\t\t\t<span class='e-opened' ><i aria-hidden=\"true\" class=\"fas fa-minus\"><\/i><\/span>\n\t\t\t<span class='e-closed'><i aria-hidden=\"true\" class=\"fas fa-plus\"><\/i><\/span>\n\t\t<\/span>\n\n\t\t\t\t\t\t<\/summary>\n\t\t\t\t<div role=\"region region\" aria-labelledby=\"e-n-accordion-item-8220 e-n-accordion-item-8220\" class=\"e-con-top elementor-element elementor-element-6ed3694 e-con-full e-flex e-con e-child\" data-id=\"6ed3694\" data-element_type=\"container\">\n\t\t<div role=\"region region\" aria-labelledby=\"e-n-accordion-item-8220 e-n-accordion-item-8220\" class=\"elementor-element elementor-element-5f2fc0f e-flex e-con-boxed e-con e-child\" data-id=\"5f2fc0f\" data-element_type=\"container\">\n\t\t\t\t\t<div class=\"e-con-inner\">\n\t\t\t\t<div class=\"elementor-element elementor-element-7c78d89 elementor-widget elementor-widget-text-editor\" data-id=\"7c78d89\" data-element_type=\"widget\" data-widget_type=\"text-editor.default\">\n\t\t\t\t\t\t\t\t\t<p>Lai izveidotu kontu, dodieties uz sada\u013cu \"Pierakst\u012bties\" lapas aug\u0161\u0113j\u0101 labaj\u0101 st\u016br\u012b un noklik\u0161\u0137iniet uz \"Izveidot kontu\". P\u0113c tam aizpildiet nepiecie\u0161amo inform\u0101ciju un noklik\u0161\u0137iniet uz \"Izveidot kontu\".<\/p>\t\t\t\t\t\t\t\t<\/div>\n\t\t\t\t\t<\/div>\n\t\t\t\t<\/div>\n\t\t\t\t<\/div>\n\t\t\t\t\t<\/details>\n\t\t\t\t\t\t<details id=\"e-n-accordion-item-8221\" class=\"e-n-accordion-item\" >\n\t\t\t\t<summary class=\"e-n-accordion-item-title\" data-accordion-index=\"2\" tabindex=\"-1\" aria-expanded=\"false\" aria-controls=\"e-n-accordion-item-8221\" >\n\t\t\t\t\t<span class='e-n-accordion-item-title-header'><div class=\"e-n-accordion-item-title-text\"> Kaip atnaujinti savo informacij\u0105? <\/div><\/span>\n\t\t\t\t\t\t\t<span class='e-n-accordion-item-title-icon'>\n\t\t\t<span class='e-opened' ><i aria-hidden=\"true\" class=\"fas fa-minus\"><\/i><\/span>\n\t\t\t<span class='e-closed'><i aria-hidden=\"true\" class=\"fas fa-plus\"><\/i><\/span>\n\t\t<\/span>\n\n\t\t\t\t\t\t<\/summary>\n\t\t\t\t<div role=\"region region\" aria-labelledby=\"e-n-accordion-item-8221 e-n-accordion-item-8221\" class=\"e-con-top elementor-element elementor-element-f0fce3f e-con-full e-flex e-con e-child\" data-id=\"f0fce3f\" data-element_type=\"container\">\n\t\t<div role=\"region region\" aria-labelledby=\"e-n-accordion-item-8221 e-n-accordion-item-8221\" class=\"elementor-element elementor-element-d4e9aca e-flex e-con-boxed e-con e-child\" data-id=\"d4e9aca\" data-element_type=\"container\">\n\t\t\t\t\t<div class=\"e-con-inner\">\n\t\t\t\t<div class=\"elementor-element elementor-element-a60b410 elementor-widget elementor-widget-text-editor\" data-id=\"a60b410\" data-element_type=\"widget\" data-widget_type=\"text-editor.default\">\n\t\t\t\t\t\t\t\t\t<p>Paskyroje visada galite atnaujinti savo informacij\u0105, pvz., vard\u0105, el. pa\u0161to adres\u0105, pristatymo ir atsiskaitymo adres\u0105. Nor\u0117dami pakeisti savo asmenin\u0119 informacij\u0105, atlikite \u0161iuos veiksmus:<\/p><p>Eikite \u012f prisijungimo skilt\u012f ir prisijunkite naudodami savo el. pa\u0161to adres\u0105 ir slapta\u017eod\u012f.<br \/>Spustel\u0117kite \u201ePaskyros informacija\u201c.<br \/>\u010cia galite atnaujinti savo asmenin\u0119 informacij\u0105, el. pa\u0161to adres\u0105 ir slapta\u017eod\u012f.<br \/>Spustel\u0117kite \u201eI\u0161saugoti\u201c ir j\u016bs\u0173 informacija bus atnaujinta ir i\u0161saugota.<\/p>\t\t\t\t\t\t\t\t<\/div>\n\t\t\t\t\t<\/div>\n\t\t\t\t<\/div>\n\t\t\t\t<\/div>\n\t\t\t\t\t<\/details>\n\t\t\t\t\t\t<details id=\"e-n-accordion-item-8222\" class=\"e-n-accordion-item\" >\n\t\t\t\t<summary class=\"e-n-accordion-item-title\" data-accordion-index=\"3\" tabindex=\"-1\" aria-expanded=\"false\" aria-controls=\"e-n-accordion-item-8222\" >\n\t\t\t\t\t<span class='e-n-accordion-item-title-header'><div class=\"e-n-accordion-item-title-text\"> Pamir\u0161au savo paskyros el. pa\u0161to adres\u0105. K\u0105 tur\u0117\u010diau daryti? <\/div><\/span>\n\t\t\t\t\t\t\t<span class='e-n-accordion-item-title-icon'>\n\t\t\t<span class='e-opened' ><i aria-hidden=\"true\" class=\"fas fa-minus\"><\/i><\/span>\n\t\t\t<span class='e-closed'><i aria-hidden=\"true\" class=\"fas fa-plus\"><\/i><\/span>\n\t\t<\/span>\n\n\t\t\t\t\t\t<\/summary>\n\t\t\t\t<div role=\"region region\" aria-labelledby=\"e-n-accordion-item-8222 e-n-accordion-item-8222\" class=\"e-con-top elementor-element elementor-element-da2b4a2 e-con-full e-flex e-con e-child\" data-id=\"da2b4a2\" data-element_type=\"container\">\n\t\t<div role=\"region region\" aria-labelledby=\"e-n-accordion-item-8222 e-n-accordion-item-8222\" class=\"elementor-element elementor-element-8107986 e-flex e-con-boxed e-con e-child\" data-id=\"8107986\" data-element_type=\"container\">\n\t\t\t\t\t<div class=\"e-con-inner\">\n\t\t\t\t<div class=\"elementor-element elementor-element-8a6155a elementor-widget elementor-widget-text-editor\" data-id=\"8a6155a\" data-element_type=\"widget\" data-widget_type=\"text-editor.default\">\n\t\t\t\t\t\t\t\t\t<p>Jei nebeatsimenate savo paskyros el. pa\u0161to adreso, atsi\u0173skite el. lai\u0161k\u0105 m\u016bs\u0173 klient\u0173 aptarnavimui.<\/p><p>Kad pad\u0117tum\u0117te mums atpa\u017einti j\u016bs\u0173 paskyr\u0105 ir rasti teising\u0105 el. pa\u0161to adres\u0105, \u012f savo el. lai\u0161k\u0105 \u012ftraukite \u0161i\u0105 informacij\u0105:<\/p><p>J\u016bs\u0173 vardas ir pavard\u0117<br \/>J\u016bs\u0173 adresas (miestas, gatv\u0117s pavadinimas + numeris, pa\u0161to kodas)<\/p><p>Tokiu b\u016bdu galime susieti j\u016bs\u0173 informacij\u0105 su j\u016bs\u0173 paskyra ir pateikti teising\u0105 el. pa\u0161to adres\u0105.<\/p>\t\t\t\t\t\t\t\t<\/div>\n\t\t\t\t\t<\/div>\n\t\t\t\t<\/div>\n\t\t\t\t<\/div>\n\t\t\t\t\t<\/details>\n\t\t\t\t\t<\/div>\n\t\t\t\t\t<script type=\"application\/ld+json\">{\n    \"@context\": \"https:\\\/\\\/schema.org\",\n    \"@type\": \"FAQPage\",\n    \"mainEntity\": [\n        {\n            \"@type\": \"Question\",\n            \"name\": \"Kaip susikurti paskyr\\u0105?\",\n            \"acceptedAnswer\": {\n                \"@type\": \"Answer\",\n                \"text\": \"Jei norite susikurti paskyr\\u0105, eikite \\u012f puslapio vir\\u0161uje de\\u0161in\\u0117je esant\\u012f skyri\\u0173 \\u201ePrisijungti\\u201c ir spustel\\u0117kite \\u201eSukurti paskyr\\u0105\\u201c. Tuomet u\\u017epildykite reikiam\\u0105 informacij\\u0105 ir paspauskite \\u201eSukurti paskyr\\u0105\"\n            }\n        },\n        {\n            \"@type\": \"Question\",\n            \"name\": \"Kaip atnaujinti savo informacij\\u0105?\",\n            \"acceptedAnswer\": {\n                \"@type\": \"Answer\",\n                \"text\": \"Paskyroje visada galite atnaujinti savo informacij\\u0105, pvz., vard\\u0105, el. pa\\u0161to adres\\u0105, pristatymo ir atsiskaitymo adres\\u0105. Nor\\u0117dami pakeisti savo asmenin\\u0119 informacij\\u0105, atlikite \\u0161iuos veiksmus:Eikite \\u012f prisijungimo skilt\\u012f ir prisijunkite naudodami savo el. pa\\u0161to adres\\u0105 ir slapta\\u017eod\\u012f.Spustel\\u0117kite \\u201ePaskyros informacija\\u201c.\\u010cia galite atnaujinti savo asmenin\\u0119 informacij\\u0105, el. pa\\u0161to adres\\u0105 ir slapta\\u017eod\\u012f.Spustel\\u0117kite \\u201eI\\u0161saugoti\\u201c ir j\\u016bs\\u0173 informacija bus atnaujinta ir i\\u0161saugota.\"\n            }\n        },\n        {\n            \"@type\": \"Question\",\n            \"name\": \"Pamir\\u0161au savo paskyros el. pa\\u0161to adres\\u0105. K\\u0105 tur\\u0117\\u010diau daryti?\",\n            \"acceptedAnswer\": {\n                \"@type\": \"Answer\",\n                \"text\": \"Jei nebeatsimenate savo paskyros el. pa\\u0161to adreso, atsi\\u0173skite el. lai\\u0161k\\u0105 m\\u016bs\\u0173 klient\\u0173 aptarnavimui.Kad pad\\u0117tum\\u0117te mums atpa\\u017einti j\\u016bs\\u0173 paskyr\\u0105 ir rasti teising\\u0105 el. pa\\u0161to adres\\u0105, \\u012f savo el. lai\\u0161k\\u0105 \\u012ftraukite \\u0161i\\u0105 informacij\\u0105:J\\u016bs\\u0173 vardas ir pavard\\u0117J\\u016bs\\u0173 adresas (miestas, gatv\\u0117s pavadinimas + numeris, pa\\u0161to kodas)Tokiu b\\u016bdu galime susieti j\\u016bs\\u0173 informacij\\u0105 su j\\u016bs\\u0173 paskyra ir pateikti teising\\u0105 el. pa\\u0161to adres\\u0105.\"\n            }\n        }\n    ]\n}<\/script>\n\t\t\t\t\t\t\t<\/div>\n\t\t\t\t<div class=\"elementor-element elementor-element-c7c2c25 elementor-widget elementor-widget-spacer\" data-id=\"c7c2c25\" data-element_type=\"widget\" data-widget_type=\"spacer.default\">\n\t\t\t\t\t\t\t<div class=\"elementor-spacer\">\n\t\t\t<div class=\"elementor-spacer-inner\"><\/div>\n\t\t<\/div>\n\t\t\t\t\t\t<\/div>\n\t\t\t\t<div class=\"elementor-element elementor-element-4fc0d44 elementor-widget elementor-widget-reycore-global-section\" data-id=\"4fc0d44\" data-element_type=\"widget\" data-widget_type=\"reycore-global-section.default\">\n\t\t\t\t<div class=\"elementor-widget-container\">\n\t\t\t\t\t\t\t<div class=\"rey-element reyEl-gs\">\n\t\t\t\t\t<div data-elementor-type=\"wp-post\" data-elementor-id=\"1036\" class=\"elementor elementor-1036\" data-elementor-post-type=\"rey-global-sections\" data-elementor-gstype=\"generic\" data-page-el-selector=\"body.elementor-page-1036\" data-disable-padding=\"\">\n\t\t\t\t<div class=\"e-con-top elementor-element elementor-element-4f19e7d e-flex e-con-boxed e-con e-parent\" data-id=\"4f19e7d\" data-element_type=\"container\">\n\t\t\t\t\t<div class=\"e-con-inner\">\n\t\t\t\t<div class=\"elementor-element elementor-element-6701e89 elementor-widget elementor-widget-heading\" data-id=\"6701e89\" data-element_type=\"widget\" data-widget_type=\"heading.default\">\n\t\t\t\t\t<div class=\"elementor-heading-title elementor-size-default\">Sazinieties ar\n\n\n\n\n\n\n\n\n<\/div>\t\t\t\t<\/div>\n\t\t\t\t<div class=\"elementor-element elementor-element-d58e778 elementor-widget elementor-widget-text-editor\" data-id=\"d58e778\" data-element_type=\"widget\" data-widget_type=\"text-editor.default\">\n\t\t\t\t\t\t\t\t\t<p>M\u016bsu klientu apkalpo\u0161anas dienests ir atv\u0113rts darba dien\u0101s no <strong>8:00<\/strong> L\u012bdz <strong>17:00<\/strong> Val<\/p>\t\t\t\t\t\t\t\t<\/div>\n\t\t\t\t\t<\/div>\n\t\t\t\t<\/div>\n\t\t<div class=\"e-con-top elementor-element elementor-element-466203a e-grid e-con-full e-con e-child\" data-id=\"466203a\" data-element_type=\"container\">\n\t\t\t\t<div class=\"elementor-element elementor-element-76d8e7d dce_masking-none elementor-position-top elementor-widget elementor-widget-image-box\" data-id=\"76d8e7d\" data-element_type=\"widget\" data-widget_type=\"image-box.default\">\n\t\t\t\t\t<div class=\"elementor-image-box-wrapper\"><figure class=\"elementor-image-box-img\"><a href=\"http:\/\/m.me\/61578023804817\" tabindex=\"-1\"><img decoding=\"async\" width=\"150\" height=\"150\" src=\"https:\/\/labubuveikals.lv\/wp-content\/uploads\/2024\/10\/messanger-150x150.webp\" class=\"attachment-thumbnail size-thumbnail wp-image-5220\" alt=\"\" srcset=\"https:\/\/labubuveikals.lv\/wp-content\/uploads\/2024\/10\/messanger-150x150.webp 150w, https:\/\/labubuveikals.lv\/wp-content\/uploads\/2024\/10\/messanger-100x100.webp 100w, https:\/\/labubuveikals.lv\/wp-content\/uploads\/2024\/10\/messanger.webp 205w\" sizes=\"(max-width: 150px) 100vw, 150px\" \/><\/a><\/figure><div class=\"elementor-image-box-content\"><h6 class=\"elementor-image-box-title\"><a href=\"http:\/\/m.me\/61578023804817\">Messenger<\/a><\/h6><p class=\"elementor-image-box-description\">(09:00 - 17:00)<\/p><\/div><\/div>\t\t\t\t<\/div>\n\t\t\t\t<div class=\"elementor-element elementor-element-fd025f9 dce_masking-none elementor-position-top elementor-widget elementor-widget-image-box\" data-id=\"fd025f9\" data-element_type=\"widget\" data-widget_type=\"image-box.default\">\n\t\t\t\t\t<div class=\"elementor-image-box-wrapper\"><figure class=\"elementor-image-box-img\"><a href=\"http:\/\/wa.me\/37064208510\" tabindex=\"-1\"><img decoding=\"async\" width=\"150\" height=\"150\" src=\"https:\/\/labubuveikals.lv\/wp-content\/uploads\/2024\/10\/whatsapp-150x150.webp\" class=\"attachment-thumbnail size-thumbnail wp-image-5221\" alt=\"\" srcset=\"https:\/\/labubuveikals.lv\/wp-content\/uploads\/2024\/10\/whatsapp-150x150.webp 150w, https:\/\/labubuveikals.lv\/wp-content\/uploads\/2024\/10\/whatsapp-100x100.webp 100w, https:\/\/labubuveikals.lv\/wp-content\/uploads\/2024\/10\/whatsapp.webp 205w\" sizes=\"(max-width: 150px) 100vw, 150px\" \/><\/a><\/figure><div class=\"elementor-image-box-content\"><h6 class=\"elementor-image-box-title\"><a href=\"http:\/\/wa.me\/37064208510\">Whatsapp<\/a><\/h6><p class=\"elementor-image-box-description\">(09:00 - 17:00)<\/p><\/div><\/div>\t\t\t\t<\/div>\n\t\t\t\t<div class=\"elementor-element elementor-element-0fe719f dce_masking-none elementor-position-top elementor-widget elementor-widget-image-box\" data-id=\"0fe719f\" data-element_type=\"widget\" data-widget_type=\"image-box.default\">\n\t\t\t\t\t<div class=\"elementor-image-box-wrapper\"><figure class=\"elementor-image-box-img\"><a href=\"mailto:info@labubuveikals.lv\" tabindex=\"-1\"><img decoding=\"async\" width=\"150\" height=\"150\" src=\"https:\/\/labubuveikals.lv\/wp-content\/uploads\/2024\/10\/email-150x150.webp\" class=\"attachment-thumbnail size-thumbnail wp-image-5222\" alt=\"\" srcset=\"https:\/\/labubuveikals.lv\/wp-content\/uploads\/2024\/10\/email-150x150.webp 150w, https:\/\/labubuveikals.lv\/wp-content\/uploads\/2024\/10\/email-100x100.webp 100w, https:\/\/labubuveikals.lv\/wp-content\/uploads\/2024\/10\/email.webp 205w\" sizes=\"(max-width: 150px) 100vw, 150px\" \/><\/a><\/figure><div class=\"elementor-image-box-content\"><h6 class=\"elementor-image-box-title\"><a href=\"mailto:info@labubuveikals.lv\">info@labubuveikals.lv<\/a><\/h6><p class=\"elementor-image-box-description\">(09:00 - 17:00)<\/p><\/div><\/div>\t\t\t\t<\/div>\n\t\t\t\t<\/div>\n\t\t\t\t<\/div>\n\t\t\t\t<\/div>\n\t\t<!-- .reyEl-gs -->\n\t\t\t\t\t\t<\/div>\n\t\t\t\t<\/div>\n\t\t\t\t<\/div>\n\t\t\t\t<\/div>\n\t\t\t\t<\/div>","protected":false},"excerpt":{"rendered":"<p>Home Pagalba Klient\u0173 aptarnavimas Pristatymas U\u017esakymas Mok\u0117jimas Paskyra Gr\u0105\u017einimas Kontaktai Vartotojo paskyra \u010cia rasite atsakymus \u012f visus klausimus apie savo paskyr\u0105. Da\u017eniausiai u\u017eduodami klausimai Kaip susikurti paskyr\u0105? Jei norite susikurti paskyr\u0105, eikite \u012f puslapio vir\u0161uje de\u0161in\u0117je esant\u012f skyri\u0173 \u201ePrisijungti\u201c ir spustel\u0117kite \u201eSukurti paskyr\u0105\u201c. Tuomet u\u017epildykite reikiam\u0105 informacij\u0105 ir paspauskite \u201eSukurti paskyr\u0105 Kaip atnaujinti savo informacij\u0105? [&hellip;]<\/p>","protected":false},"author":1,"featured_media":0,"parent":0,"menu_order":0,"comment_status":"closed","ping_status":"closed","template":"","meta":{"_acf_changed":false,"footnotes":""},"class_list":["post-1060","page","type-page","status-publish","hentry"],"acf":[],"_links":{"self":[{"href":"https:\/\/labubuveikals.lv\/lv\/wp-json\/wp\/v2\/pages\/1060","targetHints":{"allow":["GET"]}}],"collection":[{"href":"https:\/\/labubuveikals.lv\/lv\/wp-json\/wp\/v2\/pages"}],"about":[{"href":"https:\/\/labubuveikals.lv\/lv\/wp-json\/wp\/v2\/types\/page"}],"author":[{"embeddable":true,"href":"https:\/\/labubuveikals.lv\/lv\/wp-json\/wp\/v2\/users\/1"}],"replies":[{"embeddable":true,"href":"https:\/\/labubuveikals.lv\/lv\/wp-json\/wp\/v2\/comments?post=1060"}],"version-history":[{"count":0,"href":"https:\/\/labubuveikals.lv\/lv\/wp-json\/wp\/v2\/pages\/1060\/revisions"}],"wp:attachment":[{"href":"https:\/\/labubuveikals.lv\/lv\/wp-json\/wp\/v2\/media?parent=1060"}],"curies":[{"name":"wp","href":"https:\/\/api.w.org\/{rel}","templated":true}]}}