{"id":1097,"date":"2024-10-24T13:48:40","date_gmt":"2024-10-24T13:48:40","guid":{"rendered":"https:\/\/labubuveikals.lv\/?page_id=1097"},"modified":"2025-07-21T10:26:08","modified_gmt":"2025-07-21T10:26:08","slug":"klientu-apkalposana","status":"publish","type":"page","link":"https:\/\/labubuveikals.lv\/lv\/klientu-apkalposana\/","title":{"rendered":"Klientu apkalpo\u0161ana"},"content":{"rendered":"<div data-elementor-type=\"wp-page\" data-elementor-id=\"1097\" class=\"elementor elementor-1097\" data-elementor-post-type=\"page\">\n\t\t\t\t<div class=\"e-con-top elementor-element elementor-element-a2cdda8 e-con-full e-flex e-con e-parent\" data-id=\"a2cdda8\" data-element_type=\"container\" data-settings=\"{&quot;background_background&quot;:&quot;classic&quot;}\">\n\t\t\t\t<div class=\"elementor-element elementor-element-2b78ca8 elementor-widget elementor-widget-reycore-breadcrumbs\" data-id=\"2b78ca8\" data-element_type=\"widget\" data-widget_type=\"reycore-breadcrumbs.default\">\n\t\t\t\t<div class=\"elementor-widget-container\">\n\t\t\t\t\t\n\t\t<div class=\"rey-element reyEl-breadcrumbs\">\n\n\t\t\t<nav class=\"rey-breadcrumbs\"><div class=\"rey-breadcrumbs-item\">S\u0101kums<\/div><\/nav>\t\t<\/div>\n\t\t<!-- .reyEl-breadcrumbs -->\n\t\t\t\t\t\t<\/div>\n\t\t\t\t<\/div>\n\t\t\t\t<\/div>\n\t\t<div class=\"e-con-top elementor-element elementor-element-2e0e029 e-con-full e-flex e-con e-parent\" data-id=\"2e0e029\" data-element_type=\"container\" data-settings=\"{&quot;background_background&quot;:&quot;classic&quot;}\">\n\t\t<div class=\"elementor-element elementor-element-6d80827 e-con-full e-flex e-con e-child\" data-id=\"6d80827\" data-element_type=\"container\">\n\t\t\t\t<div class=\"elementor-element elementor-element-e598b50 elementor-widget elementor-widget-heading\" data-id=\"e598b50\" data-element_type=\"widget\" data-widget_type=\"heading.default\">\n\t\t\t\t\t<h1 class=\"elementor-heading-title elementor-size-default\">Klientu apkalpo\u0161ana\n<\/h1>\t\t\t\t<\/div>\n\t\t\t\t<div class=\"elementor-element elementor-element-bcfd7cd elementor-widget elementor-widget-heading\" data-id=\"bcfd7cd\" data-element_type=\"widget\" data-widget_type=\"heading.default\">\n\t\t\t\t\t<div class=\"elementor-heading-title elementor-size-default\">Bie\u017e\u0101k uzdotie jaut\u0101jumi<\/div>\t\t\t\t<\/div>\n\t\t\t\t<div class=\"elementor-element elementor-element-a3f6ec5 elementor-widget elementor-widget-n-accordion\" data-id=\"a3f6ec5\" data-element_type=\"widget\" data-settings=\"{&quot;default_state&quot;:&quot;all_collapsed&quot;,&quot;max_items_expended&quot;:&quot;one&quot;,&quot;n_accordion_animation_duration&quot;:{&quot;unit&quot;:&quot;ms&quot;,&quot;size&quot;:400,&quot;sizes&quot;:[]}}\" data-widget_type=\"nested-accordion.default\">\n\t\t\t\t\t\t\t<div class=\"e-n-accordion\" aria-label=\"Akordeons. Atveriet saites ar Enter vai Space, aizveriet ar Escape un p\u0101rvietojieties ar bulttausti\u0146iem.\">\n\t\t\t\t\t\t<details id=\"e-n-accordion-item-1710\" class=\"e-n-accordion-item\" >\n\t\t\t\t<summary class=\"e-n-accordion-item-title\" data-accordion-index=\"1\" tabindex=\"0\" aria-expanded=\"false\" aria-controls=\"e-n-accordion-item-1710\" >\n\t\t\t\t\t<span class='e-n-accordion-item-title-header'><div class=\"e-n-accordion-item-title-text\"> Kad mans pas\u016bt\u012bjums tiks pieg\u0101d\u0101ts? <\/div><\/span>\n\t\t\t\t\t\t\t<span class='e-n-accordion-item-title-icon'>\n\t\t\t<span class='e-opened' ><i aria-hidden=\"true\" class=\"fas fa-minus\"><\/i><\/span>\n\t\t\t<span class='e-closed'><i aria-hidden=\"true\" class=\"fas fa-plus\"><\/i><\/span>\n\t\t<\/span>\n\n\t\t\t\t\t\t<\/summary>\n\t\t\t\t<div role=\"region region\" aria-labelledby=\"e-n-accordion-item-1710 e-n-accordion-item-1710\" class=\"e-con-top elementor-element elementor-element-903a3f1 e-con-full e-flex e-con e-child\" data-id=\"903a3f1\" data-element_type=\"container\">\n\t\t<div role=\"region region\" aria-labelledby=\"e-n-accordion-item-1710 e-n-accordion-item-1710\" class=\"elementor-element elementor-element-09a0067 e-flex e-con-boxed e-con e-child\" data-id=\"09a0067\" data-element_type=\"container\">\n\t\t\t\t\t<div class=\"e-con-inner\">\n\t\t\t\t<div class=\"elementor-element elementor-element-f3c2b0d elementor-widget elementor-widget-text-editor\" data-id=\"f3c2b0d\" data-element_type=\"widget\" data-widget_type=\"text-editor.default\">\n\t\t\t\t\t\t\t\t\t<p><span style=\"font-weight: 400;\">J\u016bsu pas\u016bt\u012bjums tiks pieg\u0101d\u0101ts 2-5 darba dienu laik\u0101. Ja 5 dienu laik\u0101 pas\u016bt\u012bjumu nesa\u0146emat, l\u016bdzu, sazinieties ar m\u016bsu speci\u0101listiem. vai <a href=\"mailto:info@labubuveikals.lv\">info@labubuveikals.lv<\/a>,\u00a0<\/span><a href=\"tel:+37064208510\">+37064208510<\/a><\/p>\t\t\t\t\t\t\t\t<\/div>\n\t\t\t\t\t<\/div>\n\t\t\t\t<\/div>\n\t\t\t\t<\/div>\n\t\t\t\t\t<\/details>\n\t\t\t\t\t\t<details id=\"e-n-accordion-item-1711\" class=\"e-n-accordion-item\" >\n\t\t\t\t<summary class=\"e-n-accordion-item-title\" data-accordion-index=\"2\" tabindex=\"-1\" aria-expanded=\"false\" aria-controls=\"e-n-accordion-item-1711\" >\n\t\t\t\t\t<span class='e-n-accordion-item-title-header'><div class=\"e-n-accordion-item-title-text\"> K\u0101 tiks pieg\u0101d\u0101ts mans pas\u016bt\u012bjums? <\/div><\/span>\n\t\t\t\t\t\t\t<span class='e-n-accordion-item-title-icon'>\n\t\t\t<span class='e-opened' ><i aria-hidden=\"true\" class=\"fas fa-minus\"><\/i><\/span>\n\t\t\t<span class='e-closed'><i aria-hidden=\"true\" class=\"fas fa-plus\"><\/i><\/span>\n\t\t<\/span>\n\n\t\t\t\t\t\t<\/summary>\n\t\t\t\t<div role=\"region region\" aria-labelledby=\"e-n-accordion-item-1711 e-n-accordion-item-1711\" class=\"e-con-top elementor-element elementor-element-5bf07f4 e-con-full e-flex e-con e-child\" data-id=\"5bf07f4\" data-element_type=\"container\">\n\t\t<div role=\"region region\" aria-labelledby=\"e-n-accordion-item-1711 e-n-accordion-item-1711\" class=\"elementor-element elementor-element-5b7483e e-flex e-con-boxed e-con e-child\" data-id=\"5b7483e\" data-element_type=\"container\">\n\t\t\t\t\t<div class=\"e-con-inner\">\n\t\t\t\t<div class=\"elementor-element elementor-element-2f11bc5 elementor-widget elementor-widget-text-editor\" data-id=\"2f11bc5\" data-element_type=\"widget\" data-widget_type=\"text-editor.default\">\n\t\t\t\t\t\t\t\t\t<p>J\u016bsu pas\u016bt\u012bjums tiks pieg\u0101d\u0101ts, izmantojot LP eksprespasta vai Venipak kurjerpasta pakalpojumus.<\/p>\t\t\t\t\t\t\t\t<\/div>\n\t\t\t\t\t<\/div>\n\t\t\t\t<\/div>\n\t\t\t\t<\/div>\n\t\t\t\t\t<\/details>\n\t\t\t\t\t<\/div>\n\t\t\t\t\t<script type=\"application\/ld+json\">{\n    \"@context\": \"https:\\\/\\\/schema.org\",\n    \"@type\": \"FAQPage\",\n    \"mainEntity\": [\n        {\n            \"@type\": \"Question\",\n            \"name\": \"Kada bus pristatytas mano u\\u017esakymas?\",\n            \"acceptedAnswer\": {\n                \"@type\": \"Answer\",\n                \"text\": \"J\\u016bs\\u0173 u\\u017esakymas bus pristatytas per 2-5 darbo dienas. Nesulaukus u\\u017esakymo per 5 dienas pra\\u0161ome kreiptis \\u012f m\\u016bs\\u0173 specialistus. arba info@labubuveikals.lv,\\u00a0+37064208510\"\n            }\n        },\n        {\n            \"@type\": \"Question\",\n            \"name\": \"Kaip bus pristatytas mano u\\u017esakymas?\",\n            \"acceptedAnswer\": {\n                \"@type\": \"Answer\",\n                \"text\": \"J\\u016bs\\u0173 u\\u017esakymas bus pristatytas per \\u201eLP express arba Venipak\\u201c kurjeri\\u0173 tarnyb\\u0105.\"\n            }\n        }\n    ]\n}<\/script>\n\t\t\t\t\t\t\t<\/div>\n\t\t\t\t<div class=\"elementor-element elementor-element-e37fe47 elementor-widget elementor-widget-spacer\" data-id=\"e37fe47\" data-element_type=\"widget\" data-widget_type=\"spacer.default\">\n\t\t\t\t\t\t\t<div class=\"elementor-spacer\">\n\t\t\t<div class=\"elementor-spacer-inner\"><\/div>\n\t\t<\/div>\n\t\t\t\t\t\t<\/div>\n\t\t\t\t<div class=\"elementor-element elementor-element-a15a473 elementor-widget elementor-widget-heading\" data-id=\"a15a473\" data-element_type=\"widget\" data-widget_type=\"heading.default\">\n\t\t\t\t\t<div class=\"elementor-heading-title elementor-size-default\">Nepiecie\u0161am\u0101s saites\n<\/div>\t\t\t\t<\/div>\n\t\t<div class=\"elementor-element elementor-element-1f668c9 e-grid e-con-full e-con e-child\" data-id=\"1f668c9\" data-element_type=\"container\">\n\t\t\t\t<div class=\"elementor-element elementor-element-10c7968 elementor-align-justify elementor-widget elementor-widget-button\" data-id=\"10c7968\" data-element_type=\"widget\" data-widget_type=\"button.default\">\n\t\t\t\t\t\t\t\t\t\t<a class=\"elementor-button elementor-button-link elementor-size-sm\" href=\"https:\/\/labubuveikals.lv\/pristatymas\/\">\n\t\t\t\t\t\t<span class=\"elementor-button-content-wrapper\">\n\t\t\t\t\t\t\t\t\t<span class=\"elementor-button-text\">Pieg\u0101de<\/span>\n\t\t\t\t\t<\/span>\n\t\t\t\t\t<\/a>\n\t\t\t\t\t\t\t\t<\/div>\n\t\t\t\t<div class=\"elementor-element elementor-element-83e4c2f elementor-align-justify elementor-widget elementor-widget-button\" data-id=\"83e4c2f\" data-element_type=\"widget\" data-widget_type=\"button.default\">\n\t\t\t\t\t\t\t\t\t\t<a class=\"elementor-button elementor-button-link elementor-size-sm\" href=\"https:\/\/labubuveikals.lv\/uzsakymas\/\">\n\t\t\t\t\t\t<span class=\"elementor-button-content-wrapper\">\n\t\t\t\t\t\t\t\t\t<span class=\"elementor-button-text\">Pas\u016btiet no<\/span>\n\t\t\t\t\t<\/span>\n\t\t\t\t\t<\/a>\n\t\t\t\t\t\t\t\t<\/div>\n\t\t\t\t<div class=\"elementor-element elementor-element-72fc8af elementor-align-justify elementor-widget elementor-widget-button\" data-id=\"72fc8af\" data-element_type=\"widget\" data-widget_type=\"button.default\">\n\t\t\t\t\t\t\t\t\t\t<a class=\"elementor-button elementor-button-link elementor-size-sm\" href=\"https:\/\/labubuveikals.lv\/apmokejimas\/\">\n\t\t\t\t\t\t<span class=\"elementor-button-content-wrapper\">\n\t\t\t\t\t\t\t\t\t<span class=\"elementor-button-text\">Maks\u0101jums<\/span>\n\t\t\t\t\t<\/span>\n\t\t\t\t\t<\/a>\n\t\t\t\t\t\t\t\t<\/div>\n\t\t\t\t<div class=\"elementor-element elementor-element-5c9ba37 elementor-align-justify elementor-widget elementor-widget-button\" data-id=\"5c9ba37\" data-element_type=\"widget\" data-widget_type=\"button.default\">\n\t\t\t\t\t\t\t\t\t\t<a class=\"elementor-button elementor-button-link elementor-size-sm\" href=\"https:\/\/labubuveikals.lv\/grazinimas\/\">\n\t\t\t\t\t\t<span class=\"elementor-button-content-wrapper\">\n\t\t\t\t\t\t\t\t\t<span class=\"elementor-button-text\">Atgrie\u017e<\/span>\n\t\t\t\t\t<\/span>\n\t\t\t\t\t<\/a>\n\t\t\t\t\t\t\t\t<\/div>\n\t\t\t\t<div class=\"elementor-element elementor-element-d2461ab elementor-align-justify elementor-widget elementor-widget-button\" data-id=\"d2461ab\" data-element_type=\"widget\" data-widget_type=\"button.default\">\n\t\t\t\t\t\t\t\t\t\t<a class=\"elementor-button elementor-button-link elementor-size-sm\" href=\"https:\/\/labubuveikals.lv\/paskyra\/\">\n\t\t\t\t\t\t<span class=\"elementor-button-content-wrapper\">\n\t\t\t\t\t\t\t\t\t<span class=\"elementor-button-text\">Lietot\u0101ja konts<\/span>\n\t\t\t\t\t<\/span>\n\t\t\t\t\t<\/a>\n\t\t\t\t\t\t\t\t<\/div>\n\t\t\t\t<div class=\"elementor-element elementor-element-d3e0bfc elementor-align-justify elementor-widget elementor-widget-button\" data-id=\"d3e0bfc\" data-element_type=\"widget\" data-widget_type=\"button.default\">\n\t\t\t\t\t\t\t\t\t\t<a class=\"elementor-button elementor-button-link elementor-size-sm\" href=\"https:\/\/labubuveikals.lv\/kontaktai\/\">\n\t\t\t\t\t\t<span class=\"elementor-button-content-wrapper\">\n\t\t\t\t\t\t\t\t\t<span class=\"elementor-button-text\">Sazinieties ar<\/span>\n\t\t\t\t\t<\/span>\n\t\t\t\t\t<\/a>\n\t\t\t\t\t\t\t\t<\/div>\n\t\t\t\t<\/div>\n\t\t\t\t<div class=\"elementor-element elementor-element-2f50df0 elementor-widget elementor-widget-spacer\" data-id=\"2f50df0\" data-element_type=\"widget\" data-widget_type=\"spacer.default\">\n\t\t\t\t\t\t\t<div class=\"elementor-spacer\">\n\t\t\t<div class=\"elementor-spacer-inner\"><\/div>\n\t\t<\/div>\n\t\t\t\t\t\t<\/div>\n\t\t\t\t<div class=\"elementor-element elementor-element-bb0be44 elementor-widget elementor-widget-reycore-global-section\" data-id=\"bb0be44\" data-element_type=\"widget\" data-widget_type=\"reycore-global-section.default\">\n\t\t\t\t<div class=\"elementor-widget-container\">\n\t\t\t\t\t\t\t<div class=\"rey-element reyEl-gs\">\n\t\t\t\t\t<div data-elementor-type=\"wp-post\" data-elementor-id=\"1036\" class=\"elementor elementor-1036\" data-elementor-post-type=\"rey-global-sections\" data-elementor-gstype=\"generic\" data-page-el-selector=\"body.elementor-page-1036\" data-disable-padding=\"\">\n\t\t\t\t<div class=\"e-con-top elementor-element elementor-element-4f19e7d e-flex e-con-boxed e-con e-parent\" data-id=\"4f19e7d\" data-element_type=\"container\">\n\t\t\t\t\t<div class=\"e-con-inner\">\n\t\t\t\t<div class=\"elementor-element elementor-element-6701e89 elementor-widget elementor-widget-heading\" data-id=\"6701e89\" data-element_type=\"widget\" data-widget_type=\"heading.default\">\n\t\t\t\t\t<div class=\"elementor-heading-title elementor-size-default\">Sazinieties ar\n\n\n\n\n\n\n\n\n<\/div>\t\t\t\t<\/div>\n\t\t\t\t<div class=\"elementor-element elementor-element-d58e778 elementor-widget elementor-widget-text-editor\" data-id=\"d58e778\" data-element_type=\"widget\" data-widget_type=\"text-editor.default\">\n\t\t\t\t\t\t\t\t\t<p>M\u016bsu klientu apkalpo\u0161anas dienests ir atv\u0113rts darba dien\u0101s no <strong>8:00<\/strong> L\u012bdz <strong>17:00<\/strong> Val<\/p>\t\t\t\t\t\t\t\t<\/div>\n\t\t\t\t\t<\/div>\n\t\t\t\t<\/div>\n\t\t<div class=\"e-con-top elementor-element elementor-element-466203a e-grid e-con-full e-con e-child\" data-id=\"466203a\" data-element_type=\"container\">\n\t\t\t\t<div class=\"elementor-element elementor-element-76d8e7d dce_masking-none elementor-position-top elementor-widget elementor-widget-image-box\" data-id=\"76d8e7d\" data-element_type=\"widget\" data-widget_type=\"image-box.default\">\n\t\t\t\t\t<div class=\"elementor-image-box-wrapper\"><figure class=\"elementor-image-box-img\"><a href=\"http:\/\/m.me\/61578023804817\" tabindex=\"-1\"><img decoding=\"async\" width=\"150\" height=\"150\" src=\"https:\/\/labubuveikals.lv\/wp-content\/uploads\/2024\/10\/messanger-150x150.webp\" class=\"attachment-thumbnail size-thumbnail wp-image-5220\" alt=\"\" srcset=\"https:\/\/labubuveikals.lv\/wp-content\/uploads\/2024\/10\/messanger-150x150.webp 150w, https:\/\/labubuveikals.lv\/wp-content\/uploads\/2024\/10\/messanger-100x100.webp 100w, https:\/\/labubuveikals.lv\/wp-content\/uploads\/2024\/10\/messanger.webp 205w\" sizes=\"(max-width: 150px) 100vw, 150px\" \/><\/a><\/figure><div class=\"elementor-image-box-content\"><h6 class=\"elementor-image-box-title\"><a href=\"http:\/\/m.me\/61578023804817\">Messenger<\/a><\/h6><p class=\"elementor-image-box-description\">(09:00 - 17:00)<\/p><\/div><\/div>\t\t\t\t<\/div>\n\t\t\t\t<div class=\"elementor-element elementor-element-fd025f9 dce_masking-none elementor-position-top elementor-widget elementor-widget-image-box\" data-id=\"fd025f9\" data-element_type=\"widget\" data-widget_type=\"image-box.default\">\n\t\t\t\t\t<div class=\"elementor-image-box-wrapper\"><figure class=\"elementor-image-box-img\"><a href=\"http:\/\/wa.me\/37064208510\" tabindex=\"-1\"><img decoding=\"async\" width=\"150\" height=\"150\" src=\"https:\/\/labubuveikals.lv\/wp-content\/uploads\/2024\/10\/whatsapp-150x150.webp\" class=\"attachment-thumbnail size-thumbnail wp-image-5221\" alt=\"\" srcset=\"https:\/\/labubuveikals.lv\/wp-content\/uploads\/2024\/10\/whatsapp-150x150.webp 150w, https:\/\/labubuveikals.lv\/wp-content\/uploads\/2024\/10\/whatsapp-100x100.webp 100w, https:\/\/labubuveikals.lv\/wp-content\/uploads\/2024\/10\/whatsapp.webp 205w\" sizes=\"(max-width: 150px) 100vw, 150px\" \/><\/a><\/figure><div class=\"elementor-image-box-content\"><h6 class=\"elementor-image-box-title\"><a href=\"http:\/\/wa.me\/37064208510\">Whatsapp<\/a><\/h6><p class=\"elementor-image-box-description\">(09:00 - 17:00)<\/p><\/div><\/div>\t\t\t\t<\/div>\n\t\t\t\t<div class=\"elementor-element elementor-element-0fe719f dce_masking-none elementor-position-top elementor-widget elementor-widget-image-box\" data-id=\"0fe719f\" data-element_type=\"widget\" data-widget_type=\"image-box.default\">\n\t\t\t\t\t<div class=\"elementor-image-box-wrapper\"><figure class=\"elementor-image-box-img\"><a href=\"mailto:info@labubuveikals.lv\" tabindex=\"-1\"><img decoding=\"async\" width=\"150\" height=\"150\" src=\"https:\/\/labubuveikals.lv\/wp-content\/uploads\/2024\/10\/email-150x150.webp\" class=\"attachment-thumbnail size-thumbnail wp-image-5222\" alt=\"\" srcset=\"https:\/\/labubuveikals.lv\/wp-content\/uploads\/2024\/10\/email-150x150.webp 150w, https:\/\/labubuveikals.lv\/wp-content\/uploads\/2024\/10\/email-100x100.webp 100w, https:\/\/labubuveikals.lv\/wp-content\/uploads\/2024\/10\/email.webp 205w\" sizes=\"(max-width: 150px) 100vw, 150px\" \/><\/a><\/figure><div class=\"elementor-image-box-content\"><h6 class=\"elementor-image-box-title\"><a href=\"mailto:info@labubuveikals.lv\">info@labubuveikals.lv<\/a><\/h6><p class=\"elementor-image-box-description\">(09:00 - 17:00)<\/p><\/div><\/div>\t\t\t\t<\/div>\n\t\t\t\t<\/div>\n\t\t\t\t<\/div>\n\t\t\t\t<\/div>\n\t\t<!-- .reyEl-gs -->\n\t\t\t\t\t\t<\/div>\n\t\t\t\t<\/div>\n\t\t\t\t<\/div>\n\t\t\t\t<\/div>\n\t\t\t\t<\/div>","protected":false},"excerpt":{"rendered":"<p>Home Klient\u0173 aptarnavimas Da\u017eniausiai u\u017eduodami klausimai Kada bus pristatytas mano u\u017esakymas? J\u016bs\u0173 u\u017esakymas bus pristatytas per 2-5 darbo dienas. Nesulaukus u\u017esakymo per 5 dienas pra\u0161ome kreiptis \u012f m\u016bs\u0173 specialistus. arba info@labubuveikals.lv,\u00a0+37064208510 Kaip bus pristatytas mano u\u017esakymas? J\u016bs\u0173 u\u017esakymas bus pristatytas per \u201eLP express arba Venipak\u201c kurjeri\u0173 tarnyb\u0105. J\u016bs\u0173 u\u017esakymas bus pristatytas per 2-5 darbo dienas. [&hellip;]<\/p>","protected":false},"author":1,"featured_media":0,"parent":0,"menu_order":0,"comment_status":"closed","ping_status":"closed","template":"","meta":{"_acf_changed":false,"footnotes":""},"class_list":["post-1097","page","type-page","status-publish","hentry"],"acf":[],"_links":{"self":[{"href":"https:\/\/labubuveikals.lv\/lv\/wp-json\/wp\/v2\/pages\/1097","targetHints":{"allow":["GET"]}}],"collection":[{"href":"https:\/\/labubuveikals.lv\/lv\/wp-json\/wp\/v2\/pages"}],"about":[{"href":"https:\/\/labubuveikals.lv\/lv\/wp-json\/wp\/v2\/types\/page"}],"author":[{"embeddable":true,"href":"https:\/\/labubuveikals.lv\/lv\/wp-json\/wp\/v2\/users\/1"}],"replies":[{"embeddable":true,"href":"https:\/\/labubuveikals.lv\/lv\/wp-json\/wp\/v2\/comments?post=1097"}],"version-history":[{"count":9,"href":"https:\/\/labubuveikals.lv\/lv\/wp-json\/wp\/v2\/pages\/1097\/revisions"}],"predecessor-version":[{"id":6596,"href":"https:\/\/labubuveikals.lv\/lv\/wp-json\/wp\/v2\/pages\/1097\/revisions\/6596"}],"wp:attachment":[{"href":"https:\/\/labubuveikals.lv\/lv\/wp-json\/wp\/v2\/media?parent=1097"}],"curies":[{"name":"wp","href":"https:\/\/api.w.org\/{rel}","templated":true}]}}