{"id":3,"date":"2024-10-16T17:23:18","date_gmt":"2024-10-16T17:23:18","guid":{"rendered":"http:\/\/braendekob.dk\/?page_id=3"},"modified":"2025-07-25T10:27:40","modified_gmt":"2025-07-25T10:27:40","slug":"privatuma-politika","status":"publish","type":"page","link":"https:\/\/labubuveikals.lv\/lv\/privatuma-politika\/","title":{"rendered":"Konfidencialit\u0101tes politika"},"content":{"rendered":"<div data-elementor-type=\"wp-page\" data-elementor-id=\"3\" class=\"elementor elementor-3\" data-elementor-post-type=\"page\">\n\t\t\t\t<div class=\"e-con-top elementor-element elementor-element-2169427b e-flex e-con-boxed e-con e-parent\" data-id=\"2169427b\" data-element_type=\"container\">\n\t\t\t\t\t<div class=\"e-con-inner\">\n\t\t\t\t<div class=\"elementor-element elementor-element-60452b21 elementor-widget elementor-widget-text-editor\" data-id=\"60452b21\" data-element_type=\"widget\" data-widget_type=\"text-editor.default\">\n\t\t\t\t\t\t\t\t\t<h1 data-start=\"107\" data-end=\"129\"><span style=\"font-size: 24pt;\">Konfidencialit\u0101tes politika<\/span><\/h1><p class=\"\" data-start=\"131\" data-end=\"253\">T\u012bmek\u013ca vietne <strong data-start=\"140\" data-end=\"174\"><a class=\"\" href=\"https:\/\/labubuveikals.lv\" target=\"_new\" rel=\"noopener\" data-start=\"142\" data-end=\"172\">https:\/\/labubuveikals.lv<\/a><\/strong> pieder Digital Family MB, kas ir atbild\u012bga par j\u016bsu personas datu apstr\u0101di.<\/p><p class=\"\" data-start=\"255\" data-end=\"529\">M\u0113s esam izstr\u0101d\u0101ju\u0161i \u0161o konfidencialit\u0101tes politiku, lai izskaidrotu, k\u0101 m\u0113s r\u012bkojamies ar j\u016bsu datiem, kas apkopoti, kad apmekl\u0113jat. <strong data-start=\"362\" data-end=\"396\"><a class=\"\" href=\"https:\/\/labubuveikals.lv\" target=\"_new\" rel=\"noopener\" data-start=\"364\" data-end=\"394\">https:\/\/labubuveikals.lv<\/a><\/strong>un k\u0101p\u0113c ir nepiecie\u0161ams v\u0101kt noteiktus personas datus. L\u016bdzu, r\u016bp\u012bgi izlasiet \u0161o priv\u0101tuma politiku, pirms s\u0101kat izmantot t\u012bmek\u013ca vietni.<\/p><p class=\"\" data-start=\"531\" data-end=\"628\">M\u0113s r\u016bp\u0113jamies par j\u016bsu personas datiem un esam ap\u0146\u0113mu\u0161ies saglab\u0101t to konfidencialit\u0101ti un dro\u0161\u012bbu.<\/p><hr class=\"\" data-start=\"630\" data-end=\"633\" \/><h3 class=\"\" data-start=\"635\" data-end=\"670\">K\u0101dus personas datus m\u0113s v\u0101cam:<\/h3><p class=\"\" data-start=\"672\" data-end=\"1068\">Apmekl\u0113jiet <strong data-start=\"682\" data-end=\"716\"><a class=\"\" href=\"https:\/\/labubuveikals.lv\" target=\"_new\" rel=\"noopener\" data-start=\"684\" data-end=\"714\">https:\/\/labubuveikals.lv<\/a><\/strong>, m\u0113s autom\u0101tiski apkopojam noteiktu inform\u0101ciju par j\u016bsu ier\u012bci, tostarp p\u0101rl\u016bkprogrammas veidu, IP adresi, laika zonu un da\u017eas s\u012bkdatnes. M\u0113s ar\u012b apkopojam inform\u0101ciju par j\u016bsu navig\u0101ciju t\u012bmek\u013ca vietn\u0113: lapas vai produktus, ko esat apskat\u012bjis, avotu, no kura esat non\u0101cis t\u012bmek\u013ca vietn\u0113, un j\u016bsu darb\u012bbas lap\u0101. \u0160os datus m\u0113s saucam par \"ier\u012bces inform\u0101ciju\".<\/p><p class=\"\" data-start=\"1070\" data-end=\"1269\">M\u0113s varam ar\u012b v\u0101kt j\u016bsu sniegtos datus, piem\u0113ram, v\u0101rdu, uzv\u0101rdu, adresi, maks\u0101jumu inform\u0101ciju u. c., kad re\u0123istr\u0113jaties vai veicat pas\u016bt\u012bjumu, lai m\u0113s var\u0113tu pien\u0101c\u012bgi sniegt pakalpojumu.<\/p><hr class=\"\" data-start=\"1271\" data-end=\"1274\" \/><h3 class=\"\" data-start=\"1276\" data-end=\"1309\">K\u0101p\u0113c m\u0113s apstr\u0101d\u0101jam j\u016bsu datus?<\/h3><p class=\"\" data-start=\"1311\" data-end=\"1572\">M\u016bsu priorit\u0101te ir j\u016bsu datu dro\u0161\u012bba, t\u0101p\u0113c m\u0113s apkopojam tikai to inform\u0101ciju, kas nepiecie\u0161ama vietnes darb\u012bbas nodro\u0161in\u0101\u0161anai. Autom\u0101tiski apkopot\u0101 inform\u0101cija tiek izmantota tikai potenci\u0101lu p\u0101rk\u0101pumu identific\u0113\u0161anai vai statistiskai anal\u012bzei, kas ne\u013cauj identific\u0113t konkr\u0113tus lietot\u0101jus.<\/p><p class=\"\" data-start=\"1574\" data-end=\"1967\">J\u016bs varat p\u0101rl\u016bkot vietni, neatkl\u0101jot savu identit\u0101ti. Tom\u0113r, ja v\u0113laties izmantot noteiktas funkcijas (piem\u0113ram, jaunumu bi\u013cetenu, kontaktformu), jums b\u016bs j\u0101nor\u0101da personas dati, piem\u0113ram, e-pasts, v\u0101rds, uzv\u0101rds, pils\u0113ta, organiz\u0101cija, t\u0101lru\u0146a numurs utt. Ja j\u016bs nesniedzat \u0161os datus, da\u017eas funkcijas var neb\u016bt pieejamas (piem\u0113ram, j\u016bs nevar\u0113siet sa\u0146emt bi\u013cetenu vai sazin\u0101ties ar mums, izmantojot t\u012bmek\u013ca vietni).<\/p><p class=\"\" data-start=\"1969\" data-end=\"2083\">Ja jums ir k\u0101di jaut\u0101jumi par to, k\u0101di dati ir nepiecie\u0161ami, varat sazin\u0101ties ar mums pa e-pastu, rakstot uz \u0161\u0101du adresi. <strong data-start=\"2051\" data-end=\"2082\"><a rel=\"noopener\" data-start=\"2053\" data-end=\"2080\">info@labubuveikals.lv<\/a><\/strong>.<\/p><hr class=\"\" data-start=\"2085\" data-end=\"2088\" \/><h3 class=\"\" data-start=\"2090\" data-end=\"2106\">J\u016bsu ties\u012bbas:<\/h3><p class=\"\" data-start=\"2108\" data-end=\"2166\">Ja esat Eiropas Savien\u012bbas iedz\u012bvot\u0101js, jums ir \u0161\u0101das ties\u012bbas:<\/p><ul data-start=\"2168\" data-end=\"2466\"><li class=\"\" data-start=\"2168\" data-end=\"2194\"><p class=\"\" data-start=\"2170\" data-end=\"2194\">Ties\u012bbas sa\u0146emt inform\u0101ciju<\/p><\/li><li class=\"\" data-start=\"2195\" data-end=\"2230\"><p class=\"\" data-start=\"2197\" data-end=\"2230\">Ties\u012bbas piek\u013c\u016bt datiem<\/p><\/li><li class=\"\" data-start=\"2231\" data-end=\"2259\"><p class=\"\" data-start=\"2233\" data-end=\"2259\">Ties\u012bbas uz labo\u0161anu<\/p><\/li><li class=\"\" data-start=\"2260\" data-end=\"2287\"><p class=\"\" data-start=\"2262\" data-end=\"2287\">Ties\u012bbas uz dz\u0113\u0161anu<\/p><\/li><li class=\"\" data-start=\"2288\" data-end=\"2323\"><p class=\"\" data-start=\"2290\" data-end=\"2323\">Ties\u012bbas ierobe\u017eot apstr\u0101di<\/p><\/li><li class=\"\" data-start=\"2324\" data-end=\"2356\"><p class=\"\" data-start=\"2326\" data-end=\"2356\">Ties\u012bbas uz datu p\u0101rnesam\u012bbu<\/p><\/li><li class=\"\" data-start=\"2357\" data-end=\"2396\"><p class=\"\" data-start=\"2359\" data-end=\"2396\">Ties\u012bbas iebilst pret datu apstr\u0101di<\/p><\/li><li class=\"\" data-start=\"2397\" data-end=\"2466\"><p class=\"\" data-start=\"2399\" data-end=\"2466\">Ties\u012bbas saist\u012bb\u0101 ar automatiz\u0113tu l\u0113mumu pie\u0146em\u0161anu un profil\u0113\u0161anu<\/p><\/li><\/ul><p class=\"\" data-start=\"2468\" data-end=\"2554\">Lai izmantotu savas ties\u012bbas, l\u016bdzu, sazinieties ar mums, rakstot uz t\u0101l\u0101k nor\u0101d\u012bto e-pasta adresi.<\/p><p class=\"\" data-start=\"2556\" data-end=\"2783\">M\u0113s ar\u012b inform\u0113jam j\u016bs, ka j\u016bsu dati var tikt apstr\u0101d\u0101ti, lai izpild\u012btu l\u012bgumu (piem\u0113ram, kad j\u016bs iesniedzat pas\u016bt\u012bjumu) vai pamatojoties uz likum\u012bg\u0101m interes\u0113m. J\u016bsu dati var tikt nos\u016bt\u012bti ar\u012b \u0101rpus ES, tostarp uz Kan\u0101du vai ASV.<\/p><hr class=\"\" data-start=\"2785\" data-end=\"2788\" \/><h3 class=\"\" data-start=\"2790\" data-end=\"2820\">Saites uz cit\u0101m vietn\u0113m<\/h3><p class=\"\" data-start=\"2822\" data-end=\"3051\">M\u016bsu t\u012bmek\u013ca vietn\u0113 var b\u016bt saites uz cit\u0101m t\u012bmek\u013ca vietn\u0113m, kas nav m\u016bsu kontrol\u0113. M\u0113s neesam atbild\u012bgi par tre\u0161o personu priv\u0101tuma politiku. M\u0113s iesak\u0101m jums izlas\u012bt katras citas t\u012bmek\u013ca vietnes konfidencialit\u0101tes politiku, kad atst\u0101jat m\u016bsu t\u012bmek\u013ca vietni.<\/p><hr class=\"\" data-start=\"3053\" data-end=\"3056\" \/><h3 class=\"\" data-start=\"3058\" data-end=\"3083\">Inform\u0101cijas dro\u0161\u012bba<\/h3><p class=\"\" data-start=\"3085\" data-end=\"3384\">J\u016bsu sniegtie dati tiek glab\u0101ti dro\u0161\u0101, kontrol\u0113t\u0101 vid\u0113, kas ir aizsarg\u0101ta pret neat\u013cautu piek\u013cuvi, izmanto\u0161anu vai izpau\u0161anu. Mums ir ieviesti administrat\u012bvi, tehniski un fiziski pas\u0101kumi, lai nodro\u0161in\u0101tu datu dro\u0161\u012bbu. Tom\u0113r neviena datu p\u0101rraide, izmantojot internetu vai bezvadu savienojumu, nav piln\u012bb\u0101 dro\u0161a.<\/p><hr class=\"\" data-start=\"3386\" data-end=\"3389\" \/><h3 class=\"\" data-start=\"3391\" data-end=\"3416\">Juridisk\u0101s inform\u0101cijas izpau\u0161ana<\/h3><p class=\"\" data-start=\"3418\" data-end=\"3666\">M\u0113s varam izpaust j\u016bsu datus, ja to pieprasa likums (piem\u0113ram, lai izpild\u012btu tiesas pav\u0113sti) vai ja m\u0113s patiesi uzskat\u0101m, ka tas ir nepiecie\u0161ams, lai aizsarg\u0101tu m\u016bsu vai citu ties\u012bbas, nov\u0113rstu kr\u0101p\u0161anu vai izpild\u012btu vald\u012bbas piepras\u012bjumu.<\/p><hr class=\"\" data-start=\"3668\" data-end=\"3671\" \/><h3 class=\"\" data-start=\"3673\" data-end=\"3699\">Kontaktinform\u0101cija<\/h3><p class=\"\" data-start=\"3701\" data-end=\"3842\">Ja jums ir k\u0101di jaut\u0101jumi par \u0161o konfidencialit\u0101tes politiku vai v\u0113laties izmantot savas ties\u012bbas, l\u016bdzu, sazinieties ar mums pa e-pastu:<br data-start=\"3808\" data-end=\"3811\" \/><strong data-start=\"3811\" data-end=\"3842\"><a rel=\"noopener\" data-start=\"3813\" data-end=\"3840\">info@labubuveikals.lv<\/a><\/strong><\/p><hr class=\"\" data-start=\"3668\" data-end=\"3671\" \/><p data-start=\"3673\" data-end=\"3699\"><strong><span style=\"font-size: 18pt;\">Atz\u012bm\u0113jot lodzi\u0146u pirms maks\u0101juma \"<span class=\"woocommerce-terms-and-conditions-checkbox-text\">Esmu izlas\u012bjis \u0161o lapu un piekr\u012btu tai\u00a0<a class=\"woocommerce-terms-and-conditions-link\" href=\"https:\/\/labubuveikals.lv\/privatumo-politika\/\" target=\"_blank\" rel=\"noopener\">noteikumi un nosac\u012bjumi<\/a><\/span>\", J\u016bs apliecin\u0101t, ka esat izlas\u012bjis un piekr\u012btat visiem Monstriukas.lt vietnes noteikumiem.<\/span><\/strong><\/p>\t\t\t\t\t\t\t\t<\/div>\n\t\t\t\t\t<\/div>\n\t\t\t\t<\/div>\n\t\t\t\t<\/div>","protected":false},"excerpt":{"rendered":"<p>Privatumo politika Svetain\u0117 https:\/\/labubuveikals.lv priklauso Digital Family MB, kuri yra atsakinga u\u017e j\u016bs\u0173 asmens duomen\u0173 tvarkym\u0105. Mes pareng\u0117me \u0161i\u0105 privatumo politik\u0105, kad paai\u0161kintume, kaip tvarkome j\u016bs\u0173 duomenis, surinktus apsilankius https:\/\/labubuveikals.lv, ir kod\u0117l b\u016btina rinkti tam tikrus asmens duomenis. Pra\u0161ome atid\u017eiai perskaityti \u0161i\u0105 privatumo politik\u0105 prie\u0161 naudodamiesi svetaine. Mes r\u016bpinam\u0117s j\u016bs\u0173 asmens duomenimis ir \u012fsipareigojame u\u017etikrinti [&hellip;]<\/p>","protected":false},"author":1,"featured_media":0,"parent":0,"menu_order":0,"comment_status":"closed","ping_status":"closed","template":"","meta":{"_acf_changed":false,"footnotes":""},"class_list":["post-3","page","type-page","status-publish","hentry"],"acf":[],"_links":{"self":[{"href":"https:\/\/labubuveikals.lv\/lv\/wp-json\/wp\/v2\/pages\/3","targetHints":{"allow":["GET"]}}],"collection":[{"href":"https:\/\/labubuveikals.lv\/lv\/wp-json\/wp\/v2\/pages"}],"about":[{"href":"https:\/\/labubuveikals.lv\/lv\/wp-json\/wp\/v2\/types\/page"}],"author":[{"embeddable":true,"href":"https:\/\/labubuveikals.lv\/lv\/wp-json\/wp\/v2\/users\/1"}],"replies":[{"embeddable":true,"href":"https:\/\/labubuveikals.lv\/lv\/wp-json\/wp\/v2\/comments?post=3"}],"version-history":[{"count":9,"href":"https:\/\/labubuveikals.lv\/lv\/wp-json\/wp\/v2\/pages\/3\/revisions"}],"predecessor-version":[{"id":6689,"href":"https:\/\/labubuveikals.lv\/lv\/wp-json\/wp\/v2\/pages\/3\/revisions\/6689"}],"wp:attachment":[{"href":"https:\/\/labubuveikals.lv\/lv\/wp-json\/wp\/v2\/media?parent=3"}],"curies":[{"name":"wp","href":"https:\/\/api.w.org\/{rel}","templated":true}]}}