{"id":5366,"date":"2025-07-11T15:49:01","date_gmt":"2025-07-11T15:49:01","guid":{"rendered":"https:\/\/labubuveikals.lv\/?post_type=product&#038;p=5366"},"modified":"2025-08-07T20:39:07","modified_gmt":"2025-08-07T20:39:07","slug":"labas-gribas-baltie-sparni","status":"publish","type":"product","link":"https:\/\/labubuveikals.lv\/lv\/produkts\/labas-gribas-baltie-sparni\/","title":{"rendered":"Balto sp\u0101rnu sp\u0101rni Labubu sp\u0101rni"},"content":{"rendered":"","protected":false},"excerpt":{"rendered":"","protected":false},"featured_media":5369,"comment_status":"closed","ping_status":"closed","template":"","meta":{"_acf_changed":false},"product_cat":[274],"product_tag":[],"class_list":{"0":"post-5366","1":"product","2":"type-product","3":"status-publish","4":"has-post-thumbnail","6":"product_cat-labubu-rubeliai","8":"first","9":"instock","10":"shipping-taxable","11":"purchasable","12":"product-type-simple","swatches":"rey-swatches","show_selected":""},"acf":[],"_links":{"self":[{"href":"https:\/\/labubuveikals.lv\/lv\/wp-json\/wp\/v2\/product\/5366","targetHints":{"allow":["GET"]}}],"collection":[{"href":"https:\/\/labubuveikals.lv\/lv\/wp-json\/wp\/v2\/product"}],"about":[{"href":"https:\/\/labubuveikals.lv\/lv\/wp-json\/wp\/v2\/types\/product"}],"replies":[{"embeddable":true,"href":"https:\/\/labubuveikals.lv\/lv\/wp-json\/wp\/v2\/comments?post=5366"}],"version-history":[{"count":3,"href":"https:\/\/labubuveikals.lv\/lv\/wp-json\/wp\/v2\/product\/5366\/revisions"}],"predecessor-version":[{"id":7012,"href":"https:\/\/labubuveikals.lv\/lv\/wp-json\/wp\/v2\/product\/5366\/revisions\/7012"}],"wp:featuredmedia":[{"embeddable":true,"href":"https:\/\/labubuveikals.lv\/lv\/wp-json\/wp\/v2\/media\/5369"}],"wp:attachment":[{"href":"https:\/\/labubuveikals.lv\/lv\/wp-json\/wp\/v2\/media?parent=5366"}],"wp:term":[{"taxonomy":"product_cat","embeddable":true,"href":"https:\/\/labubuveikals.lv\/lv\/wp-json\/wp\/v2\/product_cat?post=5366"},{"taxonomy":"product_tag","embeddable":true,"href":"https:\/\/labubuveikals.lv\/lv\/wp-json\/wp\/v2\/product_tag?post=5366"}],"curies":[{"name":"wp","href":"https:\/\/api.w.org\/{rel}","templated":true}]}}