{"id":5482,"date":"2025-07-11T17:43:17","date_gmt":"2025-07-11T17:43:17","guid":{"rendered":"https:\/\/labubuveikals.lv\/?post_type=product&#038;p=5482"},"modified":"2025-08-07T18:21:14","modified_gmt":"2025-08-07T18:21:14","slug":"labubu-elniuko-apranga","status":"publish","type":"product","link":"https:\/\/labubuveikals.lv\/lv\/produkts\/labubu-elniuko-apranga\/","title":{"rendered":"Labubu brie\u017eu ap\u0123\u0113rbs 51"},"content":{"rendered":"","protected":false},"excerpt":{"rendered":"","protected":false},"featured_media":5483,"comment_status":"closed","ping_status":"closed","template":"","meta":{"_acf_changed":false},"product_cat":[274],"product_tag":[],"class_list":{"0":"post-5482","1":"product","2":"type-product","3":"status-publish","4":"has-post-thumbnail","6":"product_cat-labubu-rubeliai","8":"first","9":"instock","10":"shipping-taxable","11":"purchasable","12":"product-type-simple","swatches":"rey-swatches","show_selected":""},"acf":[],"_links":{"self":[{"href":"https:\/\/labubuveikals.lv\/lv\/wp-json\/wp\/v2\/product\/5482","targetHints":{"allow":["GET"]}}],"collection":[{"href":"https:\/\/labubuveikals.lv\/lv\/wp-json\/wp\/v2\/product"}],"about":[{"href":"https:\/\/labubuveikals.lv\/lv\/wp-json\/wp\/v2\/types\/product"}],"replies":[{"embeddable":true,"href":"https:\/\/labubuveikals.lv\/lv\/wp-json\/wp\/v2\/comments?post=5482"}],"version-history":[{"count":2,"href":"https:\/\/labubuveikals.lv\/lv\/wp-json\/wp\/v2\/product\/5482\/revisions"}],"predecessor-version":[{"id":6918,"href":"https:\/\/labubuveikals.lv\/lv\/wp-json\/wp\/v2\/product\/5482\/revisions\/6918"}],"wp:featuredmedia":[{"embeddable":true,"href":"https:\/\/labubuveikals.lv\/lv\/wp-json\/wp\/v2\/media\/5483"}],"wp:attachment":[{"href":"https:\/\/labubuveikals.lv\/lv\/wp-json\/wp\/v2\/media?parent=5482"}],"wp:term":[{"taxonomy":"product_cat","embeddable":true,"href":"https:\/\/labubuveikals.lv\/lv\/wp-json\/wp\/v2\/product_cat?post=5482"},{"taxonomy":"product_tag","embeddable":true,"href":"https:\/\/labubuveikals.lv\/lv\/wp-json\/wp\/v2\/product_tag?post=5482"}],"curies":[{"name":"wp","href":"https:\/\/api.w.org\/{rel}","templated":true}]}}