{"id":5673,"date":"2025-07-11T23:08:54","date_gmt":"2025-07-11T23:08:54","guid":{"rendered":"https:\/\/labubuveikals.lv\/?post_type=product&#038;p=5673"},"modified":"2025-07-11T23:18:09","modified_gmt":"2025-07-11T23:18:09","slug":"labubu-lets-checkmate-kolekcine-lele-su-sirdele","status":"publish","type":"product","link":"https:\/\/labubuveikals.lv\/lv\/produkts\/labubu-lets-checkmate-kolekcine-lele-su-sirdele\/","title":{"rendered":"Labubu  Let&#8217;s Checkmate Kolekcin\u0117 L\u0117l\u0117 su \u0161irdele"},"content":{"rendered":"","protected":false},"excerpt":{"rendered":"","protected":false},"featured_media":5674,"comment_status":"closed","ping_status":"closed","template":"","meta":{"_acf_changed":false},"product_cat":[15],"product_tag":[],"class_list":{"0":"post-5673","1":"product","2":"type-product","3":"status-publish","4":"has-post-thumbnail","6":"product_cat-uncategorized","8":"first","9":"instock","10":"shipping-taxable","11":"purchasable","12":"product-type-simple","swatches":"rey-swatches","show_selected":""},"acf":[],"_links":{"self":[{"href":"https:\/\/labubuveikals.lv\/lv\/wp-json\/wp\/v2\/product\/5673","targetHints":{"allow":["GET"]}}],"collection":[{"href":"https:\/\/labubuveikals.lv\/lv\/wp-json\/wp\/v2\/product"}],"about":[{"href":"https:\/\/labubuveikals.lv\/lv\/wp-json\/wp\/v2\/types\/product"}],"replies":[{"embeddable":true,"href":"https:\/\/labubuveikals.lv\/lv\/wp-json\/wp\/v2\/comments?post=5673"}],"version-history":[{"count":1,"href":"https:\/\/labubuveikals.lv\/lv\/wp-json\/wp\/v2\/product\/5673\/revisions"}],"predecessor-version":[{"id":5685,"href":"https:\/\/labubuveikals.lv\/lv\/wp-json\/wp\/v2\/product\/5673\/revisions\/5685"}],"wp:featuredmedia":[{"embeddable":true,"href":"https:\/\/labubuveikals.lv\/lv\/wp-json\/wp\/v2\/media\/5674"}],"wp:attachment":[{"href":"https:\/\/labubuveikals.lv\/lv\/wp-json\/wp\/v2\/media?parent=5673"}],"wp:term":[{"taxonomy":"product_cat","embeddable":true,"href":"https:\/\/labubuveikals.lv\/lv\/wp-json\/wp\/v2\/product_cat?post=5673"},{"taxonomy":"product_tag","embeddable":true,"href":"https:\/\/labubuveikals.lv\/lv\/wp-json\/wp\/v2\/product_tag?post=5673"}],"curies":[{"name":"wp","href":"https:\/\/api.w.org\/{rel}","templated":true}]}}