{"id":5703,"date":"2025-07-11T23:18:21","date_gmt":"2025-07-11T23:18:21","guid":{"rendered":"https:\/\/labubuveikals.lv\/?post_type=product&#038;p=5703"},"modified":"2025-07-11T23:20:41","modified_gmt":"2025-07-11T23:20:41","slug":"labubu-400-tony-chopper-kolekcine-lele","status":"publish","type":"product","link":"https:\/\/labubuveikals.lv\/lv\/produkts\/labubu-400-tony-chopper-kolekcine-lele\/","title":{"rendered":"Labubu 400% Tony Chopper Kolekcin\u0117 L\u0117l\u0117"},"content":{"rendered":"","protected":false},"excerpt":{"rendered":"","protected":false},"featured_media":5686,"comment_status":"closed","ping_status":"closed","template":"","meta":{"_acf_changed":false},"product_cat":[15],"product_tag":[],"class_list":{"0":"post-5703","1":"product","2":"type-product","3":"status-publish","4":"has-post-thumbnail","6":"product_cat-uncategorized","8":"first","9":"outofstock","10":"shipping-taxable","11":"purchasable","12":"product-type-simple","swatches":"rey-swatches","show_selected":""},"acf":[],"_links":{"self":[{"href":"https:\/\/labubuveikals.lv\/lv\/wp-json\/wp\/v2\/product\/5703","targetHints":{"allow":["GET"]}}],"collection":[{"href":"https:\/\/labubuveikals.lv\/lv\/wp-json\/wp\/v2\/product"}],"about":[{"href":"https:\/\/labubuveikals.lv\/lv\/wp-json\/wp\/v2\/types\/product"}],"replies":[{"embeddable":true,"href":"https:\/\/labubuveikals.lv\/lv\/wp-json\/wp\/v2\/comments?post=5703"}],"version-history":[{"count":1,"href":"https:\/\/labubuveikals.lv\/lv\/wp-json\/wp\/v2\/product\/5703\/revisions"}],"predecessor-version":[{"id":5704,"href":"https:\/\/labubuveikals.lv\/lv\/wp-json\/wp\/v2\/product\/5703\/revisions\/5704"}],"wp:featuredmedia":[{"embeddable":true,"href":"https:\/\/labubuveikals.lv\/lv\/wp-json\/wp\/v2\/media\/5686"}],"wp:attachment":[{"href":"https:\/\/labubuveikals.lv\/lv\/wp-json\/wp\/v2\/media?parent=5703"}],"wp:term":[{"taxonomy":"product_cat","embeddable":true,"href":"https:\/\/labubuveikals.lv\/lv\/wp-json\/wp\/v2\/product_cat?post=5703"},{"taxonomy":"product_tag","embeddable":true,"href":"https:\/\/labubuveikals.lv\/lv\/wp-json\/wp\/v2\/product_tag?post=5703"}],"curies":[{"name":"wp","href":"https:\/\/api.w.org\/{rel}","templated":true}]}}