{"id":5932,"date":"2025-07-12T23:09:40","date_gmt":"2025-07-12T23:09:40","guid":{"rendered":"https:\/\/labubuveikals.lv\/?post_type=product&#038;p=5932"},"modified":"2025-08-04T14:58:47","modified_gmt":"2025-08-04T14:58:47","slug":"labubu-exciting-macarons-lychee-berry-kolekcine-lele-pakabukas","status":"publish","type":"product","link":"https:\/\/labubuveikals.lv\/lv\/produkts\/labubu-exciting-macarons-lychee-berry-kolekcine-lele-pakabukas\/","title":{"rendered":"Labubu Aizraujo\u0161i makaroni, Li\u010d\u012b ogu kolekcion\u0101ra lelle, kulons"},"content":{"rendered":"","protected":false},"excerpt":{"rendered":"","protected":false},"featured_media":5925,"comment_status":"closed","ping_status":"closed","template":"","meta":{"_acf_changed":false},"product_cat":[271],"product_tag":[],"class_list":{"0":"post-5932","1":"product","2":"type-product","3":"status-publish","4":"has-post-thumbnail","6":"product_cat-exciting-macarons","8":"first","9":"instock","10":"shipping-taxable","11":"purchasable","12":"product-type-simple","swatches":"rey-swatches","show_selected":""},"acf":[],"_links":{"self":[{"href":"https:\/\/labubuveikals.lv\/lv\/wp-json\/wp\/v2\/product\/5932","targetHints":{"allow":["GET"]}}],"collection":[{"href":"https:\/\/labubuveikals.lv\/lv\/wp-json\/wp\/v2\/product"}],"about":[{"href":"https:\/\/labubuveikals.lv\/lv\/wp-json\/wp\/v2\/types\/product"}],"replies":[{"embeddable":true,"href":"https:\/\/labubuveikals.lv\/lv\/wp-json\/wp\/v2\/comments?post=5932"}],"version-history":[{"count":3,"href":"https:\/\/labubuveikals.lv\/lv\/wp-json\/wp\/v2\/product\/5932\/revisions"}],"predecessor-version":[{"id":5953,"href":"https:\/\/labubuveikals.lv\/lv\/wp-json\/wp\/v2\/product\/5932\/revisions\/5953"}],"wp:featuredmedia":[{"embeddable":true,"href":"https:\/\/labubuveikals.lv\/lv\/wp-json\/wp\/v2\/media\/5925"}],"wp:attachment":[{"href":"https:\/\/labubuveikals.lv\/lv\/wp-json\/wp\/v2\/media?parent=5932"}],"wp:term":[{"taxonomy":"product_cat","embeddable":true,"href":"https:\/\/labubuveikals.lv\/lv\/wp-json\/wp\/v2\/product_cat?post=5932"},{"taxonomy":"product_tag","embeddable":true,"href":"https:\/\/labubuveikals.lv\/lv\/wp-json\/wp\/v2\/product_tag?post=5932"}],"curies":[{"name":"wp","href":"https:\/\/api.w.org\/{rel}","templated":true}]}}