{"id":6537,"date":"2025-07-19T21:15:14","date_gmt":"2025-07-19T21:15:14","guid":{"rendered":"https:\/\/labubuveikals.lv\/?post_type=product&#038;p=6537"},"modified":"2025-08-05T13:23:34","modified_gmt":"2025-08-05T13:23:34","slug":"labubu-permatomas-apsauginis-deklas-have-a-seat","status":"publish","type":"product","link":"https:\/\/labubuveikals.lv\/lv\/produkts\/labubu-permatomas-apsauginis-deklas-have-a-seat\/","title":{"rendered":"Labubu Caursp\u012bd\u012bgs aizsargv\u0101ci\u0146\u0161 (s\u0113d\u0113t)"},"content":{"rendered":"","protected":false},"excerpt":{"rendered":"","protected":false},"featured_media":6530,"comment_status":"closed","ping_status":"closed","template":"","meta":{"_acf_changed":false},"product_cat":[294,274],"product_tag":[],"class_list":{"0":"post-6537","1":"product","2":"type-product","3":"status-publish","4":"has-post-thumbnail","6":"product_cat-labubu-aksesuarai","7":"product_cat-labubu-rubeliai","9":"first","10":"instock","11":"shipping-taxable","12":"purchasable","13":"product-type-simple","swatches":"rey-swatches","show_selected":""},"acf":[],"_links":{"self":[{"href":"https:\/\/labubuveikals.lv\/lv\/wp-json\/wp\/v2\/product\/6537","targetHints":{"allow":["GET"]}}],"collection":[{"href":"https:\/\/labubuveikals.lv\/lv\/wp-json\/wp\/v2\/product"}],"about":[{"href":"https:\/\/labubuveikals.lv\/lv\/wp-json\/wp\/v2\/types\/product"}],"replies":[{"embeddable":true,"href":"https:\/\/labubuveikals.lv\/lv\/wp-json\/wp\/v2\/comments?post=6537"}],"version-history":[{"count":1,"href":"https:\/\/labubuveikals.lv\/lv\/wp-json\/wp\/v2\/product\/6537\/revisions"}],"predecessor-version":[{"id":6538,"href":"https:\/\/labubuveikals.lv\/lv\/wp-json\/wp\/v2\/product\/6537\/revisions\/6538"}],"wp:featuredmedia":[{"embeddable":true,"href":"https:\/\/labubuveikals.lv\/lv\/wp-json\/wp\/v2\/media\/6530"}],"wp:attachment":[{"href":"https:\/\/labubuveikals.lv\/lv\/wp-json\/wp\/v2\/media?parent=6537"}],"wp:term":[{"taxonomy":"product_cat","embeddable":true,"href":"https:\/\/labubuveikals.lv\/lv\/wp-json\/wp\/v2\/product_cat?post=6537"},{"taxonomy":"product_tag","embeddable":true,"href":"https:\/\/labubuveikals.lv\/lv\/wp-json\/wp\/v2\/product_tag?post=6537"}],"curies":[{"name":"wp","href":"https:\/\/api.w.org\/{rel}","templated":true}]}}