{"id":6548,"date":"2025-07-19T21:23:53","date_gmt":"2025-07-19T21:23:53","guid":{"rendered":"https:\/\/labubuveikals.lv\/?post_type=product&#038;p=6548"},"modified":"2025-08-11T10:30:23","modified_gmt":"2025-08-11T10:30:23","slug":"labubu-permatoma-apsaugine-kuprine-deklas-juoda","status":"publish","type":"product","link":"https:\/\/labubuveikals.lv\/lv\/produkts\/labubu-permatoma-apsaugine-kuprine-deklas-juoda\/","title":{"rendered":"Labubu Caursp\u012bd\u012bgs aizsargv\u0101ci\u0146\u0161 mugursomai, melns"},"content":{"rendered":"","protected":false},"excerpt":{"rendered":"","protected":false},"featured_media":6545,"comment_status":"closed","ping_status":"closed","template":"","meta":{"_acf_changed":false},"product_cat":[294,274],"product_tag":[],"class_list":{"0":"post-6548","1":"product","2":"type-product","3":"status-publish","4":"has-post-thumbnail","6":"product_cat-labubu-aksesuarai","7":"product_cat-labubu-rubeliai","9":"first","10":"outofstock","11":"shipping-taxable","12":"purchasable","13":"product-type-simple","swatches":"rey-swatches","show_selected":""},"acf":[],"_links":{"self":[{"href":"https:\/\/labubuveikals.lv\/lv\/wp-json\/wp\/v2\/product\/6548","targetHints":{"allow":["GET"]}}],"collection":[{"href":"https:\/\/labubuveikals.lv\/lv\/wp-json\/wp\/v2\/product"}],"about":[{"href":"https:\/\/labubuveikals.lv\/lv\/wp-json\/wp\/v2\/types\/product"}],"replies":[{"embeddable":true,"href":"https:\/\/labubuveikals.lv\/lv\/wp-json\/wp\/v2\/comments?post=6548"}],"version-history":[{"count":2,"href":"https:\/\/labubuveikals.lv\/lv\/wp-json\/wp\/v2\/product\/6548\/revisions"}],"predecessor-version":[{"id":6550,"href":"https:\/\/labubuveikals.lv\/lv\/wp-json\/wp\/v2\/product\/6548\/revisions\/6550"}],"wp:featuredmedia":[{"embeddable":true,"href":"https:\/\/labubuveikals.lv\/lv\/wp-json\/wp\/v2\/media\/6545"}],"wp:attachment":[{"href":"https:\/\/labubuveikals.lv\/lv\/wp-json\/wp\/v2\/media?parent=6548"}],"wp:term":[{"taxonomy":"product_cat","embeddable":true,"href":"https:\/\/labubuveikals.lv\/lv\/wp-json\/wp\/v2\/product_cat?post=6548"},{"taxonomy":"product_tag","embeddable":true,"href":"https:\/\/labubuveikals.lv\/lv\/wp-json\/wp\/v2\/product_tag?post=6548"}],"curies":[{"name":"wp","href":"https:\/\/api.w.org\/{rel}","templated":true}]}}